{"id":9677,"date":"2026-03-27T21:44:42","date_gmt":"2026-03-27T20:44:42","guid":{"rendered":"https:\/\/bigbuy.tupique.com\/produto\/cooling-beer-dispenser-hkoenig-65-w\/"},"modified":"2026-04-16T18:21:39","modified_gmt":"2026-04-16T17:21:39","slug":"cooling-beer-dispenser-hkoenig-65-w","status":"publish","type":"product","link":"https:\/\/bigbuy.tupique.com\/pt\/produto\/cooling-beer-dispenser-hkoenig-65-w\/","title":{"rendered":"Distributeur de Bi\u00e8re R\u00e9frig\u00e9rant Hkoenig 65 W"},"content":{"rendered":"<p>L&#8217;amusement est assur\u00e9 pour l&#8217;\u00e9t\u00e9, avec ces propositions qui plairont aux petits et aux grands ! Achetez <b>Distributeur de Bi\u00e8re R\u00e9frig\u00e9rant Hkoenig 65 W<\/b> et profitez de votre temps libre !<\/p>\n<p>Le <b>distributeur de bi\u00e8re r\u00e9frig\u00e9rant<\/b> HKoenig BW1688 est un appareil con\u00e7u pour r\u00e9pondre aux besoins des amateurs comme des professionnels souhaitant servir une bi\u00e8re fra\u00eeche et bien conserv\u00e9e. Ce mod\u00e8le pr\u00e9sente une combinaison \u00e9l\u00e9gante en <b>noir et gris<\/b> qui s\u2019int\u00e8gre facilement dans divers environnements, des foyers aux bars et \u00e9v\u00e9nements. Construit en <b>acier inoxydable<\/b>, il garantit durabilit\u00e9 et r\u00e9sistance \u00e0 la corrosion, essentiels pour un appareil manipulant des liquides et expos\u00e9 \u00e0 l\u2019ext\u00e9rieur. Sa <b>capacit\u00e9 de 6 litres<\/b> permet de servir un volume important de bi\u00e8re sans interruptions fr\u00e9quentes, facilitant son usage lors de r\u00e9unions ou en cas de demande continue. Avec une consommation \u00e9nerg\u00e9tique de <b>65 W<\/b> et des dimensions compactes de <b>29 cm<\/b>, ce syst\u00e8me est efficace en espace et en \u00e9nergie, assurant un refroidissement optimal qui maintient la boisson \u00e0 sa temp\u00e9rature id\u00e9ale de service. La facilit\u00e9 d\u2019utilisation du robinet et son design robuste permettent de distribuer la bi\u00e8re en douceur, pr\u00e9servant saveur et qualit\u00e9 d\u2019origine. En r\u00e9sum\u00e9, le HKoenig BW1688 allie fonctionnalit\u00e9, capacit\u00e9 et esth\u00e9tique, se positionnant comme une solution pratique et efficace pour ceux qui appr\u00e9cient une bi\u00e8re bien servie et parfaitement r\u00e9frig\u00e9r\u00e9e en toute occasion.<\/p>\n<ul>\n<li>puissance: 65 W<\/li>\n<li>Couleur: Noir<\/li>\n<li>Mat\u00e9riel: Acier inoxydable<\/li>\n<\/ul>","protected":false},"excerpt":{"rendered":"<p><span class=\"unit-info\">55.6650 &euro; \/ 1 l<\/span><\/p>","protected":false},"featured_media":191103,"comment_status":"open","ping_status":"closed","template":"","meta":[],"product_brand":[288],"product_cat":[60,237,224],"product_tag":[59],"class_list":{"0":"post-9677","1":"product","2":"type-product","3":"status-publish","4":"has-post-thumbnail","6":"product_brand-brandp_5611","7":"product_cat-cuisine-gourmet","8":"product_cat-tire-bouchons-ouvre-boites-et-ouvre-bouteilles","9":"product_cat-ustensiles-et-accessoires-de-cuisine","10":"product_tag-tag_1304","12":"first","13":"instock","14":"taxable","15":"shipping-taxable","16":"purchasable","17":"product-type-simple"},"_links":{"self":[{"href":"https:\/\/bigbuy.tupique.com\/pt\/wp-json\/wp\/v2\/product\/9677","targetHints":{"allow":["GET"]}}],"collection":[{"href":"https:\/\/bigbuy.tupique.com\/pt\/wp-json\/wp\/v2\/product"}],"about":[{"href":"https:\/\/bigbuy.tupique.com\/pt\/wp-json\/wp\/v2\/types\/product"}],"replies":[{"embeddable":true,"href":"https:\/\/bigbuy.tupique.com\/pt\/wp-json\/wp\/v2\/comments?post=9677"}],"wp:featuredmedia":[{"embeddable":true,"href":"https:\/\/bigbuy.tupique.com\/pt\/wp-json\/wp\/v2\/media\/191103"}],"wp:attachment":[{"href":"https:\/\/bigbuy.tupique.com\/pt\/wp-json\/wp\/v2\/media?parent=9677"}],"wp:term":[{"taxonomy":"product_brand","embeddable":true,"href":"https:\/\/bigbuy.tupique.com\/pt\/wp-json\/wp\/v2\/product_brand?post=9677"},{"taxonomy":"product_cat","embeddable":true,"href":"https:\/\/bigbuy.tupique.com\/pt\/wp-json\/wp\/v2\/product_cat?post=9677"},{"taxonomy":"product_tag","embeddable":true,"href":"https:\/\/bigbuy.tupique.com\/pt\/wp-json\/wp\/v2\/product_tag?post=9677"}],"curies":[{"name":"wp","href":"https:\/\/api.w.org\/{rel}","templated":true}]}}