{"id":9051,"date":"2026-03-27T21:10:22","date_gmt":"2026-03-27T20:10:22","guid":{"rendered":"https:\/\/bigbuy.tupique.com\/produto\/ice-cream-maker-severin-ez7405-multicolour-stainless-steel\/"},"modified":"2026-04-16T21:15:32","modified_gmt":"2026-04-16T20:15:32","slug":"ice-cream-maker-severin-ez7405-multicolour-stainless-steel","status":"publish","type":"product","link":"https:\/\/bigbuy.tupique.com\/pt\/produto\/ice-cream-maker-severin-ez7405-multicolour-stainless-steel\/","title":{"rendered":"Sorbeti\u00e8re Severin EZ7405 Multicouleur Acier inoxydable"},"content":{"rendered":"<p>Si vous recherchez des \u00e9lectrom\u00e9nagers pour votre maison aux meilleurs prix, ne manquez pas <b>Sorbeti\u00e8re Severin EZ7405<\/b> et une large s\u00e9lection de petits \u00e9lectrom\u00e9nagers de qualit\u00e9 !<\/p>\n<ul>\n<li>Couleur: Multicouleur<\/li>\n<li>Mat\u00e9riel: Acier inoxydable<\/li>\n<li>Capacit\u00e9: 2 L<\/li>\n<\/ul>","protected":false},"excerpt":{"rendered":"<p><span class=\"unit-info\">170.9950 &euro; \/ 1 l<\/span><\/p>","protected":false},"featured_media":16142,"comment_status":"open","ping_status":"closed","template":"","meta":[],"product_brand":[295],"product_cat":[60,254,246],"product_tag":[55,59,56],"class_list":{"0":"post-9051","1":"product","2":"type-product","3":"status-publish","4":"has-post-thumbnail","6":"product_brand-brandp_3450","7":"product_cat-cuisine-gourmet","8":"product_cat-machines-a-glaces-et-yaourts","9":"product_cat-patisserie","10":"product_tag-tag_926","11":"product_tag-tag_1304","12":"product_tag-tag_930","14":"first","15":"instock","16":"taxable","17":"shipping-taxable","18":"purchasable","19":"product-type-simple"},"_links":{"self":[{"href":"https:\/\/bigbuy.tupique.com\/pt\/wp-json\/wp\/v2\/product\/9051","targetHints":{"allow":["GET"]}}],"collection":[{"href":"https:\/\/bigbuy.tupique.com\/pt\/wp-json\/wp\/v2\/product"}],"about":[{"href":"https:\/\/bigbuy.tupique.com\/pt\/wp-json\/wp\/v2\/types\/product"}],"replies":[{"embeddable":true,"href":"https:\/\/bigbuy.tupique.com\/pt\/wp-json\/wp\/v2\/comments?post=9051"}],"wp:featuredmedia":[{"embeddable":true,"href":"https:\/\/bigbuy.tupique.com\/pt\/wp-json\/wp\/v2\/media\/16142"}],"wp:attachment":[{"href":"https:\/\/bigbuy.tupique.com\/pt\/wp-json\/wp\/v2\/media?parent=9051"}],"wp:term":[{"taxonomy":"product_brand","embeddable":true,"href":"https:\/\/bigbuy.tupique.com\/pt\/wp-json\/wp\/v2\/product_brand?post=9051"},{"taxonomy":"product_cat","embeddable":true,"href":"https:\/\/bigbuy.tupique.com\/pt\/wp-json\/wp\/v2\/product_cat?post=9051"},{"taxonomy":"product_tag","embeddable":true,"href":"https:\/\/bigbuy.tupique.com\/pt\/wp-json\/wp\/v2\/product_tag?post=9051"}],"curies":[{"name":"wp","href":"https:\/\/api.w.org\/{rel}","templated":true}]}}