{"id":84990,"date":"2026-04-03T04:41:05","date_gmt":"2026-04-03T03:41:05","guid":{"rendered":"https:\/\/bigbuy.tupique.com\/produto\/washing-machine-aeg-lfr8504l6q-60-cm-1400-rpm-11-kg\/"},"modified":"2026-04-15T03:34:31","modified_gmt":"2026-04-15T02:34:31","slug":"washing-machine-aeg-lfr8504l6q-60-cm-1400-rpm-11-kg","status":"publish","type":"product","link":"https:\/\/bigbuy.tupique.com\/pt\/produto\/washing-machine-aeg-lfr8504l6q-60-cm-1400-rpm-11-kg\/","title":{"rendered":"Machine \u00e0 laver AEG LFR8504L6Q 60 cm 1400 rpm 11 Kg"},"content":{"rendered":"<p>Si vous recherchez des \u00e9lectrom\u00e9nagers pour votre maison aux meilleurs prix, ne manquez pas <b>Machine \u00e0 laver AEG LFR8504L6Q 60 cm 1400 rpm 11 Kg<\/b> et une large s\u00e9lection de petits \u00e9lectrom\u00e9nagers de qualit\u00e9 !<\/p>\n<p>La <b>lave-linge AEG LFR8504L6Q<\/b> est un appareil performant con\u00e7u pour offrir un lavage efficace \u00e0 chaque cycle. Avec une <b>capacit\u00e9 de charge de 11 kg<\/b>, ce lave-linge \u00e0 <b>chargement frontal<\/b> permet de traiter de grandes quantit\u00e9s de linge, id\u00e9al pour les familles ou les utilisateurs ayant des besoins importants. Sa <b>classe \u00e9nerg\u00e9tique A<\/b> garantit une consommation d\u2019\u00e9lectricit\u00e9 responsable et efficace, contribuant \u00e0 un usage plus durable sans sacrifier la puissance. Il offre jusqu\u2019\u00e0 <b>1400 tours par minute en essorage<\/b>, assurant un fort niveau d\u2019extraction d\u2019humidit\u00e9 et r\u00e9duisant le temps de s\u00e9chage. Le niveau sonore en essorage est de <b>72 d\u00e9cibels<\/b>, ce qui correspond \u00e0 un fonctionnement relativement silencieux pour cette cat\u00e9gorie. Ce mod\u00e8le propose plusieurs programmes adapt\u00e9s \u00e0 diff\u00e9rents tissus et besoins, incluant <b>coton, d\u00e9licat ou soie, cycle \u00e9co, programme vapeur, laine, entre autres<\/b>, apportant polyvalence et soin sp\u00e9cifique \u00e0 chaque type de v\u00eatement. Il int\u00e8gre un <b>\u00e9cran facilitant la s\u00e9lection et le contr\u00f4le des programmes<\/b>, ainsi qu\u2019un syst\u00e8me de <b>verrouillage enfant<\/b> pour plus de s\u00e9curit\u00e9. C\u00f4t\u00e9 design, il combine des finitions en <b>blanc et noir<\/b>, avec des dimensions standards d\u2019environ <b>60 cm de largeur<\/b>, s\u2019adaptant ais\u00e9ment aux espaces domestiques courants. Sa technologie avanc\u00e9e et ses options en font un choix pratique et technique, adapt\u00e9 tant aux environnements r\u00e9sidentiels exigeants qu\u2019aux utilisateurs soucieux d\u2019efficacit\u00e9 \u00e9nerg\u00e9tique et de vari\u00e9t\u00e9 dans les cycles de lavage. En r\u00e9sum\u00e9, la AEG LFR8504L6Q repr\u00e9sente une solution \u00e9quilibr\u00e9e entre capacit\u00e9, efficacit\u00e9 et fonctionnalit\u00e9 pour l\u2019entretien quotidien du linge.<\/p>\n<ul>\n<li>Type d&#8217;installation:\n<ul>\n<li>Sous le plan de travail<\/li>\n<li>Ind\u00e9pendant<\/li>\n<\/ul>\n<\/li>\n<li>Produit \u00e0 brancher: Oui<\/li>\n<li>Langue: Espagnol<\/li>\n<li>Type de prise: Prise EU<\/li>\n<li>Bloc d\u2019Alimentation: r\u00e9seau \u00e9lectrique<\/li>\n<li>Couleur:\n<ul>\n<li>Blanc<\/li>\n<li>Noir<\/li>\n<\/ul>\n<\/li>\n<li>Largeur: 60 cm<\/li>\n<li>Caract\u00e9ristiques:\n<ul>\n<li>Verrouillage pour enfants<\/li>\n<li>\u00c9cran integr\u00e9<\/li>\n<\/ul>\n<\/li>\n<li>Classification \u00e9nerg\u00e9tique: A<\/li>\n<li>vitesse: 1400 rpm<\/li>\n<li>Type de charge: Frontal<\/li>\n<li>Niveau sonore: 72 dB<\/li>\n<li>Capacit\u00e9: 11 Kg<\/li>\n<\/ul>","protected":false},"excerpt":{"rendered":"<p><span class=\"unit-info\">106.1809 &euro; \/ 1 kg<\/span><\/p>","protected":false},"featured_media":84988,"comment_status":"open","ping_status":"closed","template":"","meta":[],"product_brand":[1386],"product_cat":[239,240,751],"product_tag":[],"class_list":{"0":"post-84990","1":"product","2":"type-product","3":"status-publish","4":"has-post-thumbnail","6":"product_brand-brandp_679","7":"product_cat-maison-jardin","8":"product_cat-nettoyage-aspirateur-et-repassage","9":"product_cat-seche-linge-fers-a-repasser-sechoirs","11":"first","12":"instock","13":"taxable","14":"shipping-taxable","15":"purchasable","16":"product-type-simple"},"_links":{"self":[{"href":"https:\/\/bigbuy.tupique.com\/pt\/wp-json\/wp\/v2\/product\/84990","targetHints":{"allow":["GET"]}}],"collection":[{"href":"https:\/\/bigbuy.tupique.com\/pt\/wp-json\/wp\/v2\/product"}],"about":[{"href":"https:\/\/bigbuy.tupique.com\/pt\/wp-json\/wp\/v2\/types\/product"}],"replies":[{"embeddable":true,"href":"https:\/\/bigbuy.tupique.com\/pt\/wp-json\/wp\/v2\/comments?post=84990"}],"wp:featuredmedia":[{"embeddable":true,"href":"https:\/\/bigbuy.tupique.com\/pt\/wp-json\/wp\/v2\/media\/84988"}],"wp:attachment":[{"href":"https:\/\/bigbuy.tupique.com\/pt\/wp-json\/wp\/v2\/media?parent=84990"}],"wp:term":[{"taxonomy":"product_brand","embeddable":true,"href":"https:\/\/bigbuy.tupique.com\/pt\/wp-json\/wp\/v2\/product_brand?post=84990"},{"taxonomy":"product_cat","embeddable":true,"href":"https:\/\/bigbuy.tupique.com\/pt\/wp-json\/wp\/v2\/product_cat?post=84990"},{"taxonomy":"product_tag","embeddable":true,"href":"https:\/\/bigbuy.tupique.com\/pt\/wp-json\/wp\/v2\/product_tag?post=84990"}],"curies":[{"name":"wp","href":"https:\/\/api.w.org\/{rel}","templated":true}]}}