{"id":84987,"date":"2026-04-03T04:41:00","date_gmt":"2026-04-03T03:41:00","guid":{"rendered":"https:\/\/bigbuy.tupique.com\/produto\/washer-dryer-aeg-lwr7316o4q-1600-rpm-10-kg-5-kg\/"},"modified":"2026-04-15T03:34:31","modified_gmt":"2026-04-15T02:34:31","slug":"washer-dryer-aeg-lwr7316o4q-1600-rpm-10-kg-5-kg","status":"publish","type":"product","link":"https:\/\/bigbuy.tupique.com\/pt\/produto\/washer-dryer-aeg-lwr7316o4q-1600-rpm-10-kg-5-kg\/","title":{"rendered":"Laveuse &#8211; S\u00e9cheuse AEG LWR7316O4Q 1600 rpm 10 kg 5 kg"},"content":{"rendered":"<p>Si vous pensez r\u00e9nover votre cuisine, achetez <b>Laveuse &#8211; S\u00e9cheuse AEG LWR7316O4Q 1600 rpm 10 kg 5 kg<\/b> et d\u00b4autres <b>produits AEG<\/b> !<\/p>\n<p>La <b>lave-linge s\u00e9chant AEG mod\u00e8le LWR7316O4Q<\/b> allie efficacit\u00e9 et polyvalence pour un soin complet du linge, offrant une capacit\u00e9 de <b>lavage de 10 kg<\/b> et une capacit\u00e9 de <b>s\u00e9chage de 5 kg<\/b>, adapt\u00e9e aux besoins des foyers moyens et grands. Cet appareil dispose d\u2019une <b>vitesse d\u2019essorage maximale de 1600 tr\/min<\/b>, optimisant l\u2019extraction d\u2019eau pour acc\u00e9l\u00e9rer le s\u00e9chage. Il propose plusieurs programmes sp\u00e9cifiques, dont les cycles pour <b>d\u00e9licat\/soie, Eco, laine, rapide, sport, vapeur et rin\u00e7age<\/b>, assurant des traitements personnalis\u00e9s selon les tissus et types de salissures. La <b>classe \u00e9nerg\u00e9tique A en lavage<\/b> garantit une consommation responsable et \u00e9conomique, tandis qu\u2019en mode combin\u00e9 lavage-s\u00e9chage, il affiche une classification D, typique pour cette cat\u00e9gorie multifonction. Il int\u00e8gre un <b>moteur inverter<\/b> qui r\u00e9duit le bruit, augmente la durabilit\u00e9 et am\u00e9liore la performance \u00e9nerg\u00e9tique. Ce mod\u00e8le est disponible en finitions <b>blanc, noir et acier<\/b>, s\u2019adaptant \u00e0 diff\u00e9rents styles et espaces, et dispose d\u2019un <b>\u00e9cran LCD<\/b> facilitant le contr\u00f4le et la s\u00e9lection pr\u00e9cise des programmes. Pour plus de s\u00e9curit\u00e9, il est \u00e9quip\u00e9 d\u2019un syst\u00e8me de <b>verrouillage enfant<\/b> emp\u00eachant toute utilisation accidentelle pendant le fonctionnement. Avec des dimensions standard de <b>60 cm de largeur<\/b>, cette lave-linge s\u00e9chant s\u2019int\u00e8gre facilement dans la plupart des installations domestiques. En r\u00e9sum\u00e9, l\u2019AEG LWR7316O4Q est une solution technique avanc\u00e9e et flexible pour ceux qui recherchent un appareil capable d\u2019offrir un soin efficace et durable du linge, combinant performance, vari\u00e9t\u00e9 de cycles et \u00e9conomie d\u2019\u00e9nergie en un seul \u00e9quipement.<\/p>\n<ul>\n<li>Type d&#8217;installation: Sous le plan de travail<\/li>\n<li>Produit \u00e0 brancher: Oui<\/li>\n<li>Type de prise: Prise EU<\/li>\n<li>Bloc d\u2019Alimentation: r\u00e9seau \u00e9lectrique<\/li>\n<li>Couleur:\n<ul>\n<li>Blanc<\/li>\n<li>Noir<\/li>\n<\/ul>\n<\/li>\n<li>Largeur: 60 cm<\/li>\n<li>Classification \u00e9nerg\u00e9tique:\n<ul>\n<li>A<\/li>\n<li>D<\/li>\n<\/ul>\n<\/li>\n<li>vitesse: 1600 rpm<\/li>\n<li>Capacit\u00e9:\n<ul>\n<li>10 kg<\/li>\n<li>5 kg<\/li>\n<\/ul>\n<\/li>\n<li>Mati\u00e8re: Acier<\/li>\n<\/ul>","protected":false},"excerpt":{"rendered":"<p><span class=\"unit-info\">245.3980 &euro; \/ 1 kg<\/span><\/p>","protected":false},"featured_media":84983,"comment_status":"open","ping_status":"closed","template":"","meta":[],"product_brand":[1386],"product_cat":[239,240,751],"product_tag":[],"class_list":{"0":"post-84987","1":"product","2":"type-product","3":"status-publish","4":"has-post-thumbnail","6":"product_brand-brandp_679","7":"product_cat-maison-jardin","8":"product_cat-nettoyage-aspirateur-et-repassage","9":"product_cat-seche-linge-fers-a-repasser-sechoirs","11":"first","12":"instock","13":"taxable","14":"shipping-taxable","15":"purchasable","16":"product-type-simple"},"_links":{"self":[{"href":"https:\/\/bigbuy.tupique.com\/pt\/wp-json\/wp\/v2\/product\/84987","targetHints":{"allow":["GET"]}}],"collection":[{"href":"https:\/\/bigbuy.tupique.com\/pt\/wp-json\/wp\/v2\/product"}],"about":[{"href":"https:\/\/bigbuy.tupique.com\/pt\/wp-json\/wp\/v2\/types\/product"}],"replies":[{"embeddable":true,"href":"https:\/\/bigbuy.tupique.com\/pt\/wp-json\/wp\/v2\/comments?post=84987"}],"wp:featuredmedia":[{"embeddable":true,"href":"https:\/\/bigbuy.tupique.com\/pt\/wp-json\/wp\/v2\/media\/84983"}],"wp:attachment":[{"href":"https:\/\/bigbuy.tupique.com\/pt\/wp-json\/wp\/v2\/media?parent=84987"}],"wp:term":[{"taxonomy":"product_brand","embeddable":true,"href":"https:\/\/bigbuy.tupique.com\/pt\/wp-json\/wp\/v2\/product_brand?post=84987"},{"taxonomy":"product_cat","embeddable":true,"href":"https:\/\/bigbuy.tupique.com\/pt\/wp-json\/wp\/v2\/product_cat?post=84987"},{"taxonomy":"product_tag","embeddable":true,"href":"https:\/\/bigbuy.tupique.com\/pt\/wp-json\/wp\/v2\/product_tag?post=84987"}],"curies":[{"name":"wp","href":"https:\/\/api.w.org\/{rel}","templated":true}]}}