{"id":84978,"date":"2026-04-03T04:40:42","date_gmt":"2026-04-03T03:40:42","guid":{"rendered":"https:\/\/bigbuy.tupique.com\/produto\/refrigerator-aeg-osf6i82ef-white\/"},"modified":"2026-05-11T19:56:41","modified_gmt":"2026-05-11T17:56:41","slug":"refrigerator-aeg-osf6i82ef-white","status":"publish","type":"product","link":"https:\/\/bigbuy.tupique.com\/pt\/produto\/refrigerator-aeg-osf6i82ef-white\/","title":{"rendered":"R\u00e9frig\u00e9rateur AEG OSF6I82EF Blanc"},"content":{"rendered":"<p>Si vous pensez r\u00e9nover votre cuisine, achetez <b>R\u00e9frig\u00e9rateur AEG OSF6I82EF Blanc<\/b> et d\u00b4autres <b>produits AEG<\/b> !<\/p>\n<p>Le <b>r\u00e9frig\u00e9rateur OSF6I82EF<\/b> de <b>AEG<\/b> est un appareil encastrable con\u00e7u pour optimiser l\u2019espace et offrir une solution pratique et efficace dans les cuisines modernes. Avec des dimensions d\u2019environ <b>82 cm de hauteur et 60 cm de largeur<\/b>, il s\u2019adapte parfaitement aux meubles de cuisine standards, conservant une esth\u00e9tique homog\u00e8ne gr\u00e2ce \u00e0 sa couleur <b>blanche<\/b>, qui apporte une finition propre et lumineuse. Il dispose d\u2019une capacit\u00e9 nette totale de <b>111 litres<\/b>, adapt\u00e9e aux utilisateurs recherchant un r\u00e9frig\u00e9rateur compact sans sacrifier la fonctionnalit\u00e9. Son syst\u00e8me de cong\u00e9lation permet une capacit\u00e9 de cong\u00e9lation de <b>3,1 kg en 24 heures<\/b>, garantissant une bonne conservation des aliments frais et surgel\u00e9s. Ce mod\u00e8le fonctionne sous une tension standard de <b>220 V<\/b> et est \u00e9quip\u00e9 d\u2019un \u00e9clairage interne <b>LED<\/b>, qui am\u00e9liore la visibilit\u00e9 \u00e0 l\u2019int\u00e9rieur tout en consommant peu d\u2019\u00e9nergie. La classe \u00e9nerg\u00e9tique <b>E<\/b> indique une consommation mod\u00e9r\u00e9e conforme aux mod\u00e8les encastrables, orient\u00e9e vers un usage responsable et durable. Il int\u00e8gre \u00e9galement un <b>\u00e9cran digital int\u00e9gr\u00e9<\/b> facilitant le contr\u00f4le de la temp\u00e9rature et d\u2019autres fonctions, offrant plus de confort et de pr\u00e9cision au quotidien. Le design encastrable permet au r\u00e9frig\u00e9rateur de se fondre parfaitement dans le mobilier, maintenant l\u2019uniformit\u00e9 visuelle de la cuisine sans renoncer \u00e0 la technologie et \u00e0 la capacit\u00e9 n\u00e9cessaires pour un stockage efficace des aliments. En r\u00e9sum\u00e9, le <b>r\u00e9frig\u00e9rateur AEG OSF6I82EF<\/b> combine des performances adapt\u00e9es aux espaces compacts, un design discret et une fonctionnalit\u00e9 suffisante pour un usage domestique courant, se positionnant comme une option pratique pour les cuisines int\u00e9gr\u00e9es exigeant qualit\u00e9 et efficacit\u00e9.<\/p>\n<ul>\n<li>Produit \u00e0 brancher: Oui<\/li>\n<li>Type de prise: Prise EU<\/li>\n<li>Type d&#8217;installation: Int\u00e9grable<\/li>\n<li>Bloc d\u2019Alimentation: r\u00e9seau \u00e9lectrique<\/li>\n<li>Couleur: Blanc<\/li>\n<li>Largeur: 60 cm<\/li>\n<li>Caract\u00e9ristiques: Int\u00e9gr\u00e9<\/li>\n<li>Classification \u00e9nerg\u00e9tique: E<\/li>\n<li>\u00c9lev\u00e9: 82 cm<\/li>\n<li>Capacit\u00e9: 111 l<\/li>\n<li>Type: LED<\/li>\n<li>Dimensions approx.: 82 x 60 cm<\/li>\n<li>Tension: 220 V<\/li>\n<li>Portes: 1 porte<\/li>\n<\/ul>","protected":false},"excerpt":{"rendered":"<p><span class=\"unit-info\">7.1801 &euro; \/ 1 l<\/span><\/p>","protected":false},"featured_media":84975,"comment_status":"open","ping_status":"closed","template":"","meta":[],"product_brand":[1386],"product_cat":[60,77,226],"product_tag":[56],"class_list":{"0":"post-84978","1":"product","2":"type-product","3":"status-publish","4":"has-post-thumbnail","6":"product_brand-brandp_679","7":"product_cat-cuisine-gourmet","8":"product_cat-petit-electromenager","9":"product_cat-refrigerateurs-et-congelateurs","10":"product_tag-tag_930","12":"first","13":"instock","14":"taxable","15":"shipping-taxable","16":"purchasable","17":"product-type-simple"},"_links":{"self":[{"href":"https:\/\/bigbuy.tupique.com\/pt\/wp-json\/wp\/v2\/product\/84978","targetHints":{"allow":["GET"]}}],"collection":[{"href":"https:\/\/bigbuy.tupique.com\/pt\/wp-json\/wp\/v2\/product"}],"about":[{"href":"https:\/\/bigbuy.tupique.com\/pt\/wp-json\/wp\/v2\/types\/product"}],"replies":[{"embeddable":true,"href":"https:\/\/bigbuy.tupique.com\/pt\/wp-json\/wp\/v2\/comments?post=84978"}],"wp:featuredmedia":[{"embeddable":true,"href":"https:\/\/bigbuy.tupique.com\/pt\/wp-json\/wp\/v2\/media\/84975"}],"wp:attachment":[{"href":"https:\/\/bigbuy.tupique.com\/pt\/wp-json\/wp\/v2\/media?parent=84978"}],"wp:term":[{"taxonomy":"product_brand","embeddable":true,"href":"https:\/\/bigbuy.tupique.com\/pt\/wp-json\/wp\/v2\/product_brand?post=84978"},{"taxonomy":"product_cat","embeddable":true,"href":"https:\/\/bigbuy.tupique.com\/pt\/wp-json\/wp\/v2\/product_cat?post=84978"},{"taxonomy":"product_tag","embeddable":true,"href":"https:\/\/bigbuy.tupique.com\/pt\/wp-json\/wp\/v2\/product_tag?post=84978"}],"curies":[{"name":"wp","href":"https:\/\/api.w.org\/{rel}","templated":true}]}}