{"id":84747,"date":"2026-04-03T03:48:56","date_gmt":"2026-04-03T02:48:56","guid":{"rendered":"https:\/\/bigbuy.tupique.com\/produto\/smartphone-motorola-razr-60-5g-69-octa-core-8-gb-ram-256-gb-grey\/"},"modified":"2026-05-11T19:55:40","modified_gmt":"2026-05-11T17:55:40","slug":"smartphone-motorola-razr-60-5g-69-octa-core-8-gb-ram-256-gb-grey","status":"publish","type":"product","link":"https:\/\/bigbuy.tupique.com\/pt\/produto\/smartphone-motorola-razr-60-5g-69-octa-core-8-gb-ram-256-gb-grey\/","title":{"rendered":"Smartphone Motorola Razr 60 5G 6,9&#8243; Octa Core 8 GB RAM 256 GB Gris"},"content":{"rendered":"<p>Si vous \u00eates \u00e0 la recherche de nouvelles tendances sur le march\u00e9, nous vous pr\u00e9sentons <b>Smartphone Motorola Razr 60 5G 6,9&#8243; Octa Core 8 GB RAM 256 GB Gris<\/b> !<\/p>\n<ul>\n<li>Diagonale de l&#8217;\u00e9cran (cm): 17,5 cm<\/li>\n<li>Produit \u00e0 brancher: Oui<\/li>\n<li>Type: Smartphone<\/li>\n<li>Bloc d\u2019Alimentation: r\u00e9seau \u00e9lectrique<\/li>\n<li>Indice de r\u00e9parabilit\u00e9: 7.1<\/li>\n<li>Capacit\u00e9 de la batterie: 4500 mAh<\/li>\n<li>Ecran: 6,9&#8243;<\/li>\n<li>Syst\u00e8me d&#8217;exploitation: Android<\/li>\n<li>puissance: 30 W<\/li>\n<li>Connectivit\u00e9:\n<ul>\n<li>NFC<\/li>\n<li>Wi-Fi<\/li>\n<li>BeiDou<\/li>\n<li>5G<\/li>\n<\/ul>\n<\/li>\n<li>Cam\u00e9ra\/Appareil Photo:\n<ul>\n<li>50 Mp<\/li>\n<li>Dual<\/li>\n<li>13 MP<\/li>\n<li>Frontal<\/li>\n<li>32 Mp<\/li>\n<\/ul>\n<\/li>\n<li>Connexions:\n<ul>\n<li>USB-C<\/li>\n<li>USB<\/li>\n<li>Dual SIM<\/li>\n<\/ul>\n<\/li>\n<li>Processeur: Octa Core<\/li>\n<li>M\u00e9moire RAM: 8 GB RAM<\/li>\n<li>M\u00e9moire interne: 256 GB<\/li>\n<li>Couleur: Gris<\/li>\n<li>Caract\u00e9ristiques:\n<ul>\n<li>GPS<\/li>\n<li>Ecran tactile<\/li>\n<li>Appel vid\u00e9o<\/li>\n<li>HDR<\/li>\n<li>Autofocus<\/li>\n<li>Activation vocale<\/li>\n<li>Chargeur sans fil<\/li>\n<li>Syst\u00e8me de reconnaissance faciale<\/li>\n<li>Lecteur d&#8217;empreintes<\/li>\n<\/ul>\n<\/li>\n<li>Classification \u00e9nerg\u00e9tique: A<\/li>\n<li>Batterie au lithium rechargeable: 4500 mAh<\/li>\n<li>Inclut:\n<ul>\n<li>Haut-parleur<\/li>\n<li>\u00c9tui de protection<\/li>\n<\/ul>\n<\/li>\n<li>3D: Non<\/li>\n<li>Fonctions: Vibration<\/li>\n<li>Poids: 200 g<\/li>\n<li>Technologie: OLED<\/li>\n<li>Fr\u00e9quence: 120 Hz<\/li>\n<li>Flash: Non<\/li>\n<li>Type de batterie:\n<ul>\n<li>Litio Ion<\/li>\n<li>Batterie au lithium rechargeable<\/li>\n<\/ul>\n<\/li>\n<li>Famille de processeurs: MediaTek Dimensity<\/li>\n<\/ul>","protected":false},"excerpt":{"rendered":"<p>Si vous \u00eates \u00e0 la recherche de nouvelles tendances sur le march\u00e9, nous vous pr\u00e9sentons Smartphone Motorola Razr 60 5G 6,9&#8243; Octa Core 8 GB RAM 256 GB Gris ! Diagonale de l&#8217;\u00e9cran (cm): 17,5 cm Produit \u00e0 brancher: Oui Type: Smartphone Bloc d\u2019Alimentation: r\u00e9seau \u00e9lectrique Indice de r\u00e9parabilit\u00e9: 7.1 Capacit\u00e9 de la batterie: 4500 [&hellip;]<\/p>\n","protected":false},"featured_media":84720,"comment_status":"open","ping_status":"closed","template":"","meta":[],"product_brand":[1151],"product_cat":[575,65,960],"product_tag":[213,566,106],"class_list":{"0":"post-84747","1":"product","2":"type-product","3":"status-publish","4":"has-post-thumbnail","6":"product_brand-brandp_983","7":"product_cat-electronique-telephonie-et-tablettes","8":"product_cat-informatique-electronique","9":"product_cat-telephones-portables","10":"product_tag-tag_933","11":"product_tag-tag_547","12":"product_tag-tag_1295","14":"first","15":"instock","16":"taxable","17":"shipping-taxable","18":"purchasable","19":"product-type-simple"},"_links":{"self":[{"href":"https:\/\/bigbuy.tupique.com\/pt\/wp-json\/wp\/v2\/product\/84747","targetHints":{"allow":["GET"]}}],"collection":[{"href":"https:\/\/bigbuy.tupique.com\/pt\/wp-json\/wp\/v2\/product"}],"about":[{"href":"https:\/\/bigbuy.tupique.com\/pt\/wp-json\/wp\/v2\/types\/product"}],"replies":[{"embeddable":true,"href":"https:\/\/bigbuy.tupique.com\/pt\/wp-json\/wp\/v2\/comments?post=84747"}],"wp:featuredmedia":[{"embeddable":true,"href":"https:\/\/bigbuy.tupique.com\/pt\/wp-json\/wp\/v2\/media\/84720"}],"wp:attachment":[{"href":"https:\/\/bigbuy.tupique.com\/pt\/wp-json\/wp\/v2\/media?parent=84747"}],"wp:term":[{"taxonomy":"product_brand","embeddable":true,"href":"https:\/\/bigbuy.tupique.com\/pt\/wp-json\/wp\/v2\/product_brand?post=84747"},{"taxonomy":"product_cat","embeddable":true,"href":"https:\/\/bigbuy.tupique.com\/pt\/wp-json\/wp\/v2\/product_cat?post=84747"},{"taxonomy":"product_tag","embeddable":true,"href":"https:\/\/bigbuy.tupique.com\/pt\/wp-json\/wp\/v2\/product_tag?post=84747"}],"curies":[{"name":"wp","href":"https:\/\/api.w.org\/{rel}","templated":true}]}}