{"id":80503,"date":"2026-04-02T21:55:57","date_gmt":"2026-04-02T20:55:57","guid":{"rendered":"https:\/\/bigbuy.tupique.com\/produto\/smartphone-zte-nubia-focus-2-ultra-8-gb-ram-512-gb-white\/"},"modified":"2026-04-15T08:35:20","modified_gmt":"2026-04-15T07:35:20","slug":"smartphone-zte-nubia-focus-2-ultra-8-gb-ram-512-gb-white","status":"publish","type":"product","link":"https:\/\/bigbuy.tupique.com\/pt\/produto\/smartphone-zte-nubia-focus-2-ultra-8-gb-ram-512-gb-white\/","title":{"rendered":"Smartphone ZTE Nubia Focus 2 Ultra 8 GB RAM 512 GB Blanc"},"content":{"rendered":"<p>Si vous \u00eates passionn\u00e9 d&#8217;<b>informatique et d&#8217;\u00e9lectronique<\/b>, si vous \u00eates \u00e0 la pointe de la technologie et qu&#8217;aucun d\u00e9tail ne vous \u00e9chappe, achetez <b>Smartphone ZTE Nubia Focus 2 Ultra 8 GB RAM 512 GB Blanc<\/b> au meilleur prix.<\/p>\n<p>Le <b>smartphone<\/b> <b>ZTE Nubia Focus 2 Ultra<\/b> se pr\u00e9sente comme un choix avanc\u00e9 pour ceux qui recherchent une photographie mobile de haute qualit\u00e9, un stockage g\u00e9n\u00e9reux et un design \u00e9l\u00e9gant. Son <b>\u00e9cran tactile AMOLED FHD+ de 6,8 pouces<\/b> offre une exp\u00e9rience visuelle vive et nette, id\u00e9ale pour regarder des contenus, jouer ou travailler en tout confort, tandis que la finition en <b>blanc<\/b> apporte une touche moderne et distinctive. Il int\u00e8gre <b>8 Go de RAM<\/b> et une capacit\u00e9 interne exceptionnelle de <b>512 Go de stockage<\/b>, permettant d\u2019ex\u00e9cuter plusieurs applications simultan\u00e9ment et de conserver de nombreux fichiers, photos et vid\u00e9os sans se soucier de l\u2019espace. Ce mod\u00e8le propose une connectivit\u00e9 <b>USB-C<\/b> et <b>Wi-Fi<\/b>, facilitant le transfert rapide de donn\u00e9es et une connexion stable en toute circonstance. L\u2019accent mis sur la photographie se distingue gr\u00e2ce \u00e0 la technologie d\u2019intelligence artificielle appliqu\u00e9e au syst\u00e8me de cam\u00e9ras, optimisant la prise de vue dans divers environnements, de jour comme de nuit, et offrant des r\u00e9sultats r\u00e9alistes m\u00eame dans des conditions exigeantes. Des fonctions pratiques comme la traduction en temps r\u00e9el lors des appels augmentent la polyvalence du t\u00e9l\u00e9phone, facilitant la communication en plusieurs langues. Le syst\u00e8me d\u2019exploitation et l\u2019interface sont disponibles en <b>espagnol<\/b>, garantissant une exp\u00e9rience conviviale pour les utilisateurs en Espagne et dans d\u2019autres pays hispanophones. De plus, la batterie haute capacit\u00e9 avec charge rapide permet une utilisation intensive sans interruption, faisant de ce mod\u00e8le un choix adapt\u00e9 aussi bien pour le divertissement que pour le travail quotidien. Ainsi, le ZTE Nubia Focus 2 Ultra s\u2019impose comme un smartphone \u00e9quilibr\u00e9 et polyvalent, destin\u00e9 aux utilisateurs exigeants qui privil\u00e9gient la photographie, le stockage et un design moderne dans leur appareil mobile.<\/p>\n<ul>\n<li>Connectivit\u00e9:\n<ul>\n<li>Wi-Fi<\/li>\n<li>NFC<\/li>\n<li>5G<\/li>\n<\/ul>\n<\/li>\n<li>Bloc d\u2019Alimentation: r\u00e9seau \u00e9lectrique<\/li>\n<li>Type de prise: Prise EU<\/li>\n<li>Type:\n<ul>\n<li>Smartphone<\/li>\n<li>Smartphones, t\u00e9l\u00e9phones mobiles<\/li>\n<\/ul>\n<\/li>\n<li>Produit \u00e0 brancher: Oui<\/li>\n<li>Syst\u00e8me d&#8217;exploitation: Android<\/li>\n<li>Ecran:\n<ul>\n<li>6,8&#8243;<\/li>\n<li>6,9&#8243;<\/li>\n<\/ul>\n<\/li>\n<li>Processeur: Octa Core<\/li>\n<li>Technologie: AMOLED<\/li>\n<li>puissance:\n<ul>\n<li>33 W<\/li>\n<li>80 W<\/li>\n<\/ul>\n<\/li>\n<li>Capacit\u00e9 de la batterie: 5000 mAh<\/li>\n<li>Cam\u00e9ra\/Appareil Photo: 50 Mp<\/li>\n<li>Diagonale de l&#8217;\u00e9cran (cm):\n<ul>\n<li>17,5 cm<\/li>\n<li>17,3 cm<\/li>\n<\/ul>\n<\/li>\n<li>M\u00e9moire RAM: 8 GB RAM<\/li>\n<li>M\u00e9moire interne: 512 GB<\/li>\n<li>Couleur: Blanc<\/li>\n<li>Caract\u00e9ristiques: Ecran tactile<\/li>\n<li>Connexions: USB-C<\/li>\n<li>Langue: Espagnol<\/li>\n<li>Poids: 200 g<\/li>\n<li>Fr\u00e9quence: 120 Hz<\/li>\n<\/ul>","protected":false},"excerpt":{"rendered":"<p>Si vous \u00eates passionn\u00e9 d&#8217;informatique et d&#8217;\u00e9lectronique, si vous \u00eates \u00e0 la pointe de la technologie et qu&#8217;aucun d\u00e9tail ne vous \u00e9chappe, achetez Smartphone ZTE Nubia Focus 2 Ultra 8 GB RAM 512 GB Blanc au meilleur prix. Le smartphone ZTE Nubia Focus 2 Ultra se pr\u00e9sente comme un choix avanc\u00e9 pour ceux qui recherchent [&hellip;]<\/p>\n","protected":false},"featured_media":147859,"comment_status":"open","ping_status":"closed","template":"","meta":[],"product_brand":[1297],"product_cat":[575,65,960],"product_tag":[213,566,106],"class_list":{"0":"post-80503","1":"product","2":"type-product","3":"status-publish","4":"has-post-thumbnail","6":"product_brand-brandp_981","7":"product_cat-electronique-telephonie-et-tablettes","8":"product_cat-informatique-electronique","9":"product_cat-telephones-portables","10":"product_tag-tag_933","11":"product_tag-tag_547","12":"product_tag-tag_1295","14":"first","15":"instock","16":"taxable","17":"shipping-taxable","18":"purchasable","19":"product-type-simple"},"_links":{"self":[{"href":"https:\/\/bigbuy.tupique.com\/pt\/wp-json\/wp\/v2\/product\/80503","targetHints":{"allow":["GET"]}}],"collection":[{"href":"https:\/\/bigbuy.tupique.com\/pt\/wp-json\/wp\/v2\/product"}],"about":[{"href":"https:\/\/bigbuy.tupique.com\/pt\/wp-json\/wp\/v2\/types\/product"}],"replies":[{"embeddable":true,"href":"https:\/\/bigbuy.tupique.com\/pt\/wp-json\/wp\/v2\/comments?post=80503"}],"wp:featuredmedia":[{"embeddable":true,"href":"https:\/\/bigbuy.tupique.com\/pt\/wp-json\/wp\/v2\/media\/147859"}],"wp:attachment":[{"href":"https:\/\/bigbuy.tupique.com\/pt\/wp-json\/wp\/v2\/media?parent=80503"}],"wp:term":[{"taxonomy":"product_brand","embeddable":true,"href":"https:\/\/bigbuy.tupique.com\/pt\/wp-json\/wp\/v2\/product_brand?post=80503"},{"taxonomy":"product_cat","embeddable":true,"href":"https:\/\/bigbuy.tupique.com\/pt\/wp-json\/wp\/v2\/product_cat?post=80503"},{"taxonomy":"product_tag","embeddable":true,"href":"https:\/\/bigbuy.tupique.com\/pt\/wp-json\/wp\/v2\/product_tag?post=80503"}],"curies":[{"name":"wp","href":"https:\/\/api.w.org\/{rel}","templated":true}]}}