{"id":80453,"date":"2026-04-02T21:52:08","date_gmt":"2026-04-02T20:52:08","guid":{"rendered":"https:\/\/bigbuy.tupique.com\/produto\/processor-intel-bx8071514700-intel-core-i7-14700-lga-1700\/"},"modified":"2026-04-15T08:34:01","modified_gmt":"2026-04-15T07:34:01","slug":"processor-intel-bx8071514700-intel-core-i7-14700-lga-1700","status":"publish","type":"product","link":"https:\/\/bigbuy.tupique.com\/pt\/produto\/processor-intel-bx8071514700-intel-core-i7-14700-lga-1700\/","title":{"rendered":"Processeur Intel BX8071514700 Intel Core i7-14700 LGA 1700"},"content":{"rendered":"<p>Si vous \u00eates passionn\u00e9 d&#8217;<b>informatique et d&#8217;\u00e9lectronique<\/b>, si vous \u00eates \u00e0 la pointe de la technologie et qu&#8217;aucun d\u00e9tail ne vous \u00e9chappe, achetez <b>Processeur Intel BX8071514700 Intel Core i7-14700 LGA 1700<\/b> au meilleur prix.<\/p>\n<ul>\n<li>Processeur:\n<ul>\n<li>Intel Core i7<\/li>\n<li>Intel Core i7-14700<\/li>\n<\/ul>\n<\/li>\n<li>Nombre de fils: 28<\/li>\n<li>Contr\u00f4leur graphique: INTEL UHD GRAPHICS 770<\/li>\n<li>Famille de processeurs:\n<ul>\n<li>Intel Core i7<\/li>\n<li>Intel<\/li>\n<\/ul>\n<\/li>\n<li>Technologie:\n<ul>\n<li>Intel Hyper-Threading<\/li>\n<li>VT-d<\/li>\n<li>VT-x<\/li>\n<\/ul>\n<\/li>\n<li>Cache:\n<ul>\n<li>Smart Cache<\/li>\n<li>33 MB<\/li>\n<li>28 MB<\/li>\n<\/ul>\n<\/li>\n<li>Type de m\u00e9moire:\n<ul>\n<li>DDR4 SDRAM<\/li>\n<li>DDR5 SDRAM<\/li>\n<\/ul>\n<\/li>\n<li>Compatible:\n<ul>\n<li>pci express 4.0<\/li>\n<li>pci express 5.0<\/li>\n<li>Intel\u00ae Turbo Boost Technology 2.0<\/li>\n<\/ul>\n<\/li>\n<li>Cha\u00eenes: 2<\/li>\n<li>Caract\u00e9ristiques:\n<ul>\n<li>OpenGL 4.5<\/li>\n<li>Adaptateur graphique int\u00e9gr\u00e9<\/li>\n<\/ul>\n<\/li>\n<li>Utilisation recommand\u00e9e:\n<ul>\n<li>PC de bureau<\/li>\n<li>PC\/Server<\/li>\n<\/ul>\n<\/li>\n<li>Inclut: Dissipateur<\/li>\n<li>Fr\u00e9quence:\n<ul>\n<li>60 Hz<\/li>\n<li>120 Hz<\/li>\n<\/ul>\n<\/li>\n<li>vitesse:\n<ul>\n<li>2,1 GHz<\/li>\n<li>1,5 ghz<\/li>\n<li>5,4 GHz<\/li>\n<\/ul>\n<\/li>\n<li>\u00c9crans support\u00e9s: x 4<\/li>\n<li>R\u00e9solution (px):\n<ul>\n<li>4096 x 2160 px<\/li>\n<li>5120 x 3200 px<\/li>\n<li>7680 x 4320 px<\/li>\n<\/ul>\n<\/li>\n<li>Noyaux:\n<ul>\n<li>12 Noyaux<\/li>\n<li>8 Noyaux<\/li>\n<li>20 Noyaux<\/li>\n<\/ul>\n<\/li>\n<li>puissance: 65 W<\/li>\n<li>Exigences: 64 bits<\/li>\n<li>R\u00e9solution: 5120 x 3200 px<\/li>\n<li>Non Inclus: Adaptateur graphique discret<\/li>\n<li>Interface: DirectX 12.0<\/li>\n<li>PCI Express: X20<\/li>\n<li>Socket: LGA 1700<\/li>\n<\/ul>","protected":false},"excerpt":{"rendered":"<p>Si vous \u00eates passionn\u00e9 d&#8217;informatique et d&#8217;\u00e9lectronique, si vous \u00eates \u00e0 la pointe de la technologie et qu&#8217;aucun d\u00e9tail ne vous \u00e9chappe, achetez Processeur Intel BX8071514700 Intel Core i7-14700 LGA 1700 au meilleur prix. Processeur: Intel Core i7 Intel Core i7-14700 Nombre de fils: 28 Contr\u00f4leur graphique: INTEL UHD GRAPHICS 770 Famille de processeurs: Intel [&hellip;]<\/p>\n","protected":false},"featured_media":147840,"comment_status":"open","ping_status":"closed","template":"","meta":[],"product_brand":[982],"product_cat":[65,584,743],"product_tag":[106],"class_list":{"0":"post-80453","1":"product","2":"type-product","3":"status-publish","4":"has-post-thumbnail","6":"product_brand-brandp_555","7":"product_cat-informatique-electronique","8":"product_cat-informatique-reseaux-et-composants","9":"product_cat-processeurs","10":"product_tag-tag_1295","12":"first","13":"instock","14":"taxable","15":"shipping-taxable","16":"purchasable","17":"product-type-simple"},"_links":{"self":[{"href":"https:\/\/bigbuy.tupique.com\/pt\/wp-json\/wp\/v2\/product\/80453","targetHints":{"allow":["GET"]}}],"collection":[{"href":"https:\/\/bigbuy.tupique.com\/pt\/wp-json\/wp\/v2\/product"}],"about":[{"href":"https:\/\/bigbuy.tupique.com\/pt\/wp-json\/wp\/v2\/types\/product"}],"replies":[{"embeddable":true,"href":"https:\/\/bigbuy.tupique.com\/pt\/wp-json\/wp\/v2\/comments?post=80453"}],"wp:featuredmedia":[{"embeddable":true,"href":"https:\/\/bigbuy.tupique.com\/pt\/wp-json\/wp\/v2\/media\/147840"}],"wp:attachment":[{"href":"https:\/\/bigbuy.tupique.com\/pt\/wp-json\/wp\/v2\/media?parent=80453"}],"wp:term":[{"taxonomy":"product_brand","embeddable":true,"href":"https:\/\/bigbuy.tupique.com\/pt\/wp-json\/wp\/v2\/product_brand?post=80453"},{"taxonomy":"product_cat","embeddable":true,"href":"https:\/\/bigbuy.tupique.com\/pt\/wp-json\/wp\/v2\/product_cat?post=80453"},{"taxonomy":"product_tag","embeddable":true,"href":"https:\/\/bigbuy.tupique.com\/pt\/wp-json\/wp\/v2\/product_tag?post=80453"}],"curies":[{"name":"wp","href":"https:\/\/api.w.org\/{rel}","templated":true}]}}