{"id":80039,"date":"2026-04-02T21:34:22","date_gmt":"2026-04-02T20:34:22","guid":{"rendered":"https:\/\/bigbuy.tupique.com\/produto\/motherboard-asus-90mb1is0-m0eay0-amd-am5-amd\/"},"modified":"2026-04-16T14:15:33","modified_gmt":"2026-04-16T13:15:33","slug":"motherboard-asus-90mb1is0-m0eay0-amd-am5-amd","status":"publish","type":"product","link":"https:\/\/bigbuy.tupique.com\/pt\/produto\/motherboard-asus-90mb1is0-m0eay0-amd-am5-amd\/","title":{"rendered":"Carte M\u00e8re Asus 90MB1IS0-M0EAY0 AMD AM5 AMD"},"content":{"rendered":"<p>Si vous \u00eates passionn\u00e9 d&#8217;<b>informatique et d&#8217;\u00e9lectronique<\/b>, si vous \u00eates \u00e0 la pointe de la technologie et qu&#8217;aucun d\u00e9tail ne vous \u00e9chappe, achetez <b>Carte M\u00e8re Asus 90MB1IS0-M0EAY0 AMD AM5 AMD<\/b> au meilleur prix.<\/p>\n<ul>\n<li>Type:\n<ul>\n<li>Carte M\u00e8re<\/li>\n<li>ATX<\/li>\n<li>UEFI<\/li>\n<\/ul>\n<\/li>\n<li>Chipset:\n<ul>\n<li>AMD AM5<\/li>\n<li>AMD X870<\/li>\n<li>Intel Wi-Fi 6<\/li>\n<li>AMD<\/li>\n<\/ul>\n<\/li>\n<li>Caract\u00e9ristiques: USB<\/li>\n<li>Connexions:\n<ul>\n<li>USB<\/li>\n<li>RJ45<\/li>\n<li>Jack 3.5 mm<\/li>\n<li>DisplayPort<\/li>\n<li>SATA<\/li>\n<li>PCI Express 3.0<\/li>\n<li>USB 3.2<\/li>\n<li>USB 4.0<\/li>\n<li>HDMI 2.1<\/li>\n<li>M.2<\/li>\n<li>Ethernet LAN<\/li>\n<li>USB-C<\/li>\n<li>USB 2.0<\/li>\n<li>HDMI<\/li>\n<li>HDMI x 1<\/li>\n<li>2 x USB 2.0<\/li>\n<li>Microphone<\/li>\n<li>USB 2.0 x 4<\/li>\n<li>HDMI 2.1 x 1<\/li>\n<li>DIMM<\/li>\n<li>USB 3.2 x 3<\/li>\n<li>USB 3.2 x 1<\/li>\n<li>RJ45 x 1<\/li>\n<\/ul>\n<\/li>\n<li>Bloc d\u2019Alimentation: ATX<\/li>\n<li>USB 2.0: 4<\/li>\n<li>Processeur: AMD<\/li>\n<li>Profondeur: 244 mm<\/li>\n<li>Syst\u00e8me d&#8217;exploitation:\n<ul>\n<li>Windows 10<\/li>\n<li>Windows 11<\/li>\n<\/ul>\n<\/li>\n<li>Bluetooth: Oui<\/li>\n<li>Hauteur: 48 mm<\/li>\n<li>Dimensions approx.: 28 x 8 x 36 cm<\/li>\n<li>Connectivit\u00e9:\n<ul>\n<li>WI-FI 7<\/li>\n<li>Bluetooth<\/li>\n<li>Wi-Fi<\/li>\n<li>Ethernet LAN<\/li>\n<\/ul>\n<\/li>\n<li>Cha\u00eenes:\n<ul>\n<li>2 Cha\u00eenes<\/li>\n<li>7.1<\/li>\n<\/ul>\n<\/li>\n<li>Compatible:\n<ul>\n<li>Bandes LED<\/li>\n<li>Raid 10<\/li>\n<li>AMD Ryzen 9<\/li>\n<li>raid 0<\/li>\n<li>raid 1<\/li>\n<li>AMD Ryzen 7<\/li>\n<li>Windows 10<\/li>\n<li>Windows 11<\/li>\n<li>AMD Ryzen 5<\/li>\n<li>AMD Ryzen 3<\/li>\n<li>Raid 5<\/li>\n<li>HDD\/SSD<\/li>\n<li>PC<\/li>\n<\/ul>\n<\/li>\n<li>Type de m\u00e9moire:\n<ul>\n<li>DDR5 SDRAM<\/li>\n<li>DDR5<\/li>\n<\/ul>\n<\/li>\n<li>M\u00e9moire RAM maximale: 192 gb<\/li>\n<li>Poids approx.: 1,56 Kg<\/li>\n<li>Couleur:\n<ul>\n<li>Blanc<\/li>\n<li>Noir<\/li>\n<\/ul>\n<\/li>\n<li>Facteur de forme: ATX<\/li>\n<li>Interface: Gigabit Ethernet<\/li>\n<li>M\u00e9moire: 256 MB<\/li>\n<li>Nombre d&#8217;emplacements m\u00e9moire: 4<\/li>\n<li>Haut-parleurs: 7.1<\/li>\n<li>Largeur: 30,5 cm<\/li>\n<li>Inclut: SATA<\/li>\n<li>Socket: AMD AM5<\/li>\n<li>Famille de processeurs: AMD<\/li>\n<\/ul>","protected":false},"excerpt":{"rendered":"<p>Si vous \u00eates passionn\u00e9 d&#8217;informatique et d&#8217;\u00e9lectronique, si vous \u00eates \u00e0 la pointe de la technologie et qu&#8217;aucun d\u00e9tail ne vous \u00e9chappe, achetez Carte M\u00e8re Asus 90MB1IS0-M0EAY0 AMD AM5 AMD au meilleur prix. Type: Carte M\u00e8re ATX UEFI Chipset: AMD AM5 AMD X870 Intel Wi-Fi 6 AMD Caract\u00e9ristiques: USB Connexions: USB RJ45 Jack 3.5 mm [&hellip;]<\/p>\n","protected":false},"featured_media":147537,"comment_status":"open","ping_status":"closed","template":"","meta":[],"product_brand":[798],"product_cat":[736,65,584],"product_tag":[106],"class_list":{"0":"post-80039","1":"product","2":"type-product","3":"status-publish","4":"has-post-thumbnail","6":"product_brand-brandp_536","7":"product_cat-cartes-meres","8":"product_cat-informatique-electronique","9":"product_cat-informatique-reseaux-et-composants","10":"product_tag-tag_1295","12":"first","13":"instock","14":"taxable","15":"shipping-taxable","16":"purchasable","17":"product-type-simple"},"_links":{"self":[{"href":"https:\/\/bigbuy.tupique.com\/pt\/wp-json\/wp\/v2\/product\/80039","targetHints":{"allow":["GET"]}}],"collection":[{"href":"https:\/\/bigbuy.tupique.com\/pt\/wp-json\/wp\/v2\/product"}],"about":[{"href":"https:\/\/bigbuy.tupique.com\/pt\/wp-json\/wp\/v2\/types\/product"}],"replies":[{"embeddable":true,"href":"https:\/\/bigbuy.tupique.com\/pt\/wp-json\/wp\/v2\/comments?post=80039"}],"wp:featuredmedia":[{"embeddable":true,"href":"https:\/\/bigbuy.tupique.com\/pt\/wp-json\/wp\/v2\/media\/147537"}],"wp:attachment":[{"href":"https:\/\/bigbuy.tupique.com\/pt\/wp-json\/wp\/v2\/media?parent=80039"}],"wp:term":[{"taxonomy":"product_brand","embeddable":true,"href":"https:\/\/bigbuy.tupique.com\/pt\/wp-json\/wp\/v2\/product_brand?post=80039"},{"taxonomy":"product_cat","embeddable":true,"href":"https:\/\/bigbuy.tupique.com\/pt\/wp-json\/wp\/v2\/product_cat?post=80039"},{"taxonomy":"product_tag","embeddable":true,"href":"https:\/\/bigbuy.tupique.com\/pt\/wp-json\/wp\/v2\/product_tag?post=80039"}],"curies":[{"name":"wp","href":"https:\/\/api.w.org\/{rel}","templated":true}]}}