{"id":79197,"date":"2026-04-02T20:50:51","date_gmt":"2026-04-02T19:50:51","guid":{"rendered":"https:\/\/bigbuy.tupique.com\/produto\/tablet-apple-mca44ty-a-11-m3-8-gb-ram-256-gb-beige\/"},"modified":"2026-04-15T08:33:48","modified_gmt":"2026-04-15T07:33:48","slug":"tablet-apple-mca44ty-a-11-m3-8-gb-ram-256-gb-beige","status":"publish","type":"product","link":"https:\/\/bigbuy.tupique.com\/pt\/produto\/tablet-apple-mca44ty-a-11-m3-8-gb-ram-256-gb-beige\/","title":{"rendered":"Tablette Apple MCA44TY\/A 11&#8243; M3 8 GB RAM 256 GB Beige"},"content":{"rendered":"<p>Si vous \u00eates passionn\u00e9 d&#8217;<b>informatique et d&#8217;\u00e9lectronique<\/b>, si vous \u00eates \u00e0 la pointe de la technologie et qu&#8217;aucun d\u00e9tail ne vous \u00e9chappe, achetez <b>Tablette Apple MCA44TY\/A 11&#8243; M3 8 GB RAM 256 GB Beige<\/b> au meilleur prix.<\/p>\n<p>L\u2019<b>iPad Air MCA44TY\/A<\/b> d\u2019Apple est une <b>tablette<\/b> de derni\u00e8re g\u00e9n\u00e9ration con\u00e7ue pour ceux qui recherchent puissance, portabilit\u00e9 et polyvalence dans un seul appareil. Son <b>\u00e9cran de 11 pouces<\/b> offre une exp\u00e9rience visuelle nette, id\u00e9ale pour la navigation ainsi que pour le travail sur des applications cr\u00e9atives et multim\u00e9dias. Ce mod\u00e8le dispose de <b>8 Go de m\u00e9moire RAM<\/b>, assurant des performances fluides et un multit\u00e2che avanc\u00e9, tandis que sa <b>capacit\u00e9 de stockage de 256 Go<\/b> offre un espace g\u00e9n\u00e9reux pour documents, applications, photos et vid\u00e9os. La <b>cam\u00e9ra de 12 MP<\/b> garantit des prises de vue de haute qualit\u00e9 et des appels vid\u00e9o clairs gr\u00e2ce \u00e0 la cam\u00e9ra frontale int\u00e9gr\u00e9e, un atout pour les utilisateurs qui utilisent l\u2019appareil pour la communication et la productivit\u00e9. Son design sophistiqu\u00e9 en <b>blanc<\/b> et <b>beige<\/b>, associ\u00e9 \u00e0 un ch\u00e2ssis en <b>aluminium<\/b>, lui conf\u00e8re \u00e9l\u00e9gance et robustesse tout en restant l\u00e9ger et facile \u00e0 transporter. Le syst\u00e8me d\u2019exploitation Apple assure une optimisation des applications, un acc\u00e8s s\u00e9curis\u00e9 aux contenus et une compatibilit\u00e9 avec des accessoires comme l\u2019Apple Pencil, faisant de cet iPad Air un choix adapt\u00e9 aussi bien pour les \u00e9tudes que pour le divertissement et la cr\u00e9ation num\u00e9rique. L\u2019Apple iPad Air MCA44TY\/A se positionne comme une solution polyvalente et performante pour les utilisateurs exigeants qui appr\u00e9cient la qualit\u00e9, le design et l\u2019\u00e9cosyst\u00e8me Apple.<\/p>\n<ul>\n<li>Couleur:\n<ul>\n<li>Blanc<\/li>\n<li>starlight<\/li>\n<li>Beige<\/li>\n<\/ul>\n<\/li>\n<li>Caract\u00e9ristiques:\n<ul>\n<li>Capteur de lumi\u00e8re ambiante<\/li>\n<li>eSIM<\/li>\n<li>Contr\u00f4le vocal<\/li>\n<li>GPS<\/li>\n<li>Cam\u00e9ra frontale<\/li>\n<li>Microphone int\u00e9gr\u00e9<\/li>\n<li>Autofocus<\/li>\n<li>2 Haut-parleurs<\/li>\n<li>4 Haut-parleurs<\/li>\n<li>Lecteur d&#8217;empreintes<\/li>\n<li>Boussole \u00e9lectronique<\/li>\n<li>\u00c9cran avec coins arrondis<\/li>\n<\/ul>\n<\/li>\n<li>Interface: Wi-Fi<\/li>\n<li>Type d\u2019\u00e9cran: LED<\/li>\n<li>Bloc d\u2019Alimentation:\n<ul>\n<li>r\u00e9seau \u00e9lectrique<\/li>\n<li>Batterie<\/li>\n<li>USB<\/li>\n<\/ul>\n<\/li>\n<li>Type de prise: Prise EU<\/li>\n<li>Formats: AAC<\/li>\n<li>Produit \u00e0 brancher: Oui<\/li>\n<li>R\u00e9solution:\n<ul>\n<li>12 MP<\/li>\n<li>2360 x 1640 px<\/li>\n<\/ul>\n<\/li>\n<li>Type:\n<ul>\n<li>Tablette<\/li>\n<li>Flash<\/li>\n<\/ul>\n<\/li>\n<li>Connectivit\u00e9:\n<ul>\n<li>Wi-Fi<\/li>\n<li>5G<\/li>\n<li>Bluetooth<\/li>\n<li>GPS<\/li>\n<li>Wi-Fi 6 GHz<\/li>\n<li>Bluetooth 5.3<\/li>\n<\/ul>\n<\/li>\n<li>Syst\u00e8me d&#8217;exploitation:\n<ul>\n<li>iPadOS<\/li>\n<li>iOS<\/li>\n<\/ul>\n<\/li>\n<li>Mati\u00e8re: Aluminium<\/li>\n<li>Connexions:\n<ul>\n<li>USB-C<\/li>\n<li>USB-C 3.2 Gen 2 (3.1 Gen 2)<\/li>\n<\/ul>\n<\/li>\n<li>Fonctions:\n<ul>\n<li>Barom\u00e8tre<\/li>\n<li>Acc\u00e9l\u00e9rom\u00e8tre<\/li>\n<li>G\u00e9olocalisation<\/li>\n<\/ul>\n<\/li>\n<li>Classification \u00e9nerg\u00e9tique: G<\/li>\n<li>Ouverture: F\/1,8<\/li>\n<li>Technologie:\n<ul>\n<li>LED<\/li>\n<li>IPS<\/li>\n<li>Mime<\/li>\n<\/ul>\n<\/li>\n<li>M\u00e9moire RAM: 8 GB RAM<\/li>\n<li>Brille: 500 cd\/m2<\/li>\n<li>Cam\u00e9ra\/Appareil Photo:\n<ul>\n<li>12 MP<\/li>\n<li>Arri\u00e8re<\/li>\n<\/ul>\n<\/li>\n<li>Non Inclus:\n<ul>\n<li>Adaptateur AC<\/li>\n<li>Connexion au r\u00e9seau mobile<\/li>\n<\/ul>\n<\/li>\n<li>Ecran: 11&#8243;<\/li>\n<li>Certificat: Certification ENERGY STAR<\/li>\n<li>Compatible: iPadOS<\/li>\n<li>Type de batterie: Litio Ion<\/li>\n<li>M\u00e9moire interne: 256 GB<\/li>\n<li>Noyaux:\n<ul>\n<li>8 Noyaux<\/li>\n<li>16 Noyaux<\/li>\n<\/ul>\n<\/li>\n<li>R\u00e9solution (px):\n<ul>\n<li>3840 x 2160 px<\/li>\n<li>2160 px<\/li>\n<\/ul>\n<\/li>\n<li>Diagonale de l&#8217;\u00e9cran (cm): 27,9 cm<\/li>\n<li>Autonomie approx.: 10 heures<\/li>\n<li>Processeur: M3<\/li>\n<li>Dispositif intelligent: Apple Intelligence<\/li>\n<\/ul>","protected":false},"excerpt":{"rendered":"<p>Si vous \u00eates passionn\u00e9 d&#8217;informatique et d&#8217;\u00e9lectronique, si vous \u00eates \u00e0 la pointe de la technologie et qu&#8217;aucun d\u00e9tail ne vous \u00e9chappe, achetez Tablette Apple MCA44TY\/A 11&#8243; M3 8 GB RAM 256 GB Beige au meilleur prix. L\u2019iPad Air MCA44TY\/A d\u2019Apple est une tablette de derni\u00e8re g\u00e9n\u00e9ration con\u00e7ue pour ceux qui recherchent puissance, portabilit\u00e9 et [&hellip;]<\/p>\n","protected":false},"featured_media":79171,"comment_status":"open","ping_status":"closed","template":"","meta":[],"product_brand":[979],"product_cat":[575,65,1052],"product_tag":[566,106],"class_list":{"0":"post-79197","1":"product","2":"type-product","3":"status-publish","4":"has-post-thumbnail","6":"product_brand-brandp_533","7":"product_cat-electronique-telephonie-et-tablettes","8":"product_cat-informatique-electronique","9":"product_cat-tablettes","10":"product_tag-tag_547","11":"product_tag-tag_1295","13":"first","14":"instock","15":"taxable","16":"shipping-taxable","17":"purchasable","18":"product-type-simple"},"_links":{"self":[{"href":"https:\/\/bigbuy.tupique.com\/pt\/wp-json\/wp\/v2\/product\/79197","targetHints":{"allow":["GET"]}}],"collection":[{"href":"https:\/\/bigbuy.tupique.com\/pt\/wp-json\/wp\/v2\/product"}],"about":[{"href":"https:\/\/bigbuy.tupique.com\/pt\/wp-json\/wp\/v2\/types\/product"}],"replies":[{"embeddable":true,"href":"https:\/\/bigbuy.tupique.com\/pt\/wp-json\/wp\/v2\/comments?post=79197"}],"wp:featuredmedia":[{"embeddable":true,"href":"https:\/\/bigbuy.tupique.com\/pt\/wp-json\/wp\/v2\/media\/79171"}],"wp:attachment":[{"href":"https:\/\/bigbuy.tupique.com\/pt\/wp-json\/wp\/v2\/media?parent=79197"}],"wp:term":[{"taxonomy":"product_brand","embeddable":true,"href":"https:\/\/bigbuy.tupique.com\/pt\/wp-json\/wp\/v2\/product_brand?post=79197"},{"taxonomy":"product_cat","embeddable":true,"href":"https:\/\/bigbuy.tupique.com\/pt\/wp-json\/wp\/v2\/product_cat?post=79197"},{"taxonomy":"product_tag","embeddable":true,"href":"https:\/\/bigbuy.tupique.com\/pt\/wp-json\/wp\/v2\/product_tag?post=79197"}],"curies":[{"name":"wp","href":"https:\/\/api.w.org\/{rel}","templated":true}]}}