{"id":79040,"date":"2026-04-02T20:45:23","date_gmt":"2026-04-02T19:45:23","guid":{"rendered":"https:\/\/bigbuy.tupique.com\/produto\/processor-amd-7700-amd-am5\/"},"modified":"2026-04-15T08:33:44","modified_gmt":"2026-04-15T07:33:44","slug":"processor-amd-7700-amd-am5","status":"publish","type":"product","link":"https:\/\/bigbuy.tupique.com\/pt\/produto\/processor-amd-7700-amd-am5\/","title":{"rendered":"Processeur AMD 7700 AMD AM5"},"content":{"rendered":"<p>Si vous \u00eates passionn\u00e9 d&#8217;<b>informatique et d&#8217;\u00e9lectronique<\/b>, si vous \u00eates \u00e0 la pointe de la technologie et qu&#8217;aucun d\u00e9tail ne vous \u00e9chappe, achetez <b>Processeur AMD 7700 AMD AM5<\/b> au meilleur prix.<\/p>\n<p>Le <b>AMD Ryzen 7 7700<\/b> est un <b>processeur<\/b> haute performance con\u00e7u pour les ordinateurs de bureau, alliant efficacit\u00e9 et puissance gr\u00e2ce \u00e0 son architecture avanc\u00e9e en technologie <b>5 nm<\/b>. Ce mod\u00e8le fait partie de la c\u00e9l\u00e8bre <b>famille AMD Ryzen 7<\/b> et dispose de <b>8 c\u0153urs de traitement<\/b>, capables de g\u00e9rer plusieurs t\u00e2ches simultan\u00e9ment avec fluidit\u00e9 et rapidit\u00e9, id\u00e9al pour les applications exigeantes, le montage multim\u00e9dia ou les jeux. Il offre une fr\u00e9quence de base de <b>3600 MHz<\/b> et est compatible avec la m\u00e9moire <b>DDR5-SDRAM<\/b> en configuration double canal, supportant des vitesses jusqu\u2019\u00e0 <b>5200 MHz<\/b>, ce qui assure une large bande passante pour de meilleures performances globales. Sa consommation est ma\u00eetris\u00e9e avec un <b>TDP de 65 W<\/b>, garantissant un bon \u00e9quilibre thermique et une efficacit\u00e9 sans compromis sur la puissance. Le processeur utilise le socket moderne <b>AMD AM5<\/b>, assurant la compatibilit\u00e9 avec les derni\u00e8res cartes m\u00e8res et technologies de connectivit\u00e9. Il int\u00e8gre \u00e9galement un <b>adaptateur graphique AMD Radeon<\/b> avec une fr\u00e9quence de base de <b>400 MHz<\/b> et une capacit\u00e9 dynamique jusqu\u2019\u00e0 <b>2200 MHz<\/b>, offrant un support graphique de base sans carte d\u00e9di\u00e9e, tout en permettant l\u2019ajout d\u2019un GPU discret pour un usage plus avanc\u00e9. Son architecture 64 bits est compatible avec les syst\u00e8mes d\u2019exploitation modernes, dont <b>Windows 10 et 11 en version 64 bits<\/b>, ainsi que les distributions Linux populaires comme <b>Ubuntu et RHEL<\/b>. Le Ryzen 7 7700 se pr\u00e9sente comme une solution solide pour les utilisateurs recherchant un \u00e9quilibre entre performance multic\u0153ur, compatibilit\u00e9 avec les technologies r\u00e9centes et efficacit\u00e9 \u00e9nerg\u00e9tique dans un environnement de bureau avanc\u00e9.<\/p>\n<ul>\n<li>Type de m\u00e9moire: DDR5 SDRAM<\/li>\n<li>Cha\u00eenes: 2<\/li>\n<li>Exigences: 64 bits<\/li>\n<li>Utilisation recommand\u00e9e: PC de bureau<\/li>\n<li>vitesse:\n<ul>\n<li>3,8 GHz<\/li>\n<li>5.30 GHz<\/li>\n<li>3600 MHz<\/li>\n<li>3.8 GHz<\/li>\n<\/ul>\n<\/li>\n<li>Inclut: Dissipateur<\/li>\n<li>Nombre de fils: 16<\/li>\n<li>Caract\u00e9ristiques:\n<ul>\n<li>No ECC<\/li>\n<li>Adaptateur graphique int\u00e9gr\u00e9<\/li>\n<\/ul>\n<\/li>\n<li>Cache: 32 MB<\/li>\n<li>Compatible: pci express 5.0<\/li>\n<li>Processeur:\n<ul>\n<li>AMD Ryzen 7 7700<\/li>\n<li>Intel Core i7-7700<\/li>\n<\/ul>\n<\/li>\n<li>Vitesse de m\u00e9moire support\u00e9e:\n<ul>\n<li>3600 mhz<\/li>\n<li>5200 mhz<\/li>\n<\/ul>\n<\/li>\n<li>Contr\u00f4leur graphique: AMD RADEON GRAPHICS<\/li>\n<li>Noyaux:\n<ul>\n<li>1 c\u0153ur<\/li>\n<li>8 Noyaux<\/li>\n<\/ul>\n<\/li>\n<li>Socket:\n<ul>\n<li>Socket AM4<\/li>\n<li>AMD AM5<\/li>\n<\/ul>\n<\/li>\n<li>consommation d&#8217;\u00e9nergie: 65 W<\/li>\n<li>Couleur: Noir<\/li>\n<li>Fr\u00e9quence: 3,6 GHz<\/li>\n<li>Dimensions approx.: 14 x 14 x 14 cm<\/li>\n<li>G\u00e9n\u00e9ration: septima generacion<\/li>\n<li>puissance: 65 W<\/li>\n<li>Non Inclus: Adaptateur graphique discret<\/li>\n<li>Famille de processeurs:\n<ul>\n<li>AMD Ryzen 7<\/li>\n<li>AMD<\/li>\n<\/ul>\n<\/li>\n<li>Lithographie: 5 NM<\/li>\n<\/ul>","protected":false},"excerpt":{"rendered":"<p>Si vous \u00eates passionn\u00e9 d&#8217;informatique et d&#8217;\u00e9lectronique, si vous \u00eates \u00e0 la pointe de la technologie et qu&#8217;aucun d\u00e9tail ne vous \u00e9chappe, achetez Processeur AMD 7700 AMD AM5 au meilleur prix. Le AMD Ryzen 7 7700 est un processeur haute performance con\u00e7u pour les ordinateurs de bureau, alliant efficacit\u00e9 et puissance gr\u00e2ce \u00e0 son architecture [&hellip;]<\/p>\n","protected":false},"featured_media":79008,"comment_status":"open","ping_status":"closed","template":"","meta":[],"product_brand":[801],"product_cat":[65,584,743],"product_tag":[106],"class_list":{"0":"post-79040","1":"product","2":"type-product","3":"status-publish","4":"has-post-thumbnail","6":"product_brand-brandp_531","7":"product_cat-informatique-electronique","8":"product_cat-informatique-reseaux-et-composants","9":"product_cat-processeurs","10":"product_tag-tag_1295","12":"first","13":"instock","14":"taxable","15":"shipping-taxable","16":"purchasable","17":"product-type-simple"},"_links":{"self":[{"href":"https:\/\/bigbuy.tupique.com\/pt\/wp-json\/wp\/v2\/product\/79040","targetHints":{"allow":["GET"]}}],"collection":[{"href":"https:\/\/bigbuy.tupique.com\/pt\/wp-json\/wp\/v2\/product"}],"about":[{"href":"https:\/\/bigbuy.tupique.com\/pt\/wp-json\/wp\/v2\/types\/product"}],"replies":[{"embeddable":true,"href":"https:\/\/bigbuy.tupique.com\/pt\/wp-json\/wp\/v2\/comments?post=79040"}],"wp:featuredmedia":[{"embeddable":true,"href":"https:\/\/bigbuy.tupique.com\/pt\/wp-json\/wp\/v2\/media\/79008"}],"wp:attachment":[{"href":"https:\/\/bigbuy.tupique.com\/pt\/wp-json\/wp\/v2\/media?parent=79040"}],"wp:term":[{"taxonomy":"product_brand","embeddable":true,"href":"https:\/\/bigbuy.tupique.com\/pt\/wp-json\/wp\/v2\/product_brand?post=79040"},{"taxonomy":"product_cat","embeddable":true,"href":"https:\/\/bigbuy.tupique.com\/pt\/wp-json\/wp\/v2\/product_cat?post=79040"},{"taxonomy":"product_tag","embeddable":true,"href":"https:\/\/bigbuy.tupique.com\/pt\/wp-json\/wp\/v2\/product_tag?post=79040"}],"curies":[{"name":"wp","href":"https:\/\/api.w.org\/{rel}","templated":true}]}}