{"id":78964,"date":"2026-04-02T20:38:39","date_gmt":"2026-04-02T19:38:39","guid":{"rendered":"https:\/\/bigbuy.tupique.com\/produto\/hard-drive-samsung-mz-vap1t0-1-tb-ssd\/"},"modified":"2026-04-15T08:33:43","modified_gmt":"2026-04-15T07:33:43","slug":"hard-drive-samsung-mz-vap1t0-1-tb-ssd","status":"publish","type":"product","link":"https:\/\/bigbuy.tupique.com\/pt\/produto\/hard-drive-samsung-mz-vap1t0-1-tb-ssd\/","title":{"rendered":"Disque dur Samsung MZ-VAP1T0 1 TB SSD"},"content":{"rendered":"<p>Si vous \u00eates passionn\u00e9 d&#8217;<b>informatique et d&#8217;\u00e9lectronique<\/b>, si vous \u00eates \u00e0 la pointe de la technologie et qu&#8217;aucun d\u00e9tail ne vous \u00e9chappe, achetez <b>Disque dur Samsung MZ-VAP1T0 1 TB SSD<\/b> au meilleur prix.<\/p>\n<p>Le <b>disque dur SSD<\/b> de Samsung avec une <b>capacit\u00e9 de 1 To<\/b> repr\u00e9sente une solution de stockage avanc\u00e9e con\u00e7ue pour les utilisateurs exigeant rapidit\u00e9, fiabilit\u00e9 et grande capacit\u00e9 dans un format compact. Ce disque se distingue par son interface <b>M.2<\/b>, qui offre une connexion directe \u00e0 la carte m\u00e8re, r\u00e9duisant la latence et am\u00e9liorant le transfert de donn\u00e9es par rapport aux unit\u00e9s traditionnelles. De plus, il est compatible avec les technologies de pointe <b>PCI Express 4.0 et PCI Express 5.0<\/b>, garantissant des performances exceptionnelles en lecture et \u00e9criture, id\u00e9al pour les applications exigeantes telles que le montage vid\u00e9o, les jeux gourmands et les environnements professionnels n\u00e9cessitant un acc\u00e8s rapide \u00e0 de gros volumes d\u2019informations. Sa couleur <b>noire<\/b> lui conf\u00e8re une finition sobre et professionnelle, s\u2019int\u00e9grant facilement dans toute configuration. En tant que <b>SSD<\/b>, il offre une meilleure r\u00e9sistance aux chocs et une consommation \u00e9nerg\u00e9tique r\u00e9duite par rapport aux disques durs m\u00e9caniques, assurant en m\u00eame temps des temps de d\u00e9marrage et de chargement d\u2019applications nettement plus courts. En r\u00e9sum\u00e9, ce disque dur Samsung allie grande capacit\u00e9 et technologies d\u2019interface actuelles pour fournir un stockage rapide, efficace et durable, adapt\u00e9 aux ordinateurs haute performance comme aux stations de travail.<\/p>\n<ul>\n<li>Type: SSD<\/li>\n<li>Poids: 30 g<\/li>\n<li>Largeur: 80,2 mm<\/li>\n<li>Connexions:\n<ul>\n<li>PCIe<\/li>\n<li>M.2 2280<\/li>\n<li>M.2<\/li>\n<li>PCI Express 4.0<\/li>\n<li>PCI Express 5.0<\/li>\n<\/ul>\n<\/li>\n<li>Hauteur: 25 mm<\/li>\n<li>Type de m\u00e9moire: V-NAND TLC<\/li>\n<li>Disque dur: 1 TB SSD<\/li>\n<li>Couleur: Noir<\/li>\n<li>Poids approx.: 20 g<\/li>\n<li>Compatible: SSD NVMe<\/li>\n<li>S\u00e9curit\u00e9: AES 256-bits<\/li>\n<li>Taille: 2,5&#8243;<\/li>\n<li>Plage de temp\u00e9ratures de travail: 0\u00ba \/ 70\u00ba<\/li>\n<li>Tension: 3,3 V<\/li>\n<li>Type de stockage: SSD<\/li>\n<\/ul>","protected":false},"excerpt":{"rendered":"<p>Si vous \u00eates passionn\u00e9 d&#8217;informatique et d&#8217;\u00e9lectronique, si vous \u00eates \u00e0 la pointe de la technologie et qu&#8217;aucun d\u00e9tail ne vous \u00e9chappe, achetez Disque dur Samsung MZ-VAP1T0 1 TB SSD au meilleur prix. Le disque dur SSD de Samsung avec une capacit\u00e9 de 1 To repr\u00e9sente une solution de stockage avanc\u00e9e con\u00e7ue pour les utilisateurs [&hellip;]<\/p>\n","protected":false},"featured_media":78922,"comment_status":"open","ping_status":"closed","template":"","meta":[],"product_brand":[183],"product_cat":[588,65,584],"product_tag":[106],"class_list":{"0":"post-78964","1":"product","2":"type-product","3":"status-publish","4":"has-post-thumbnail","6":"product_brand-brandp_576","7":"product_cat-disques-durs","8":"product_cat-informatique-electronique","9":"product_cat-informatique-reseaux-et-composants","10":"product_tag-tag_1295","12":"first","13":"instock","14":"taxable","15":"shipping-taxable","16":"purchasable","17":"product-type-simple"},"_links":{"self":[{"href":"https:\/\/bigbuy.tupique.com\/pt\/wp-json\/wp\/v2\/product\/78964","targetHints":{"allow":["GET"]}}],"collection":[{"href":"https:\/\/bigbuy.tupique.com\/pt\/wp-json\/wp\/v2\/product"}],"about":[{"href":"https:\/\/bigbuy.tupique.com\/pt\/wp-json\/wp\/v2\/types\/product"}],"replies":[{"embeddable":true,"href":"https:\/\/bigbuy.tupique.com\/pt\/wp-json\/wp\/v2\/comments?post=78964"}],"wp:featuredmedia":[{"embeddable":true,"href":"https:\/\/bigbuy.tupique.com\/pt\/wp-json\/wp\/v2\/media\/78922"}],"wp:attachment":[{"href":"https:\/\/bigbuy.tupique.com\/pt\/wp-json\/wp\/v2\/media?parent=78964"}],"wp:term":[{"taxonomy":"product_brand","embeddable":true,"href":"https:\/\/bigbuy.tupique.com\/pt\/wp-json\/wp\/v2\/product_brand?post=78964"},{"taxonomy":"product_cat","embeddable":true,"href":"https:\/\/bigbuy.tupique.com\/pt\/wp-json\/wp\/v2\/product_cat?post=78964"},{"taxonomy":"product_tag","embeddable":true,"href":"https:\/\/bigbuy.tupique.com\/pt\/wp-json\/wp\/v2\/product_tag?post=78964"}],"curies":[{"name":"wp","href":"https:\/\/api.w.org\/{rel}","templated":true}]}}