{"id":78662,"date":"2026-04-02T20:24:21","date_gmt":"2026-04-02T19:24:21","guid":{"rendered":"https:\/\/bigbuy.tupique.com\/produto\/external-hard-drive-seagate-stkp8000400-black-8-tb-hdd\/"},"modified":"2026-04-15T08:33:50","modified_gmt":"2026-04-15T07:33:50","slug":"external-hard-drive-seagate-stkp8000400-black-8-tb-hdd","status":"publish","type":"product","link":"https:\/\/bigbuy.tupique.com\/pt\/produto\/external-hard-drive-seagate-stkp8000400-black-8-tb-hdd\/","title":{"rendered":"Disque Dur Externe Seagate STKP8000400 Noir 8 TB HDD"},"content":{"rendered":"<p>Si vous \u00eates passionn\u00e9 d&#8217;<b>informatique et d&#8217;\u00e9lectronique<\/b>, si vous \u00eates \u00e0 la pointe de la technologie et qu&#8217;aucun d\u00e9tail ne vous \u00e9chappe, achetez <b>Disque Dur Externe Seagate STKP8000400 Noir 8 TB HDD<\/b> au meilleur prix.<\/p>\n<p>Le <b>disque dur externe<\/b> <b>Seagate Expansion STKP8000400<\/b> offre une solution de stockage de grande capacit\u00e9 et simple d\u2019utilisation pour PC de bureau et ordinateurs portables, avec un <b>HDD de 8 To<\/b> au format <b>3,5&#8243;<\/b> con\u00e7u pour sauvegardes, biblioth\u00e8ques multim\u00e9dia ou projets professionnels volumineux. Il int\u00e8gre une <b>interface USB 3.2 Gen 1 (compatible USB 3.0\/2.0)<\/b>, permettant des transferts rapides lorsqu\u2019il est connect\u00e9 \u00e0 des ports haute vitesse, tout en restant compatible avec des ordinateurs plus anciens. Son design <b>noir<\/b> est discret et pens\u00e9 pour rester sur le bureau, avec des dimensions d\u2019environ <b>125 mm de profondeur, 41,9 mm de largeur et 178,8 mm de hauteur<\/b> et un poids de <b>1,18 kg<\/b>, offrant une bonne stabilit\u00e9 en usage continu. Ce mod\u00e8le n\u00e9cessite un <b>adaptateur secteur externe 12 V<\/b> et ne fonctionne donc pas sur alimentation USB, ce qui contribue \u00e0 une alimentation plus stable du disque lors de sessions prolong\u00e9es. Il est compatible avec <b>Windows 10<\/b> et une large gamme de syst\u00e8mes <b>macOS<\/b> (de macOS 10.12 Sierra \u00e0 plusieurs versions de macOS Catalina), ce qui facilite son int\u00e9gration aussi bien dans des environnements domestiques que professionnels mixtes ; il inclut un <b>c\u00e2ble USB<\/b> et un <b>manual de usuario<\/b> pour une mise en route rapide via connexion plug and play, sans configurations complexes. Ne disposant ni de <b>WiFi<\/b> ni d\u2019<b>Ethernet<\/b>, l\u2019acc\u00e8s aux donn\u00e9es se fait directement et en toute s\u00e9curit\u00e9 via le port USB de l\u2019ordinateur, ce qui convient aux sauvegardes locales, au stockage de contenus audiovisuels ou \u00e0 l\u2019extension de capacit\u00e9 sans ouvrir la machine. Gr\u00e2ce \u00e0 sa combinaison de grande capacit\u00e9, de connectivit\u00e9 standard et de fonctionnement simple, ce mod\u00e8le se positionne comme une option pratique et fiable de stockage externe de bureau.<\/p>\n<ul>\n<li>Type:\n<ul>\n<li>Disque Dur Externe<\/li>\n<li>HDD<\/li>\n<\/ul>\n<\/li>\n<li>Technologie: HDD<\/li>\n<li>Inclut: C\u00e2ble USB<\/li>\n<li>Ethernet: Non<\/li>\n<li>Profondeur: 125 mm<\/li>\n<li>Taille:\n<ul>\n<li>2,5&#8243;<\/li>\n<li>3,5&#8243;<\/li>\n<\/ul>\n<\/li>\n<li>Connexions:\n<ul>\n<li>USB 3.0<\/li>\n<li>USB<\/li>\n<li>USB 3.2<\/li>\n<\/ul>\n<\/li>\n<li>Poids:\n<ul>\n<li>1,18 kg<\/li>\n<li>1,2 kg<\/li>\n<\/ul>\n<\/li>\n<li>Couleur: Noir<\/li>\n<li>Dimensions approx.:\n<ul>\n<li>21,2 cm<\/li>\n<li>21,8 cm<\/li>\n<li>7,7 cm<\/li>\n<li>22 x 8 x 23 cm<\/li>\n<\/ul>\n<\/li>\n<li>Ethernet LAN: Non<\/li>\n<li>Disque dur:\n<ul>\n<li>8 TB<\/li>\n<li>8 TB HDD<\/li>\n<\/ul>\n<\/li>\n<li>Syst\u00e8me d&#8217;exploitation: Windows 10<\/li>\n<li>Tension: 12 V<\/li>\n<li>Non Inclus: Wi-Fi<\/li>\n<\/ul>","protected":false},"excerpt":{"rendered":"<p>Si vous \u00eates passionn\u00e9 d&#8217;informatique et d&#8217;\u00e9lectronique, si vous \u00eates \u00e0 la pointe de la technologie et qu&#8217;aucun d\u00e9tail ne vous \u00e9chappe, achetez Disque Dur Externe Seagate STKP8000400 Noir 8 TB HDD au meilleur prix. Le disque dur externe Seagate Expansion STKP8000400 offre une solution de stockage de grande capacit\u00e9 et simple d\u2019utilisation pour PC [&hellip;]<\/p>\n","protected":false},"featured_media":78638,"comment_status":"open","ping_status":"closed","template":"","meta":[],"product_brand":[641],"product_cat":[588,65,584],"product_tag":[106],"class_list":{"0":"post-78662","1":"product","2":"type-product","3":"status-publish","4":"has-post-thumbnail","6":"product_brand-brandp_578","7":"product_cat-disques-durs","8":"product_cat-informatique-electronique","9":"product_cat-informatique-reseaux-et-composants","10":"product_tag-tag_1295","12":"first","13":"instock","14":"taxable","15":"shipping-taxable","16":"purchasable","17":"product-type-simple"},"_links":{"self":[{"href":"https:\/\/bigbuy.tupique.com\/pt\/wp-json\/wp\/v2\/product\/78662","targetHints":{"allow":["GET"]}}],"collection":[{"href":"https:\/\/bigbuy.tupique.com\/pt\/wp-json\/wp\/v2\/product"}],"about":[{"href":"https:\/\/bigbuy.tupique.com\/pt\/wp-json\/wp\/v2\/types\/product"}],"replies":[{"embeddable":true,"href":"https:\/\/bigbuy.tupique.com\/pt\/wp-json\/wp\/v2\/comments?post=78662"}],"wp:featuredmedia":[{"embeddable":true,"href":"https:\/\/bigbuy.tupique.com\/pt\/wp-json\/wp\/v2\/media\/78638"}],"wp:attachment":[{"href":"https:\/\/bigbuy.tupique.com\/pt\/wp-json\/wp\/v2\/media?parent=78662"}],"wp:term":[{"taxonomy":"product_brand","embeddable":true,"href":"https:\/\/bigbuy.tupique.com\/pt\/wp-json\/wp\/v2\/product_brand?post=78662"},{"taxonomy":"product_cat","embeddable":true,"href":"https:\/\/bigbuy.tupique.com\/pt\/wp-json\/wp\/v2\/product_cat?post=78662"},{"taxonomy":"product_tag","embeddable":true,"href":"https:\/\/bigbuy.tupique.com\/pt\/wp-json\/wp\/v2\/product_tag?post=78662"}],"curies":[{"name":"wp","href":"https:\/\/api.w.org\/{rel}","templated":true}]}}