{"id":78302,"date":"2026-04-02T20:02:01","date_gmt":"2026-04-02T19:02:01","guid":{"rendered":"https:\/\/bigbuy.tupique.com\/produto\/external-hard-drive-apacer-ap2tbas724c-1-beige-ssd\/"},"modified":"2026-04-15T08:30:45","modified_gmt":"2026-04-15T07:30:45","slug":"external-hard-drive-apacer-ap2tbas724c-1-beige-ssd","status":"publish","type":"product","link":"https:\/\/bigbuy.tupique.com\/pt\/produto\/external-hard-drive-apacer-ap2tbas724c-1-beige-ssd\/","title":{"rendered":"Disque Dur Externe Apacer AP2TBAS724C-1 Beige SSD"},"content":{"rendered":"<p>Si vous \u00eates passionn\u00e9 d&#8217;<b>informatique et d&#8217;\u00e9lectronique<\/b>, si vous \u00eates \u00e0 la pointe de la technologie et qu&#8217;aucun d\u00e9tail ne vous \u00e9chappe, achetez <b>Disque Dur Externe Apacer AP2TBAS724C-1 Beige SSD<\/b> au meilleur prix.<\/p>\n<ul>\n<li>Type: Disque Dur Externe<\/li>\n<li>Disque dur: 2 TB<\/li>\n<li>Couleur: Beige<\/li>\n<li>Taille: De poche<\/li>\n<li>Mati\u00e8re: Plastique<\/li>\n<li>Technologie: SSD<\/li>\n<li>vitesse: 1050 MB\/s<\/li>\n<li>Type de stockage: SSD<\/li>\n<li>Connexions: USB-C 3.2<\/li>\n<\/ul>","protected":false},"excerpt":{"rendered":"<p>Si vous \u00eates passionn\u00e9 d&#8217;informatique et d&#8217;\u00e9lectronique, si vous \u00eates \u00e0 la pointe de la technologie et qu&#8217;aucun d\u00e9tail ne vous \u00e9chappe, achetez Disque Dur Externe Apacer AP2TBAS724C-1 Beige SSD au meilleur prix. Type: Disque Dur Externe Disque dur: 2 TB Couleur: Beige Taille: De poche Mati\u00e8re: Plastique Technologie: SSD vitesse: 1050 MB\/s Type de [&hellip;]<\/p>\n","protected":false},"featured_media":78301,"comment_status":"open","ping_status":"closed","template":"","meta":[],"product_brand":[1708],"product_cat":[588,65,584],"product_tag":[106],"class_list":{"0":"post-78302","1":"product","2":"type-product","3":"status-publish","4":"has-post-thumbnail","6":"product_brand-brandp_8975","7":"product_cat-disques-durs","8":"product_cat-informatique-electronique","9":"product_cat-informatique-reseaux-et-composants","10":"product_tag-tag_1295","12":"first","13":"instock","14":"taxable","15":"shipping-taxable","16":"purchasable","17":"product-type-simple"},"_links":{"self":[{"href":"https:\/\/bigbuy.tupique.com\/pt\/wp-json\/wp\/v2\/product\/78302","targetHints":{"allow":["GET"]}}],"collection":[{"href":"https:\/\/bigbuy.tupique.com\/pt\/wp-json\/wp\/v2\/product"}],"about":[{"href":"https:\/\/bigbuy.tupique.com\/pt\/wp-json\/wp\/v2\/types\/product"}],"replies":[{"embeddable":true,"href":"https:\/\/bigbuy.tupique.com\/pt\/wp-json\/wp\/v2\/comments?post=78302"}],"wp:featuredmedia":[{"embeddable":true,"href":"https:\/\/bigbuy.tupique.com\/pt\/wp-json\/wp\/v2\/media\/78301"}],"wp:attachment":[{"href":"https:\/\/bigbuy.tupique.com\/pt\/wp-json\/wp\/v2\/media?parent=78302"}],"wp:term":[{"taxonomy":"product_brand","embeddable":true,"href":"https:\/\/bigbuy.tupique.com\/pt\/wp-json\/wp\/v2\/product_brand?post=78302"},{"taxonomy":"product_cat","embeddable":true,"href":"https:\/\/bigbuy.tupique.com\/pt\/wp-json\/wp\/v2\/product_cat?post=78302"},{"taxonomy":"product_tag","embeddable":true,"href":"https:\/\/bigbuy.tupique.com\/pt\/wp-json\/wp\/v2\/product_tag?post=78302"}],"curies":[{"name":"wp","href":"https:\/\/api.w.org\/{rel}","templated":true}]}}