{"id":78291,"date":"2026-04-02T20:01:42","date_gmt":"2026-04-02T19:01:42","guid":{"rendered":"https:\/\/bigbuy.tupique.com\/produto\/ram-memory-team-group-ted432g3200c2201-32-gb-ddr4-3200-mhz-cl22\/"},"modified":"2026-04-15T08:30:45","modified_gmt":"2026-04-15T07:30:45","slug":"ram-memory-team-group-ted432g3200c2201-32-gb-ddr4-3200-mhz-cl22","status":"publish","type":"product","link":"https:\/\/bigbuy.tupique.com\/pt\/produto\/ram-memory-team-group-ted432g3200c2201-32-gb-ddr4-3200-mhz-cl22\/","title":{"rendered":"M\u00e9moire RAM Team Group TED432G3200C2201 32 GB DDR4 3200 MHz CL22"},"content":{"rendered":"<p>Si vous \u00eates passionn\u00e9 d&#8217;<b>informatique et d&#8217;\u00e9lectronique<\/b>, si vous \u00eates \u00e0 la pointe de la technologie et qu&#8217;aucun d\u00e9tail ne vous \u00e9chappe, achetez <b>M\u00e9moire RAM Team Group TED432G3200C2201 32 GB DDR4 3200 MHz CL22<\/b> au meilleur prix.<\/p>\n<ul>\n<li>Type: M\u00e9moire (RAM)<\/li>\n<li>Capacit\u00e9: 32 GB<\/li>\n<li>Tension: 1,2 V<\/li>\n<li>vitesse: 3200 MHz<\/li>\n<li>Type de m\u00e9moire: DDR4<\/li>\n<li>Facteur de forme: 288-pin DIMM<\/li>\n<li>Latence: CL22<\/li>\n<li>Compatible: PC\/Server<\/li>\n<li>Format: 1 x 32 GB<\/li>\n<\/ul>","protected":false},"excerpt":{"rendered":"<p>Si vous \u00eates passionn\u00e9 d&#8217;informatique et d&#8217;\u00e9lectronique, si vous \u00eates \u00e0 la pointe de la technologie et qu&#8217;aucun d\u00e9tail ne vous \u00e9chappe, achetez M\u00e9moire RAM Team Group TED432G3200C2201 32 GB DDR4 3200 MHz CL22 au meilleur prix. Type: M\u00e9moire (RAM) Capacit\u00e9: 32 GB Tension: 1,2 V vitesse: 3200 MHz Type de m\u00e9moire: DDR4 Facteur de [&hellip;]<\/p>\n","protected":false},"featured_media":78280,"comment_status":"open","ping_status":"closed","template":"","meta":[],"product_brand":[1711],"product_cat":[65,584,593],"product_tag":[106],"class_list":{"0":"post-78291","1":"product","2":"type-product","3":"status-publish","4":"has-post-thumbnail","6":"product_brand-brandp_3381","7":"product_cat-informatique-electronique","8":"product_cat-informatique-reseaux-et-composants","9":"product_cat-memoires-ram","10":"product_tag-tag_1295","12":"first","13":"instock","14":"taxable","15":"shipping-taxable","16":"purchasable","17":"product-type-simple"},"_links":{"self":[{"href":"https:\/\/bigbuy.tupique.com\/pt\/wp-json\/wp\/v2\/product\/78291","targetHints":{"allow":["GET"]}}],"collection":[{"href":"https:\/\/bigbuy.tupique.com\/pt\/wp-json\/wp\/v2\/product"}],"about":[{"href":"https:\/\/bigbuy.tupique.com\/pt\/wp-json\/wp\/v2\/types\/product"}],"replies":[{"embeddable":true,"href":"https:\/\/bigbuy.tupique.com\/pt\/wp-json\/wp\/v2\/comments?post=78291"}],"wp:featuredmedia":[{"embeddable":true,"href":"https:\/\/bigbuy.tupique.com\/pt\/wp-json\/wp\/v2\/media\/78280"}],"wp:attachment":[{"href":"https:\/\/bigbuy.tupique.com\/pt\/wp-json\/wp\/v2\/media?parent=78291"}],"wp:term":[{"taxonomy":"product_brand","embeddable":true,"href":"https:\/\/bigbuy.tupique.com\/pt\/wp-json\/wp\/v2\/product_brand?post=78291"},{"taxonomy":"product_cat","embeddable":true,"href":"https:\/\/bigbuy.tupique.com\/pt\/wp-json\/wp\/v2\/product_cat?post=78291"},{"taxonomy":"product_tag","embeddable":true,"href":"https:\/\/bigbuy.tupique.com\/pt\/wp-json\/wp\/v2\/product_tag?post=78291"}],"curies":[{"name":"wp","href":"https:\/\/api.w.org\/{rel}","templated":true}]}}