{"id":78272,"date":"2026-04-02T20:01:05","date_gmt":"2026-04-02T19:01:05","guid":{"rendered":"https:\/\/bigbuy.tupique.com\/produto\/processor-amd-7900-amd-am5-37-ghz-5-4-ghz-amd-ryzen-9-7900\/"},"modified":"2026-04-15T14:35:21","modified_gmt":"2026-04-15T13:35:21","slug":"processor-amd-7900-amd-am5-37-ghz-5-4-ghz-amd-ryzen-9-7900","status":"publish","type":"product","link":"https:\/\/bigbuy.tupique.com\/pt\/produto\/processor-amd-7900-amd-am5-37-ghz-5-4-ghz-amd-ryzen-9-7900\/","title":{"rendered":"Processeur AMD 7900 AMD AM5 3,7 ghz 5.4 GHz AMD Ryzen 9 7900"},"content":{"rendered":"<p>Si vous \u00eates passionn\u00e9 d&#8217;<b>informatique et d&#8217;\u00e9lectronique<\/b>, si vous \u00eates \u00e0 la pointe de la technologie et qu&#8217;aucun d\u00e9tail ne vous \u00e9chappe, achetez <b>Processeur AMD 7900 AMD AM5 3,7 ghz 5.4 GHz AMD Ryzen 9 7900<\/b> au meilleur prix.<\/p>\n<p>Le <b>processeur AMD Ryzen 9 7900<\/b> est un composant haute performance con\u00e7u pour les utilisateurs exigeants qui recherchent puissance et efficacit\u00e9 sur des syst\u00e8mes de derni\u00e8re g\u00e9n\u00e9ration. Il appartient \u00e0 la c\u00e9l\u00e8bre <b>famille AMD Ryzen 9<\/b>, int\u00e9grant un total de <b>12 c\u0153urs de processeur<\/b> permettant l\u2019ex\u00e9cution simultan\u00e9e de multiples t\u00e2ches et applications avec une capacit\u00e9 de traitement remarquable. Compatible avec le <b>socket AMD AM5<\/b>, ce mod\u00e8le est optimis\u00e9 pour les plateformes les plus r\u00e9centes, assurant une compatibilit\u00e9 accrue et un support des technologies avanc\u00e9es. Sa fr\u00e9quence de base de <b>3,7 GHz<\/b> garantit un \u00e9quilibre entre vitesse et consommation \u00e9nerg\u00e9tique, avec un TDP de seulement <b>65 W<\/b>, ce qui implique un fonctionnement efficace en termes de consommation et de dissipation thermique. Il dispose \u00e9galement d\u2019une m\u00e9moire cache notable de <b>64 MB<\/b> qui am\u00e9liore la rapidit\u00e9 dans la gestion des donn\u00e9es fr\u00e9quemment utilis\u00e9es, contribuant \u00e0 une exp\u00e9rience fluide en multit\u00e2che comme dans les applications professionnelles exigeantes. L\u2019architecture <b>64 bits<\/b> assure la prise en charge des syst\u00e8mes d\u2019exploitation modernes et des applications performantes, tandis que son design int\u00e8gre un <b>adaptateur graphique int\u00e9gr\u00e9<\/b>, facilitant l\u2019affichage de base sans carte graphique d\u00e9di\u00e9e pour les t\u00e2ches moins intensives. Ce processeur fonctionne avec une fr\u00e9quence de base effective de <b>3600 MHz<\/b>, offrant une performance stable pour les jeux, le montage vid\u00e9o, la mod\u00e9lisation 3D et d\u2019autres applications gourmandes en ressources. En r\u00e9sum\u00e9, l\u2019AMD Ryzen 9 7900 se positionne comme une solution puissante et efficace pour des configurations de bureau avanc\u00e9es, id\u00e9ale pour les utilisateurs cherchant \u00e0 combiner haute performance informatique, efficacit\u00e9 et compatibilit\u00e9 technologique \u00e0 jour.<\/p>\n<ul>\n<li>Type de m\u00e9moire: DDR5 SDRAM<\/li>\n<li>G\u00e9n\u00e9ration: septima generacion<\/li>\n<li>Cha\u00eenes: 2<\/li>\n<li>Exigences: 64 bits<\/li>\n<li>Utilisation recommand\u00e9e: PC de bureau<\/li>\n<li>Cache:\n<ul>\n<li>L3<\/li>\n<li>64 MB<\/li>\n<\/ul>\n<\/li>\n<li>Inclut: Dissipateur<\/li>\n<li>Processeur:\n<ul>\n<li>AMD Ryzen 9 7900<\/li>\n<li>AMD<\/li>\n<\/ul>\n<\/li>\n<li>Nombre de fils: 24<\/li>\n<li>Caract\u00e9ristiques:\n<ul>\n<li>No ECC<\/li>\n<li>Adaptateur graphique int\u00e9gr\u00e9<\/li>\n<\/ul>\n<\/li>\n<li>vitesse:\n<ul>\n<li>3,7 ghz<\/li>\n<li>5.4 GHz<\/li>\n<li>3600 MHz<\/li>\n<li>5,4 GHz<\/li>\n<\/ul>\n<\/li>\n<li>Compatible: pci express 5.0<\/li>\n<li>Vitesse de m\u00e9moire support\u00e9e:\n<ul>\n<li>3600 mhz<\/li>\n<li>5200 mhz<\/li>\n<\/ul>\n<\/li>\n<li>M\u00e9moire RAM maximale: 128 GB<\/li>\n<li>USB: 5<\/li>\n<li>Contr\u00f4leur graphique: AMD RADEON GRAPHICS<\/li>\n<li>Noyaux:\n<ul>\n<li>1 c\u0153ur<\/li>\n<li>12 Noyaux<\/li>\n<\/ul>\n<\/li>\n<li>Socket:\n<ul>\n<li>Socket AM4<\/li>\n<li>AMD AM5<\/li>\n<\/ul>\n<\/li>\n<li>consommation d&#8217;\u00e9nergie: 65 W<\/li>\n<li>Fr\u00e9quence: 3,2 GHz<\/li>\n<li>Couleur: Noir<\/li>\n<li>Dimensions approx.: 14 x 14 x 14 cm<\/li>\n<li>puissance: 65 W<\/li>\n<li>Non Inclus: Adaptateur graphique discret<\/li>\n<li>Famille de processeurs: AMD Ryzen 9<\/li>\n<li>Lithographie: 5 NM<\/li>\n<\/ul>","protected":false},"excerpt":{"rendered":"<p>Si vous \u00eates passionn\u00e9 d&#8217;informatique et d&#8217;\u00e9lectronique, si vous \u00eates \u00e0 la pointe de la technologie et qu&#8217;aucun d\u00e9tail ne vous \u00e9chappe, achetez Processeur AMD 7900 AMD AM5 3,7 ghz 5.4 GHz AMD Ryzen 9 7900 au meilleur prix. Le processeur AMD Ryzen 9 7900 est un composant haute performance con\u00e7u pour les utilisateurs exigeants [&hellip;]<\/p>\n","protected":false},"featured_media":78240,"comment_status":"open","ping_status":"closed","template":"","meta":[],"product_brand":[801],"product_cat":[65,584,743],"product_tag":[106],"class_list":{"0":"post-78272","1":"product","2":"type-product","3":"status-publish","4":"has-post-thumbnail","6":"product_brand-brandp_531","7":"product_cat-informatique-electronique","8":"product_cat-informatique-reseaux-et-composants","9":"product_cat-processeurs","10":"product_tag-tag_1295","12":"first","13":"instock","14":"taxable","15":"shipping-taxable","16":"purchasable","17":"product-type-simple"},"_links":{"self":[{"href":"https:\/\/bigbuy.tupique.com\/pt\/wp-json\/wp\/v2\/product\/78272","targetHints":{"allow":["GET"]}}],"collection":[{"href":"https:\/\/bigbuy.tupique.com\/pt\/wp-json\/wp\/v2\/product"}],"about":[{"href":"https:\/\/bigbuy.tupique.com\/pt\/wp-json\/wp\/v2\/types\/product"}],"replies":[{"embeddable":true,"href":"https:\/\/bigbuy.tupique.com\/pt\/wp-json\/wp\/v2\/comments?post=78272"}],"wp:featuredmedia":[{"embeddable":true,"href":"https:\/\/bigbuy.tupique.com\/pt\/wp-json\/wp\/v2\/media\/78240"}],"wp:attachment":[{"href":"https:\/\/bigbuy.tupique.com\/pt\/wp-json\/wp\/v2\/media?parent=78272"}],"wp:term":[{"taxonomy":"product_brand","embeddable":true,"href":"https:\/\/bigbuy.tupique.com\/pt\/wp-json\/wp\/v2\/product_brand?post=78272"},{"taxonomy":"product_cat","embeddable":true,"href":"https:\/\/bigbuy.tupique.com\/pt\/wp-json\/wp\/v2\/product_cat?post=78272"},{"taxonomy":"product_tag","embeddable":true,"href":"https:\/\/bigbuy.tupique.com\/pt\/wp-json\/wp\/v2\/product_tag?post=78272"}],"curies":[{"name":"wp","href":"https:\/\/api.w.org\/{rel}","templated":true}]}}