{"id":78202,"date":"2026-04-02T19:58:44","date_gmt":"2026-04-02T18:58:44","guid":{"rendered":"https:\/\/bigbuy.tupique.com\/produto\/processor-amd-100-100001236sbx-amd-ryzen-7-8700g-amd-am5-2\/"},"modified":"2026-04-15T08:30:47","modified_gmt":"2026-04-15T07:30:47","slug":"processor-amd-100-100001236sbx-amd-ryzen-7-8700g-amd-am5-2","status":"publish","type":"product","link":"https:\/\/bigbuy.tupique.com\/pt\/produto\/processor-amd-100-100001236sbx-amd-ryzen-7-8700g-amd-am5-2\/","title":{"rendered":"Processeur AMD 100-100001236SBX AMD RYZEN\u2122 7 8700G AMD AM5"},"content":{"rendered":"<p>Si vous \u00eates passionn\u00e9 d&#8217;<b>informatique et d&#8217;\u00e9lectronique<\/b>, si vous \u00eates \u00e0 la pointe de la technologie et qu&#8217;aucun d\u00e9tail ne vous \u00e9chappe, achetez <b>Processeur AMD 100-100001236SBX AMD RYZEN\u2122 7 8700G AMD AM5<\/b> au meilleur prix.<\/p>\n<p>Le <b>processeur AMD Ryzen 7 8700G<\/b> est un composant haute performance con\u00e7u pour les ordinateurs de bureau n\u00e9cessitant puissance et efficacit\u00e9. Il fait partie de la c\u00e9l\u00e8bre <b>famille AMD Ryzen 7<\/b> et se distingue par ses <b>8 c\u0153urs de traitement<\/b>, permettant une gestion simultan\u00e9e fluide de plusieurs t\u00e2ches et applications exigeantes. Sa <b>fr\u00e9quence maximale allant jusqu\u2019\u00e0 5,1 GHz<\/b> garantit une r\u00e9activit\u00e9 rapide dans les environnements de travail intensifs, l\u2019\u00e9dition multim\u00e9dia ou les jeux. Ce processeur utilise le <b>socket AMD AM5<\/b>, compatible avec les derni\u00e8res cartes m\u00e8res et technologies du march\u00e9, assurant une mise \u00e0 jour facile et une large compatibilit\u00e9. Parmi ses caract\u00e9ristiques techniques, on note une <b>m\u00e9moire cache de 16 Mo<\/b>, qui optimise l\u2019acc\u00e8s aux donn\u00e9es et am\u00e9liore l\u2019efficacit\u00e9 g\u00e9n\u00e9rale du syst\u00e8me. Con\u00e7u pour un \u00e9quilibre entre puissance et consommation, il offre un TDP de <b>65 W<\/b> et une consommation minimale de <b>45 W<\/b>, favorisant une gestion thermique adapt\u00e9e et contribuant \u00e0 des syst\u00e8mes plus silencieux et durables. Sa capacit\u00e9 \u00e0 fonctionner \u00e0 des <b>fr\u00e9quences m\u00e9moire de base de 3600 MHz<\/b> optimise les performances dans les applications n\u00e9cessitant une grande vitesse de traitement et de calcul. De plus, son poids l\u00e9ger de <b>250 grammes<\/b> refl\u00e8te une ing\u00e9nierie moderne maximisant les performances sans augmenter la consommation \u00e9nerg\u00e9tique ni les besoins en refroidissement. Ce processeur est destin\u00e9 aux utilisateurs avanc\u00e9s et environnements professionnels o\u00f9 l\u2019efficacit\u00e9 et l\u2019\u00e9quilibre entre performance et consommation \u00e9lectrique sont prioritaires. En r\u00e9sum\u00e9, le <b>AMD Ryzen 7 8700G<\/b> repr\u00e9sente une option solide pour configurer des ordinateurs puissants et polyvalents, adapt\u00e9s aux exigences actuelles de la technologie informatique.<\/p>\n<ul>\n<li>USB: 5<\/li>\n<li>Connexions: PCI Express 4.0<\/li>\n<li>Nombre de fils: 16<\/li>\n<li>Vitesse de m\u00e9moire support\u00e9e: 3600 mhz<\/li>\n<li>Type: Jeux<\/li>\n<li>Couleur: Noir<\/li>\n<li>Cache: 16 MB<\/li>\n<li>Poids approx.: 250 g<\/li>\n<li>puissance:\n<ul>\n<li>65 W<\/li>\n<li>45 W<\/li>\n<\/ul>\n<\/li>\n<li>vitesse: 3600 MHz<\/li>\n<li>Exigences: 64 bits<\/li>\n<li>Caract\u00e9ristiques: Adaptateur graphique int\u00e9gr\u00e9<\/li>\n<li>Non Inclus: Adaptateur graphique discret<\/li>\n<li>Interface: DirectX 12.0<\/li>\n<li>Version: 4.0<\/li>\n<li>PCI Express: X20<\/li>\n<li>Fr\u00e9quence: 5,1 GHz<\/li>\n<li>Noyaux: 8 Noyaux<\/li>\n<li>Socket: AMD AM5<\/li>\n<li>Famille de processeurs:\n<ul>\n<li>AMD Ryzen 7<\/li>\n<li>AMD<\/li>\n<\/ul>\n<\/li>\n<li>Contr\u00f4leur graphique: AMD RADEON 780M<\/li>\n<li>Processeur: AMD RYZEN\u2122 7 8700G<\/li>\n<\/ul>","protected":false},"excerpt":{"rendered":"<p>Si vous \u00eates passionn\u00e9 d&#8217;informatique et d&#8217;\u00e9lectronique, si vous \u00eates \u00e0 la pointe de la technologie et qu&#8217;aucun d\u00e9tail ne vous \u00e9chappe, achetez Processeur AMD 100-100001236SBX AMD RYZEN\u2122 7 8700G AMD AM5 au meilleur prix. Le processeur AMD Ryzen 7 8700G est un composant haute performance con\u00e7u pour les ordinateurs de bureau n\u00e9cessitant puissance et [&hellip;]<\/p>\n","protected":false},"featured_media":78195,"comment_status":"open","ping_status":"closed","template":"","meta":[],"product_brand":[801],"product_cat":[65,584,743],"product_tag":[106],"class_list":{"0":"post-78202","1":"product","2":"type-product","3":"status-publish","4":"has-post-thumbnail","6":"product_brand-brandp_531","7":"product_cat-informatique-electronique","8":"product_cat-informatique-reseaux-et-composants","9":"product_cat-processeurs","10":"product_tag-tag_1295","12":"first","13":"instock","14":"taxable","15":"shipping-taxable","16":"purchasable","17":"product-type-simple"},"_links":{"self":[{"href":"https:\/\/bigbuy.tupique.com\/pt\/wp-json\/wp\/v2\/product\/78202","targetHints":{"allow":["GET"]}}],"collection":[{"href":"https:\/\/bigbuy.tupique.com\/pt\/wp-json\/wp\/v2\/product"}],"about":[{"href":"https:\/\/bigbuy.tupique.com\/pt\/wp-json\/wp\/v2\/types\/product"}],"replies":[{"embeddable":true,"href":"https:\/\/bigbuy.tupique.com\/pt\/wp-json\/wp\/v2\/comments?post=78202"}],"wp:featuredmedia":[{"embeddable":true,"href":"https:\/\/bigbuy.tupique.com\/pt\/wp-json\/wp\/v2\/media\/78195"}],"wp:attachment":[{"href":"https:\/\/bigbuy.tupique.com\/pt\/wp-json\/wp\/v2\/media?parent=78202"}],"wp:term":[{"taxonomy":"product_brand","embeddable":true,"href":"https:\/\/bigbuy.tupique.com\/pt\/wp-json\/wp\/v2\/product_brand?post=78202"},{"taxonomy":"product_cat","embeddable":true,"href":"https:\/\/bigbuy.tupique.com\/pt\/wp-json\/wp\/v2\/product_cat?post=78202"},{"taxonomy":"product_tag","embeddable":true,"href":"https:\/\/bigbuy.tupique.com\/pt\/wp-json\/wp\/v2\/product_tag?post=78202"}],"curies":[{"name":"wp","href":"https:\/\/api.w.org\/{rel}","templated":true}]}}