{"id":78168,"date":"2026-04-02T19:57:42","date_gmt":"2026-04-02T18:57:42","guid":{"rendered":"https:\/\/bigbuy.tupique.com\/produto\/processor-amd-ryzen-9-9900x3d-amd-ryzen-9-9900x-amd-am5\/"},"modified":"2026-04-15T20:20:39","modified_gmt":"2026-04-15T19:20:39","slug":"processor-amd-ryzen-9-9900x3d-amd-ryzen-9-9900x-amd-am5","status":"publish","type":"product","link":"https:\/\/bigbuy.tupique.com\/pt\/produto\/processor-amd-ryzen-9-9900x3d-amd-ryzen-9-9900x-amd-am5\/","title":{"rendered":"Processeur AMD RYZEN 9 9900X3D AMD RYZEN\u2122 9 9900X AMD AM5"},"content":{"rendered":"<p>Si vous \u00eates passionn\u00e9 d&#8217;<b>informatique et d&#8217;\u00e9lectronique<\/b>, si vous \u00eates \u00e0 la pointe de la technologie et qu&#8217;aucun d\u00e9tail ne vous \u00e9chappe, achetez <b>Processeur AMD RYZEN 9 9900X3D AMD RYZEN\u2122 9 9900X AMD AM5<\/b> au meilleur prix.<\/p>\n<p>Le <b>processeur AMD<\/b> constitue un \u00e9l\u00e9ment cl\u00e9 des syst\u00e8mes informatiques, con\u00e7u pour offrir des performances efficaces et stables dans diverses t\u00e2ches de calcul. Bien qu\u2019aucun mod\u00e8le sp\u00e9cifique ni caract\u00e9ristiques techniques d\u00e9taill\u00e9es ne soient mentionn\u00e9s, les processeurs AMD sont reconnus pour leur architecture avanc\u00e9e bas\u00e9e sur des technologies optimisant la vitesse de traitement et la gestion efficace de la consommation \u00e9nerg\u00e9tique. Ces processeurs int\u00e8grent g\u00e9n\u00e9ralement plusieurs c\u0153urs et prennent en charge des protocoles modernes de m\u00e9moire et de connectivit\u00e9, permettant une ex\u00e9cution fluide aussi bien dans les applications bureautiques que dans les environnements gaming ou professionnels exigeant de hautes capacit\u00e9s de calcul. L\u2019atout principal d\u2019AMD r\u00e9side dans l\u2019\u00e9quilibre entre co\u00fbt et performance, en faisant une alternative comp\u00e9titive sur le march\u00e9 des CPU. Ce produit s\u2019adapte \u00e0 divers types de configurations, des ordinateurs de bureau aux stations de travail n\u00e9cessitant stabilit\u00e9 et puissance de traitement. En r\u00e9sum\u00e9, ce <b>processeur AMD<\/b> fournit la base technologique n\u00e9cessaire pour garantir une efficacit\u00e9 op\u00e9rationnelle et une exp\u00e9rience utilisateur optimale dans les syst\u00e8mes informatiques contemporains.<\/p>\n<ul>\n<li>Type de m\u00e9moire: DDR5 SDRAM<\/li>\n<li>Cha\u00eenes: 2<\/li>\n<li>Utilisation recommand\u00e9e: PC de bureau<\/li>\n<li>vitesse: 4.4 GHz<\/li>\n<li>Nombre de fils: 24<\/li>\n<li>Compatible: pci express 5.0<\/li>\n<li>Non Inclus:\n<ul>\n<li>Dissipateur<\/li>\n<li>Adaptateur graphique discret<\/li>\n<\/ul>\n<\/li>\n<li>Vitesse de m\u00e9moire support\u00e9e: 3600 mhz<\/li>\n<li>Processeur:\n<ul>\n<li>AMD RYZEN\u2122 9 7900X3D<\/li>\n<li>AMD<\/li>\n<li>AMD RYZEN\u2122 9 9900X<\/li>\n<\/ul>\n<\/li>\n<li>Socket:\n<ul>\n<li>Socket AM4<\/li>\n<li>AMD AM5<\/li>\n<\/ul>\n<\/li>\n<li>consommation d&#8217;\u00e9nergie: 120 W<\/li>\n<li>Dimensions approx.: 13 x 4 x 13 cm<\/li>\n<li>Couleur: Blanc<\/li>\n<li>puissance: 120 W<\/li>\n<li>Exigences: 64 bits<\/li>\n<li>Caract\u00e9ristiques: Adaptateur graphique int\u00e9gr\u00e9<\/li>\n<li>Noyaux: 12 Noyaux<\/li>\n<li>Famille de processeurs:\n<ul>\n<li>AMD Ryzen 9<\/li>\n<li>AMD<\/li>\n<\/ul>\n<\/li>\n<li>Contr\u00f4leur graphique: AMD RADEON GRAPHICS<\/li>\n<\/ul>","protected":false},"excerpt":{"rendered":"<p>Si vous \u00eates passionn\u00e9 d&#8217;informatique et d&#8217;\u00e9lectronique, si vous \u00eates \u00e0 la pointe de la technologie et qu&#8217;aucun d\u00e9tail ne vous \u00e9chappe, achetez Processeur AMD RYZEN 9 9900X3D AMD RYZEN\u2122 9 9900X AMD AM5 au meilleur prix. Le processeur AMD constitue un \u00e9l\u00e9ment cl\u00e9 des syst\u00e8mes informatiques, con\u00e7u pour offrir des performances efficaces et stables [&hellip;]<\/p>\n","protected":false},"featured_media":78158,"comment_status":"open","ping_status":"closed","template":"","meta":[],"product_brand":[801],"product_cat":[65,584,743],"product_tag":[106],"class_list":{"0":"post-78168","1":"product","2":"type-product","3":"status-publish","4":"has-post-thumbnail","6":"product_brand-brandp_531","7":"product_cat-informatique-electronique","8":"product_cat-informatique-reseaux-et-composants","9":"product_cat-processeurs","10":"product_tag-tag_1295","12":"first","13":"instock","14":"taxable","15":"shipping-taxable","16":"purchasable","17":"product-type-simple"},"_links":{"self":[{"href":"https:\/\/bigbuy.tupique.com\/pt\/wp-json\/wp\/v2\/product\/78168","targetHints":{"allow":["GET"]}}],"collection":[{"href":"https:\/\/bigbuy.tupique.com\/pt\/wp-json\/wp\/v2\/product"}],"about":[{"href":"https:\/\/bigbuy.tupique.com\/pt\/wp-json\/wp\/v2\/types\/product"}],"replies":[{"embeddable":true,"href":"https:\/\/bigbuy.tupique.com\/pt\/wp-json\/wp\/v2\/comments?post=78168"}],"wp:featuredmedia":[{"embeddable":true,"href":"https:\/\/bigbuy.tupique.com\/pt\/wp-json\/wp\/v2\/media\/78158"}],"wp:attachment":[{"href":"https:\/\/bigbuy.tupique.com\/pt\/wp-json\/wp\/v2\/media?parent=78168"}],"wp:term":[{"taxonomy":"product_brand","embeddable":true,"href":"https:\/\/bigbuy.tupique.com\/pt\/wp-json\/wp\/v2\/product_brand?post=78168"},{"taxonomy":"product_cat","embeddable":true,"href":"https:\/\/bigbuy.tupique.com\/pt\/wp-json\/wp\/v2\/product_cat?post=78168"},{"taxonomy":"product_tag","embeddable":true,"href":"https:\/\/bigbuy.tupique.com\/pt\/wp-json\/wp\/v2\/product_tag?post=78168"}],"curies":[{"name":"wp","href":"https:\/\/api.w.org\/{rel}","templated":true}]}}