{"id":77988,"date":"2026-04-02T19:47:07","date_gmt":"2026-04-02T18:47:07","guid":{"rendered":"https:\/\/bigbuy.tupique.com\/produto\/external-hard-drive-western-digital-elements-desktop-black-22-tb\/"},"modified":"2026-04-15T16:14:13","modified_gmt":"2026-04-15T15:14:13","slug":"external-hard-drive-western-digital-elements-desktop-black-22-tb","status":"publish","type":"product","link":"https:\/\/bigbuy.tupique.com\/pt\/produto\/external-hard-drive-western-digital-elements-desktop-black-22-tb\/","title":{"rendered":"Disque Dur Externe Western Digital Elements Desktop Noir 22 TB"},"content":{"rendered":"<p>Si vous \u00eates passionn\u00e9 d&#8217;<b>informatique et d&#8217;\u00e9lectronique<\/b>, si vous \u00eates \u00e0 la pointe de la technologie et qu&#8217;aucun d\u00e9tail ne vous \u00e9chappe, achetez <b>Disque Dur Externe Western Digital Elements Desktop Noir 22 TB<\/b> au meilleur prix.<\/p>\n<p>Le <b>Western Digital Elements Desktop<\/b> est un <b>disque dur externe<\/b> performant con\u00e7u pour r\u00e9pondre aux besoins de stockage massif et de s\u00e9curit\u00e9 des donn\u00e9es en environnements domestiques et professionnels. Avec une capacit\u00e9 impressionnante de <b>22 To<\/b>, ce disque dur de bureau de <b>3,5 pouces<\/b> permet de stocker de grandes quantit\u00e9s d\u2019informations, des fichiers multim\u00e9dias haute r\u00e9solution aux sauvegardes compl\u00e8tes, offrant une solution fiable pour les utilisateurs ayant de fortes exigences d\u2019espace. Sa connexion via <b>USB 3.2 Gen 1<\/b> assure des vitesses de transfert rapides et stables, facilitant une gestion efficace des donn\u00e9es et une utilisation fluide. L\u2019appareil inclut un connecteur <b>Micro-B<\/b> et n\u00e9cessite une alimentation externe, garantissant un fonctionnement optimal et constant. Il est sp\u00e9cialement con\u00e7u pour \u00eatre compatible avec Windows 10 ou versions ult\u00e9rieures, bien qu\u2019un reformatage puisse \u00eatre n\u00e9cessaire pour macOS, assurant ainsi une grande polyvalence selon l\u2019environnement informatique. Ses dimensions compactes de <b>135 x 48 x 165,8 mm<\/b> et un poids de <b>900 g<\/b> facilitent son int\u00e9gration dans tout espace de travail ou bureau, avec un design discret en finition noire qui s\u2019adapte \u00e0 tout environnement. Ce pack comprend le disque dur, un c\u00e2ble USB-A SuperSpeed supportant jusqu\u2019\u00e0 5 Gb\/s, un adaptateur secteur et un guide d\u2019installation rapide pour une mise en route imm\u00e9diate. De plus, il dispose de certifications reconnues telles que FCC-ICES, CE, BIS, EAC, RCM, VCCI, KC, LoA et UKCA, garantissant sa conformit\u00e9 aux normes internationales de qualit\u00e9 et s\u00e9curit\u00e9. En r\u00e9sum\u00e9, le <b>Western Digital Elements Desktop<\/b> est une solution externe solide et polyvalente combinant grande capacit\u00e9, connectivit\u00e9 avanc\u00e9e et fiabilit\u00e9, id\u00e9ale pour les utilisateurs n\u00e9cessitant un support de donn\u00e9es stable et volumineux.<\/p>\n<ul>\n<li>Type:\n<ul>\n<li>Disque Dur Externe<\/li>\n<li>HDD<\/li>\n<\/ul>\n<\/li>\n<li>Connexions:\n<ul>\n<li>USB 3.0<\/li>\n<li>USB<\/li>\n<li>Micro USB B<\/li>\n<li>USB 3.2<\/li>\n<\/ul>\n<\/li>\n<li>Syst\u00e8me d&#8217;exploitation:\n<ul>\n<li>Windows 10<\/li>\n<li>Windows 7<\/li>\n<li>Windows 8.1<\/li>\n<\/ul>\n<\/li>\n<li>Ethernet: Non<\/li>\n<li>Inclut: C\u00e2ble USB<\/li>\n<li>Largeur: 48 mm<\/li>\n<li>Profondeur: 135 mm<\/li>\n<li>Couleur: Noir<\/li>\n<li>Caract\u00e9ristiques: Plug and play<\/li>\n<li>Taille: 3,5&#8243;<\/li>\n<li>Non Inclus: Wi-Fi<\/li>\n<li>Compatible:\n<ul>\n<li>PC<\/li>\n<li>Ordinateurs<\/li>\n<\/ul>\n<\/li>\n<li>Disque dur: 22 TB<\/li>\n<\/ul>","protected":false},"excerpt":{"rendered":"<p>Si vous \u00eates passionn\u00e9 d&#8217;informatique et d&#8217;\u00e9lectronique, si vous \u00eates \u00e0 la pointe de la technologie et qu&#8217;aucun d\u00e9tail ne vous \u00e9chappe, achetez Disque Dur Externe Western Digital Elements Desktop Noir 22 TB au meilleur prix. Le Western Digital Elements Desktop est un disque dur externe performant con\u00e7u pour r\u00e9pondre aux besoins de stockage massif [&hellip;]<\/p>\n","protected":false},"featured_media":77942,"comment_status":"open","ping_status":"closed","template":"","meta":[],"product_brand":[792],"product_cat":[588,65,584],"product_tag":[106],"class_list":{"0":"post-77988","1":"product","2":"type-product","3":"status-publish","4":"has-post-thumbnail","6":"product_brand-brandp_589","7":"product_cat-disques-durs","8":"product_cat-informatique-electronique","9":"product_cat-informatique-reseaux-et-composants","10":"product_tag-tag_1295","12":"first","13":"instock","14":"taxable","15":"shipping-taxable","16":"purchasable","17":"product-type-simple"},"_links":{"self":[{"href":"https:\/\/bigbuy.tupique.com\/pt\/wp-json\/wp\/v2\/product\/77988","targetHints":{"allow":["GET"]}}],"collection":[{"href":"https:\/\/bigbuy.tupique.com\/pt\/wp-json\/wp\/v2\/product"}],"about":[{"href":"https:\/\/bigbuy.tupique.com\/pt\/wp-json\/wp\/v2\/types\/product"}],"replies":[{"embeddable":true,"href":"https:\/\/bigbuy.tupique.com\/pt\/wp-json\/wp\/v2\/comments?post=77988"}],"wp:featuredmedia":[{"embeddable":true,"href":"https:\/\/bigbuy.tupique.com\/pt\/wp-json\/wp\/v2\/media\/77942"}],"wp:attachment":[{"href":"https:\/\/bigbuy.tupique.com\/pt\/wp-json\/wp\/v2\/media?parent=77988"}],"wp:term":[{"taxonomy":"product_brand","embeddable":true,"href":"https:\/\/bigbuy.tupique.com\/pt\/wp-json\/wp\/v2\/product_brand?post=77988"},{"taxonomy":"product_cat","embeddable":true,"href":"https:\/\/bigbuy.tupique.com\/pt\/wp-json\/wp\/v2\/product_cat?post=77988"},{"taxonomy":"product_tag","embeddable":true,"href":"https:\/\/bigbuy.tupique.com\/pt\/wp-json\/wp\/v2\/product_tag?post=77988"}],"curies":[{"name":"wp","href":"https:\/\/api.w.org\/{rel}","templated":true}]}}