{"id":77749,"date":"2026-04-02T19:32:26","date_gmt":"2026-04-02T18:32:26","guid":{"rendered":"https:\/\/bigbuy.tupique.com\/produto\/power-supply-hpe-p03178-b21-1000-w-80-plus-titanium\/"},"modified":"2026-04-15T08:30:12","modified_gmt":"2026-04-15T07:30:12","slug":"power-supply-hpe-p03178-b21-1000-w-80-plus-titanium","status":"publish","type":"product","link":"https:\/\/bigbuy.tupique.com\/pt\/produto\/power-supply-hpe-p03178-b21-1000-w-80-plus-titanium\/","title":{"rendered":"Bloc d\u2019Alimentation HPE P03178-B21 1000 W 80 PLUS Titanium"},"content":{"rendered":"<p>Si vous \u00eates passionn\u00e9 d&#8217;<b>informatique et d&#8217;\u00e9lectronique<\/b>, si vous \u00eates \u00e0 la pointe de la technologie et qu&#8217;aucun d\u00e9tail ne vous \u00e9chappe, achetez <b>Bloc d\u2019Alimentation HPE P03178-B21 1000 W 80 PLUS Titanium<\/b> au meilleur prix.<\/p>\n<p>Le <b>bloc d\u2019alimentation<\/b> <b>HPE P03178-B21<\/b> est con\u00e7u comme une solution hautes performances et haute efficacit\u00e9 pour les environnements professionnels, offrant une <b>puissance de 1000 W<\/b> stable pour les syst\u00e8mes n\u00e9cessitant plusieurs composants \u00e0 forte consommation. Il int\u00e8gre la <b>certification 80 PLUS Titanium<\/b>, la norme la plus exigeante en mati\u00e8re d\u2019efficacit\u00e9 \u00e9nerg\u00e9tique, ce qui se traduit par une consommation \u00e9lectrique r\u00e9duite, une moindre production de chaleur et une fiabilit\u00e9 accrue \u00e0 long terme, des aspects essentiels pour les serveurs, stations de travail avanc\u00e9es et \u00e9quipements critiques. Il fonctionne via une <b>alimentation secteur<\/b> avec une large plage d\u2019entr\u00e9e de <b>100 &#8211; 240 V<\/b>, ce qui renforce sa compatibilit\u00e9 avec diff\u00e9rentes infrastructures \u00e9lectriques et facilite son int\u00e9gration dans les centres de donn\u00e9es ou installations d\u2019entreprise. Son design <b>noir et argent<\/b> s\u2019adapte aux ch\u00e2ssis et baies professionnels, conservant une apparence sobre et homog\u00e8ne avec le mat\u00e9riel HPE. Il dispose de <b>c\u00e2bles modulaires<\/b>, permettant de ne connecter que les c\u00e2bles n\u00e9cessaires \u00e0 chaque configuration afin d\u2019optimiser la gestion du c\u00e2blage et le flux d\u2019air interne de l\u2019\u00e9quipement, et comprend en outre des <b>c\u00e2bles blind\u00e9s<\/b> qui contribuent \u00e0 r\u00e9duire les interf\u00e9rences et \u00e0 am\u00e9liorer la stabilit\u00e9 de l\u2019alimentation. Le connecteur \u00e0 <b>prise UE<\/b> assure une compatibilit\u00e9 directe avec les installations europ\u00e9ennes sans adaptateurs suppl\u00e9mentaires. Ce bloc d\u2019alimentation HPE P03178-B21 constitue une solution adapt\u00e9e pour ceux qui recherchent une alimentation de 1000 W efficace, fiable et pr\u00eate pour une utilisation intensive dans les environnements informatiques professionnels.<\/p>\n<ul>\n<li>Type: Bloc d\u2019Alimentation<\/li>\n<li>Type de prise: Prise EU<\/li>\n<li>Produit \u00e0 brancher: Oui<\/li>\n<li>Bloc d\u2019Alimentation: r\u00e9seau \u00e9lectrique<\/li>\n<li>Couleur:\n<ul>\n<li>Noir<\/li>\n<li>Argent\u00e9<\/li>\n<\/ul>\n<\/li>\n<li>puissance: 1000 W<\/li>\n<li>Tension: 100 &#8211; 240 V<\/li>\n<li>Certificat: 80 PLUS Titanium<\/li>\n<\/ul>","protected":false},"excerpt":{"rendered":"<p>Si vous \u00eates passionn\u00e9 d&#8217;informatique et d&#8217;\u00e9lectronique, si vous \u00eates \u00e0 la pointe de la technologie et qu&#8217;aucun d\u00e9tail ne vous \u00e9chappe, achetez Bloc d\u2019Alimentation HPE P03178-B21 1000 W 80 PLUS Titanium au meilleur prix. Le bloc d\u2019alimentation HPE P03178-B21 est con\u00e7u comme une solution hautes performances et haute efficacit\u00e9 pour les environnements professionnels, offrant [&hellip;]<\/p>\n","protected":false},"featured_media":77741,"comment_status":"open","ping_status":"closed","template":"","meta":[],"product_brand":[644],"product_cat":[65,584,618],"product_tag":[210,106],"class_list":{"0":"post-77749","1":"product","2":"type-product","3":"status-publish","4":"has-post-thumbnail","6":"product_brand-brandp_662","7":"product_cat-informatique-electronique","8":"product_cat-informatique-reseaux-et-composants","9":"product_cat-sources-d-alimentation","10":"product_tag-tag_25","11":"product_tag-tag_1295","13":"first","14":"instock","15":"taxable","16":"shipping-taxable","17":"purchasable","18":"product-type-simple"},"_links":{"self":[{"href":"https:\/\/bigbuy.tupique.com\/pt\/wp-json\/wp\/v2\/product\/77749","targetHints":{"allow":["GET"]}}],"collection":[{"href":"https:\/\/bigbuy.tupique.com\/pt\/wp-json\/wp\/v2\/product"}],"about":[{"href":"https:\/\/bigbuy.tupique.com\/pt\/wp-json\/wp\/v2\/types\/product"}],"replies":[{"embeddable":true,"href":"https:\/\/bigbuy.tupique.com\/pt\/wp-json\/wp\/v2\/comments?post=77749"}],"wp:featuredmedia":[{"embeddable":true,"href":"https:\/\/bigbuy.tupique.com\/pt\/wp-json\/wp\/v2\/media\/77741"}],"wp:attachment":[{"href":"https:\/\/bigbuy.tupique.com\/pt\/wp-json\/wp\/v2\/media?parent=77749"}],"wp:term":[{"taxonomy":"product_brand","embeddable":true,"href":"https:\/\/bigbuy.tupique.com\/pt\/wp-json\/wp\/v2\/product_brand?post=77749"},{"taxonomy":"product_cat","embeddable":true,"href":"https:\/\/bigbuy.tupique.com\/pt\/wp-json\/wp\/v2\/product_cat?post=77749"},{"taxonomy":"product_tag","embeddable":true,"href":"https:\/\/bigbuy.tupique.com\/pt\/wp-json\/wp\/v2\/product_tag?post=77749"}],"curies":[{"name":"wp","href":"https:\/\/api.w.org\/{rel}","templated":true}]}}