{"id":77600,"date":"2026-04-02T19:24:15","date_gmt":"2026-04-02T18:24:15","guid":{"rendered":"https:\/\/bigbuy.tupique.com\/produto\/hard-drive-synology-hat5320-8t-35-8-tb-hdd\/"},"modified":"2026-05-11T19:55:57","modified_gmt":"2026-05-11T17:55:57","slug":"hard-drive-synology-hat5320-8t-35-8-tb-hdd","status":"publish","type":"product","link":"https:\/\/bigbuy.tupique.com\/pt\/produto\/hard-drive-synology-hat5320-8t-35-8-tb-hdd\/","title":{"rendered":"Disque dur Synology HAT5320-8T 3,5&#8243; 8 TB HDD"},"content":{"rendered":"<p>Si vous \u00eates passionn\u00e9 d&#8217;<b>informatique et d&#8217;\u00e9lectronique<\/b>, si vous \u00eates \u00e0 la pointe de la technologie et qu&#8217;aucun d\u00e9tail ne vous \u00e9chappe, achetez <b>Disque dur Synology HAT5320-8T 3,5&#8243; 8 TB HDD<\/b> au meilleur prix.<\/p>\n<ul>\n<li>Type:\n<ul>\n<li>Disque dur interne<\/li>\n<li>HDD<\/li>\n<\/ul>\n<\/li>\n<li>Technologie: Magn\u00e9tique<\/li>\n<li>Utilisation recommand\u00e9e: NAS<\/li>\n<li>Poids: 690 g<\/li>\n<li>vitesse: 7200 rpm<\/li>\n<li>Disque dur:\n<ul>\n<li>8 TB<\/li>\n<li>8 TB HDD<\/li>\n<\/ul>\n<\/li>\n<li>Mati\u00e8re: Plastique<\/li>\n<li>Vitesse de rotation: 7200 rpm<\/li>\n<li>Connexions: SATA<\/li>\n<li>Taille: 3,5&#8243;<\/li>\n<li>Temp\u00e9rature approximative: -40\u00ba \/ 70\u00ba<\/li>\n<li>Buffer: 512 MB<\/li>\n<\/ul>","protected":false},"excerpt":{"rendered":"<p>Si vous \u00eates passionn\u00e9 d&#8217;informatique et d&#8217;\u00e9lectronique, si vous \u00eates \u00e0 la pointe de la technologie et qu&#8217;aucun d\u00e9tail ne vous \u00e9chappe, achetez Disque dur Synology HAT5320-8T 3,5&#8243; 8 TB HDD au meilleur prix. Type: Disque dur interne HDD Technologie: Magn\u00e9tique Utilisation recommand\u00e9e: NAS Poids: 690 g vitesse: 7200 rpm Disque dur: 8 TB 8 [&hellip;]<\/p>\n","protected":false},"featured_media":191696,"comment_status":"open","ping_status":"closed","template":"","meta":[],"product_brand":[990],"product_cat":[588,65,584],"product_tag":[106],"class_list":{"0":"post-77600","1":"product","2":"type-product","3":"status-publish","4":"has-post-thumbnail","6":"product_brand-brandp_653","7":"product_cat-disques-durs","8":"product_cat-informatique-electronique","9":"product_cat-informatique-reseaux-et-composants","10":"product_tag-tag_1295","12":"first","13":"instock","14":"taxable","15":"shipping-taxable","16":"purchasable","17":"product-type-simple"},"_links":{"self":[{"href":"https:\/\/bigbuy.tupique.com\/pt\/wp-json\/wp\/v2\/product\/77600","targetHints":{"allow":["GET"]}}],"collection":[{"href":"https:\/\/bigbuy.tupique.com\/pt\/wp-json\/wp\/v2\/product"}],"about":[{"href":"https:\/\/bigbuy.tupique.com\/pt\/wp-json\/wp\/v2\/types\/product"}],"replies":[{"embeddable":true,"href":"https:\/\/bigbuy.tupique.com\/pt\/wp-json\/wp\/v2\/comments?post=77600"}],"wp:featuredmedia":[{"embeddable":true,"href":"https:\/\/bigbuy.tupique.com\/pt\/wp-json\/wp\/v2\/media\/191696"}],"wp:attachment":[{"href":"https:\/\/bigbuy.tupique.com\/pt\/wp-json\/wp\/v2\/media?parent=77600"}],"wp:term":[{"taxonomy":"product_brand","embeddable":true,"href":"https:\/\/bigbuy.tupique.com\/pt\/wp-json\/wp\/v2\/product_brand?post=77600"},{"taxonomy":"product_cat","embeddable":true,"href":"https:\/\/bigbuy.tupique.com\/pt\/wp-json\/wp\/v2\/product_cat?post=77600"},{"taxonomy":"product_tag","embeddable":true,"href":"https:\/\/bigbuy.tupique.com\/pt\/wp-json\/wp\/v2\/product_tag?post=77600"}],"curies":[{"name":"wp","href":"https:\/\/api.w.org\/{rel}","templated":true}]}}