{"id":77419,"date":"2026-04-02T19:18:23","date_gmt":"2026-04-02T18:18:23","guid":{"rendered":"https:\/\/bigbuy.tupique.com\/produto\/hard-drive-msi-spatium-m480-pro-2-tb-ssd\/"},"modified":"2026-04-15T08:30:01","modified_gmt":"2026-04-15T07:30:01","slug":"hard-drive-msi-spatium-m480-pro-2-tb-ssd","status":"publish","type":"product","link":"https:\/\/bigbuy.tupique.com\/pt\/produto\/hard-drive-msi-spatium-m480-pro-2-tb-ssd\/","title":{"rendered":"Disque dur MSI SPATIUM M480 Pro 2 TB SSD"},"content":{"rendered":"<p>Si vous \u00eates passionn\u00e9 d&#8217;<b>informatique et d&#8217;\u00e9lectronique<\/b>, si vous \u00eates \u00e0 la pointe de la technologie et qu&#8217;aucun d\u00e9tail ne vous \u00e9chappe, achetez <b>Disque dur MSI SPATIUM M480 Pro 2 TB SSD<\/b> au meilleur prix.<\/p>\n<p>Le <b>SPATIUM M480 Pro<\/b> de MSI est un <b>SSD interne<\/b> con\u00e7u pour ceux qui recherchent des performances \u00e9lev\u00e9es et une grande fiabilit\u00e9 en mati\u00e8re de stockage, se distinguant par son format <b>M.2<\/b> et sa compatibilit\u00e9 avec l\u2019interface avanc\u00e9e <b>PCI Express 4.0<\/b>, garantissant des vitesses de transfert ultra-rapides, id\u00e9ales pour les syst\u00e8mes de bureau et portables modernes. Ce mod\u00e8le offre une <b>capacit\u00e9 de 2 To<\/b>, fournissant un espace g\u00e9n\u00e9reux pour les syst\u00e8mes d\u2019exploitation, applications, jeux vid\u00e9o et fichiers multim\u00e9dias volumineux sans contrainte de stockage. Ses performances se traduisent par une <b>vitesse de lecture allant jusqu\u2019\u00e0 7 400 Mo\/s<\/b> et une \u00e9criture s\u00e9quentielle atteignant <b>7 000 Mo\/s<\/b>, le pla\u00e7ant \u00e0 l\u2019avant-garde des SSD M.2 PCIe 4.0 et permettant des chargements instantan\u00e9s, des transferts massifs sans attente et une nette am\u00e9lioration de la r\u00e9activit\u00e9 globale du syst\u00e8me. Son design compact de 22 mm de large assure une compatibilit\u00e9 maximale avec les cartes m\u00e8res prenant en charge le standard M.2, id\u00e9al aussi bien pour les configurations hautes performances que pour les syst\u00e8mes compacts o\u00f9 l\u2019espace interne est limit\u00e9. La technologie m\u00e9moire int\u00e9gr\u00e9e permet une gestion efficace des ressources, tandis que la compatibilit\u00e9 avec des technologies comme la <b>DDR5 SDRAM<\/b> au niveau syst\u00e8me \u00e9largit ses possibilit\u00e9s dans des environnements exigeants et multit\u00e2ches. Avec une finition \u00e9l\u00e9gante en <b>noir<\/b>, le SPATIUM M480 Pro s\u2019int\u00e8gre harmonieusement \u00e0 toute configuration. Ce SSD est un choix judicieux pour les passionn\u00e9s, cr\u00e9ateurs de contenu ou gamers souhaitant maximiser le potentiel de leur \u00e9quipement et profiter des derni\u00e8res avanc\u00e9es en stockage NVMe. Ce mod\u00e8le incarne l\u2019engagement de MSI envers l\u2019innovation et l\u2019excellence dans les solutions de stockage haut de gamme.<\/p>\n<ul>\n<li>Type:\n<ul>\n<li>Interne<\/li>\n<li>SSD<\/li>\n<\/ul>\n<\/li>\n<li>Largeur:\n<ul>\n<li>22 mm<\/li>\n<li>2,2 cm<\/li>\n<\/ul>\n<\/li>\n<li>Disque dur: 2 TB SSD<\/li>\n<li>Utilisation recommand\u00e9e: PC de bureau<\/li>\n<li>Long: 8 cm<\/li>\n<li>vitesse:\n<ul>\n<li>7000 MB\/s<\/li>\n<li>6000 MB\/s<\/li>\n<li>7400 MB\/s<\/li>\n<\/ul>\n<\/li>\n<li>Connexions:\n<ul>\n<li>PCI Express 4.0<\/li>\n<li>PCIe<\/li>\n<li>M.2 2280<\/li>\n<li>M.2<\/li>\n<\/ul>\n<\/li>\n<li>Couleur: Noir<\/li>\n<li>Type de m\u00e9moire:\n<ul>\n<li>DDR5 SDRAM<\/li>\n<li>3D NAND<\/li>\n<\/ul>\n<\/li>\n<li>Langue: Anglais<\/li>\n<li>Compatible:\n<ul>\n<li>SSD NVMe<\/li>\n<li>Ordinateurs<\/li>\n<li>PC\/Notebook<\/li>\n<li>NVMe 1.4<\/li>\n<\/ul>\n<\/li>\n<li>Syst\u00e8me d&#8217;exploitation: Windows 10 Pro<\/li>\n<li>Plage de temp\u00e9ratures de travail: 0\u00ba \/ 70\u00ba<\/li>\n<li>Type de stockage: SSD<\/li>\n<\/ul>","protected":false},"excerpt":{"rendered":"<p>Si vous \u00eates passionn\u00e9 d&#8217;informatique et d&#8217;\u00e9lectronique, si vous \u00eates \u00e0 la pointe de la technologie et qu&#8217;aucun d\u00e9tail ne vous \u00e9chappe, achetez Disque dur MSI SPATIUM M480 Pro 2 TB SSD au meilleur prix. Le SPATIUM M480 Pro de MSI est un SSD interne con\u00e7u pour ceux qui recherchent des performances \u00e9lev\u00e9es et une [&hellip;]<\/p>\n","protected":false},"featured_media":77390,"comment_status":"open","ping_status":"closed","template":"","meta":[],"product_brand":[975],"product_cat":[588,65,584],"product_tag":[106],"class_list":{"0":"post-77419","1":"product","2":"type-product","3":"status-publish","4":"has-post-thumbnail","6":"product_brand-brandp_565","7":"product_cat-disques-durs","8":"product_cat-informatique-electronique","9":"product_cat-informatique-reseaux-et-composants","10":"product_tag-tag_1295","12":"first","13":"instock","14":"taxable","15":"shipping-taxable","16":"purchasable","17":"product-type-simple"},"_links":{"self":[{"href":"https:\/\/bigbuy.tupique.com\/pt\/wp-json\/wp\/v2\/product\/77419","targetHints":{"allow":["GET"]}}],"collection":[{"href":"https:\/\/bigbuy.tupique.com\/pt\/wp-json\/wp\/v2\/product"}],"about":[{"href":"https:\/\/bigbuy.tupique.com\/pt\/wp-json\/wp\/v2\/types\/product"}],"replies":[{"embeddable":true,"href":"https:\/\/bigbuy.tupique.com\/pt\/wp-json\/wp\/v2\/comments?post=77419"}],"wp:featuredmedia":[{"embeddable":true,"href":"https:\/\/bigbuy.tupique.com\/pt\/wp-json\/wp\/v2\/media\/77390"}],"wp:attachment":[{"href":"https:\/\/bigbuy.tupique.com\/pt\/wp-json\/wp\/v2\/media?parent=77419"}],"wp:term":[{"taxonomy":"product_brand","embeddable":true,"href":"https:\/\/bigbuy.tupique.com\/pt\/wp-json\/wp\/v2\/product_brand?post=77419"},{"taxonomy":"product_cat","embeddable":true,"href":"https:\/\/bigbuy.tupique.com\/pt\/wp-json\/wp\/v2\/product_cat?post=77419"},{"taxonomy":"product_tag","embeddable":true,"href":"https:\/\/bigbuy.tupique.com\/pt\/wp-json\/wp\/v2\/product_tag?post=77419"}],"curies":[{"name":"wp","href":"https:\/\/api.w.org\/{rel}","templated":true}]}}