{"id":76686,"date":"2026-04-02T18:35:39","date_gmt":"2026-04-02T17:35:39","guid":{"rendered":"https:\/\/bigbuy.tupique.com\/produto\/graphics-card-asus-90yv0mp0-m0na00-geforce-rtx-5060-ti-8-gb-gddr6-gddr7\/"},"modified":"2026-04-15T08:29:52","modified_gmt":"2026-04-15T07:29:52","slug":"graphics-card-asus-90yv0mp0-m0na00-geforce-rtx-5060-ti-8-gb-gddr6-gddr7","status":"publish","type":"product","link":"https:\/\/bigbuy.tupique.com\/pt\/produto\/graphics-card-asus-90yv0mp0-m0na00-geforce-rtx-5060-ti-8-gb-gddr6-gddr7\/","title":{"rendered":"Carte Graphique Asus 90YV0MP0-M0NA00 geforce rtx 5060 ti 8 GB GDDR6 GDDR7"},"content":{"rendered":"<p>Si vous \u00eates passionn\u00e9 d&#8217;<b>informatique et d&#8217;\u00e9lectronique<\/b>, si vous \u00eates \u00e0 la pointe de la technologie et qu&#8217;aucun d\u00e9tail ne vous \u00e9chappe, achetez <b>Carte Graphique Asus 90YV0MP0-M0NA00 geforce rtx 5060 ti 8 GB GDDR6 GDDR7<\/b> au meilleur prix.<\/p>\n<p>La <b>carte graphique<\/b> <b>Asus 90YV0MP0-M0NA00<\/b> \u00e9quip\u00e9e du puissant <b>chipset NVIDIA GeForce RTX 5060 Ti<\/b> offre des performances avanc\u00e9es pour les utilisateurs exigeants dans des domaines tels que le gaming, la cr\u00e9ation de contenu et les applications graphiques professionnelles. Elle dispose d\u2019une m\u00e9moire rapide de <b>8 Go GDDR7<\/b>, avec une interface de <b>128 bits<\/b> et un d\u00e9bit de transfert de <b>28 Gbps<\/b>, permettant de g\u00e9rer textures et processus graphiques complexes avec fluidit\u00e9 et efficacit\u00e9. Sa fr\u00e9quence atteint jusqu\u2019\u00e0 <b>2647 MHz en mode OC<\/b> et <b>2617 MHz en mode boost<\/b>, garantissant une puissance stable m\u00eame pour les t\u00e2ches les plus lourdes. Con\u00e7ue pour se connecter via un slot <b>PCI Express 5.0<\/b>, elle assure une compatibilit\u00e9 avec les derni\u00e8res cartes m\u00e8res et un transfert optimal des donn\u00e9es. C\u00f4t\u00e9 connectivit\u00e9, elle int\u00e8gre <b>1 port HDMI 2.1b<\/b> et <b>3 ports DisplayPort 2.1b<\/b>, facilitant la configuration de jusqu\u2019\u00e0 quatre \u00e9crans simultan\u00e9ment, avec prise en charge des r\u00e9solutions jusqu\u2019\u00e0 <b>7680 x 4320 pixels<\/b> (8K), id\u00e9ale pour des exp\u00e9riences visuelles immersives et un travail professionnel d\u2019\u00e9dition ou de design. Le syst\u00e8me inclut une protection HDCP 2.3 et le support de <b>OpenGL 4.6<\/b>, \u00e9largissant sa compatibilit\u00e9 avec les logiciels graphiques actuels. Sa consommation \u00e9nerg\u00e9tique recommande une alimentation minimale de <b>550W<\/b>, avec un connecteur d\u2019alimentation suppl\u00e9mentaire \u00e0 <b>8 broches<\/b>, garantissant une alimentation stable pour maintenir des performances optimales. Le tout est int\u00e9gr\u00e9 dans un design de <b>304 x 120 x 50 mm<\/b>, occupant <b>2,5 slots<\/b>, combinant efficacit\u00e9 thermique et encombrement r\u00e9duit. Ce mod\u00e8le Asus associe la technologie de pointe NVIDIA \u00e0 la qualit\u00e9 et fiabilit\u00e9 de la marque, offrant une solution solide pour ceux qui recherchent une carte graphique performante pour diverses applications multim\u00e9dias et professionnelles.<\/p>\n<ul>\n<li>Type:\n<ul>\n<li>Carte graphique (GPU)<\/li>\n<li>PCI Express 3.0<\/li>\n<\/ul>\n<\/li>\n<li>Interface: PCI Express<\/li>\n<li>Connexions:\n<ul>\n<li>HDMI x 1<\/li>\n<li>PCI Express 5.0<\/li>\n<li>HDMI<\/li>\n<li>DisplayPort<\/li>\n<li>DisplayPort x 3<\/li>\n<li>8-pin x 1<\/li>\n<li>HDCP<\/li>\n<\/ul>\n<\/li>\n<li>Compatible:\n<ul>\n<li>HDCP<\/li>\n<li>PC<\/li>\n<li>Ordinateurs<\/li>\n<\/ul>\n<\/li>\n<li>Poids approx.: 898 g<\/li>\n<li>\u00c9lev\u00e9: 12 cm<\/li>\n<li>Profondeur: 50 mm<\/li>\n<li>Inclut: Ventillateur x 3<\/li>\n<li>Long: 5 cm<\/li>\n<li>Source d&#8217;alimentation recommand\u00e9e: 550 W<\/li>\n<li>Non Inclus: DUAL LINK DVI<\/li>\n<li>R\u00e9solution:\n<ul>\n<li>7680 x 4320<\/li>\n<li>4K Ultra HD<\/li>\n<\/ul>\n<\/li>\n<li>Couleur: Noir<\/li>\n<li>Dimensions approx.:\n<ul>\n<li>5 cm<\/li>\n<li>40,5 cm<\/li>\n<li>23,3 cm<\/li>\n<li>8,8 cm<\/li>\n<li>12 cm<\/li>\n<\/ul>\n<\/li>\n<li>Carte Graphique: GEFORCE RTX 5060 TI<\/li>\n<li>Ventillateur: 3<\/li>\n<li>M\u00e9moire RAM: 8 GB RAM<\/li>\n<li>Type de m\u00e9moire:\n<ul>\n<li>GDDR6<\/li>\n<li>GDDR7<\/li>\n<\/ul>\n<\/li>\n<li>Facteur de forme: Full-Height\/Full-Length (FH\/FL)<\/li>\n<li>Caract\u00e9ristiques:\n<ul>\n<li>OpenGL 4.6<\/li>\n<li>HDCP 2,3<\/li>\n<\/ul>\n<\/li>\n<li>R\u00e9solution (px): 7680 x 4320 px<\/li>\n<li>\u00c9crans support\u00e9s: x 4<\/li>\n<li>Longueur: 30,4 cm<\/li>\n<li>Capacit\u00e9 m\u00e9moire graphique: 8 GB<\/li>\n<li>Chipset: geforce rtx 5060 ti<\/li>\n<\/ul>","protected":false},"excerpt":{"rendered":"<p>Si vous \u00eates passionn\u00e9 d&#8217;informatique et d&#8217;\u00e9lectronique, si vous \u00eates \u00e0 la pointe de la technologie et qu&#8217;aucun d\u00e9tail ne vous \u00e9chappe, achetez Carte Graphique Asus 90YV0MP0-M0NA00 geforce rtx 5060 ti 8 GB GDDR6 GDDR7 au meilleur prix. La carte graphique Asus 90YV0MP0-M0NA00 \u00e9quip\u00e9e du puissant chipset NVIDIA GeForce RTX 5060 Ti offre des performances [&hellip;]<\/p>\n","protected":false},"featured_media":76623,"comment_status":"open","ping_status":"closed","template":"","meta":[],"product_brand":[798],"product_cat":[1223,65,584],"product_tag":[106],"class_list":{"0":"post-76686","1":"product","2":"type-product","3":"status-publish","4":"has-post-thumbnail","6":"product_brand-brandp_536","7":"product_cat-cartes-graphiques","8":"product_cat-informatique-electronique","9":"product_cat-informatique-reseaux-et-composants","10":"product_tag-tag_1295","12":"first","13":"instock","14":"taxable","15":"shipping-taxable","16":"purchasable","17":"product-type-simple"},"_links":{"self":[{"href":"https:\/\/bigbuy.tupique.com\/pt\/wp-json\/wp\/v2\/product\/76686","targetHints":{"allow":["GET"]}}],"collection":[{"href":"https:\/\/bigbuy.tupique.com\/pt\/wp-json\/wp\/v2\/product"}],"about":[{"href":"https:\/\/bigbuy.tupique.com\/pt\/wp-json\/wp\/v2\/types\/product"}],"replies":[{"embeddable":true,"href":"https:\/\/bigbuy.tupique.com\/pt\/wp-json\/wp\/v2\/comments?post=76686"}],"wp:featuredmedia":[{"embeddable":true,"href":"https:\/\/bigbuy.tupique.com\/pt\/wp-json\/wp\/v2\/media\/76623"}],"wp:attachment":[{"href":"https:\/\/bigbuy.tupique.com\/pt\/wp-json\/wp\/v2\/media?parent=76686"}],"wp:term":[{"taxonomy":"product_brand","embeddable":true,"href":"https:\/\/bigbuy.tupique.com\/pt\/wp-json\/wp\/v2\/product_brand?post=76686"},{"taxonomy":"product_cat","embeddable":true,"href":"https:\/\/bigbuy.tupique.com\/pt\/wp-json\/wp\/v2\/product_cat?post=76686"},{"taxonomy":"product_tag","embeddable":true,"href":"https:\/\/bigbuy.tupique.com\/pt\/wp-json\/wp\/v2\/product_tag?post=76686"}],"curies":[{"name":"wp","href":"https:\/\/api.w.org\/{rel}","templated":true}]}}