{"id":76607,"date":"2026-04-02T18:33:12","date_gmt":"2026-04-02T17:33:12","guid":{"rendered":"https:\/\/bigbuy.tupique.com\/produto\/graphics-card-gigabyte-geforce-rtx-5080-gaming-oc-16g-geforce-rtx-5080-16-gb-gddr6-gddr7\/"},"modified":"2026-04-15T08:29:51","modified_gmt":"2026-04-15T07:29:51","slug":"graphics-card-gigabyte-geforce-rtx-5080-gaming-oc-16g-geforce-rtx-5080-16-gb-gddr6-gddr7","status":"publish","type":"product","link":"https:\/\/bigbuy.tupique.com\/pt\/produto\/graphics-card-gigabyte-geforce-rtx-5080-gaming-oc-16g-geforce-rtx-5080-16-gb-gddr6-gddr7\/","title":{"rendered":"Carte Graphique Gigabyte GeForce RTX 5080 GAMING OC 16G GEFORCE RTX 5080 16 GB GDDR6 GDDR7"},"content":{"rendered":"<p>Si vous \u00eates passionn\u00e9 d&#8217;<b>informatique et d&#8217;\u00e9lectronique<\/b>, si vous \u00eates \u00e0 la pointe de la technologie et qu&#8217;aucun d\u00e9tail ne vous \u00e9chappe, achetez <b>Carte Graphique Gigabyte GeForce RTX 5080 GAMING OC 16G GEFORCE RTX 5080 16 GB GDDR6 GDDR7<\/b> au meilleur prix.<\/p>\n<p>La <b>carte graphique<\/b> <b>Gigabyte GeForce RTX 5080 GAMING OC 16G<\/b> est con\u00e7ue pour offrir de hautes performances dans les jeux exigeants et les applications graphiques avanc\u00e9es, en int\u00e9grant le puissant <b>chipset NVIDIA GEFORCE RTX 5080<\/b> et une m\u00e9moire de <b>16 Go GDDR7<\/b>, qui fournit une grande bande passante et des temps de r\u00e9ponse tr\u00e8s r\u00e9duits par rapport aux g\u00e9n\u00e9rations pr\u00e9c\u00e9dentes. Son syst\u00e8me de refroidissement <b>WINDFORCE avec 3 ventilateurs<\/b> d\u2019environ <b>70 mm<\/b>, combin\u00e9 \u00e0 un dissipateur haute performance, aide \u00e0 maintenir des temp\u00e9ratures ma\u00eetris\u00e9es m\u00eame en charge prolong\u00e9e, favorisant la stabilit\u00e9 et un fonctionnement silencieux. \u00c9quip\u00e9e de <b>16 Go de RAM vid\u00e9o<\/b> et compatible avec <b>DirectX 12.0<\/b> et <b>OpenGL 4.6<\/b>, ce GPU est pr\u00eat pour les jeux AAA actuels, le ray tracing et les t\u00e2ches de cr\u00e9ation de contenu en haute r\u00e9solution, avec prise en charge des technologies de rendu modernes. Elle offre une connectivit\u00e9 compl\u00e8te avec <b>1 port HDMI<\/b>, <b>3 DisplayPort<\/b> et la compatibilit\u00e9 avec des <b>r\u00e9solutions jusqu\u2019\u00e0 7680 x 4320 pixels<\/b> (8K), permettant l\u2019utilisation de plusieurs moniteurs et de configurations haute d\u00e9finition pour le gaming, le multim\u00e9dia ou le travail professionnel. Son interface <b>PCI Express<\/b> (compatible <b>PCI Express 3.0<\/b>) assure une bonne int\u00e9gration avec les cartes m\u00e8res de bureau standard au format <b>Full-Height\/Full-Length (FH\/FL)<\/b>, tandis que le connecteur d\u2019alimentation <b>1x 16-pin<\/b> et l\u2019exigence d\u2019une alimentation de <b>850 W<\/b> indiquent la configuration recommand\u00e9e pour un syst\u00e8me \u00e9quilibr\u00e9. Le design en <b>noir avec \u00e9clairage multicolore<\/b> s\u2019int\u00e8gre facilement dans les PC gaming personnalis\u00e9s, en mettant en valeur l\u2019esth\u00e9tique de l\u2019int\u00e9rieur du bo\u00eetier. Compatible avec <b>NVIDIA G-SYNC<\/b>, elle contribue \u00e0 r\u00e9duire le tearing et le stuttering lorsqu\u2019elle est associ\u00e9e \u00e0 des moniteurs adapt\u00e9s, offrant une exp\u00e9rience de jeu plus fluide et stable. Avec un poids d\u2019environ <b>2 kg<\/b> et des ventilateurs avec dissipateur int\u00e9gr\u00e9, cette carte graphique se positionne comme une solution solide pour les utilisateurs \u00e0 la recherche d\u2019un GPU moderne, puissant et pr\u00eat pour les hautes r\u00e9solutions et les taux de rafra\u00eechissement \u00e9lev\u00e9s.<\/p>\n<ul>\n<li>Type:\n<ul>\n<li>Carte graphique (GPU)<\/li>\n<li>Ventilateur avec dissipateur de chaleur<\/li>\n<li>PCI Express 3.0<\/li>\n<\/ul>\n<\/li>\n<li>Couleur:\n<ul>\n<li>Multicouleur<\/li>\n<li>Noir<\/li>\n<\/ul>\n<\/li>\n<li>Caract\u00e9ristiques:\n<ul>\n<li>Illumin\u00e9<\/li>\n<li>OpenGL 4.6<\/li>\n<\/ul>\n<\/li>\n<li>Poids approx.: 2 Kg<\/li>\n<li>Connexions:\n<ul>\n<li>HDMI x 1<\/li>\n<li>DisplayPort<\/li>\n<li>PCI Express<\/li>\n<li>1X 16-PIN<\/li>\n<li>PCI Express 5.0<\/li>\n<li>HDMI<\/li>\n<li>DisplayPort x 3<\/li>\n<\/ul>\n<\/li>\n<li>Inclut: Ventillateur x 3<\/li>\n<li>Technologie: NVIDIA G-SYNC<\/li>\n<li>Long: 7 cm<\/li>\n<li>Source d&#8217;alimentation recommand\u00e9e: 850 W<\/li>\n<li>Non Inclus: DUAL LINK DVI<\/li>\n<li>Poids: 2 Kg<\/li>\n<li>Profondeur: 70 mm<\/li>\n<li>R\u00e9solution: 7680 x 4320<\/li>\n<li>Interface:\n<ul>\n<li>PCI Express<\/li>\n<li>DirectX 12.0<\/li>\n<\/ul>\n<\/li>\n<li>Dimensions approx.:\n<ul>\n<li>10,5 cm<\/li>\n<li>14,2 cm<\/li>\n<li>7 cm<\/li>\n<li>26,4 cm<\/li>\n<li>28 x 12 x 44 cm<\/li>\n<\/ul>\n<\/li>\n<li>Largeur: 34,2 cm<\/li>\n<li>M\u00e9moire RAM: 16 GB RAM<\/li>\n<li>Ventillateur: 3<\/li>\n<li>puissance: 850 W<\/li>\n<li>Illumination: Multicouleur<\/li>\n<li>Type de m\u00e9moire:\n<ul>\n<li>GDDR6<\/li>\n<li>GDDR7<\/li>\n<\/ul>\n<\/li>\n<li>Facteur de forme: Full-Height\/Full-Length (FH\/FL)<\/li>\n<li>R\u00e9solution (px): 7680 x 4320 px<\/li>\n<li>\u00c9crans support\u00e9s: x 4<\/li>\n<li>Capacit\u00e9 m\u00e9moire graphique: 16 GB<\/li>\n<li>Chipset: GEFORCE RTX 5080<\/li>\n<\/ul>","protected":false},"excerpt":{"rendered":"<p>Si vous \u00eates passionn\u00e9 d&#8217;informatique et d&#8217;\u00e9lectronique, si vous \u00eates \u00e0 la pointe de la technologie et qu&#8217;aucun d\u00e9tail ne vous \u00e9chappe, achetez Carte Graphique Gigabyte GeForce RTX 5080 GAMING OC 16G GEFORCE RTX 5080 16 GB GDDR6 GDDR7 au meilleur prix. La carte graphique Gigabyte GeForce RTX 5080 GAMING OC 16G est con\u00e7ue pour [&hellip;]<\/p>\n","protected":false},"featured_media":76574,"comment_status":"open","ping_status":"closed","template":"","meta":[],"product_brand":[1147],"product_cat":[1223,65,584],"product_tag":[106],"class_list":{"0":"post-76607","1":"product","2":"type-product","3":"status-publish","4":"has-post-thumbnail","6":"product_brand-brandp_550","7":"product_cat-cartes-graphiques","8":"product_cat-informatique-electronique","9":"product_cat-informatique-reseaux-et-composants","10":"product_tag-tag_1295","12":"first","13":"instock","14":"taxable","15":"shipping-taxable","16":"purchasable","17":"product-type-simple"},"_links":{"self":[{"href":"https:\/\/bigbuy.tupique.com\/pt\/wp-json\/wp\/v2\/product\/76607","targetHints":{"allow":["GET"]}}],"collection":[{"href":"https:\/\/bigbuy.tupique.com\/pt\/wp-json\/wp\/v2\/product"}],"about":[{"href":"https:\/\/bigbuy.tupique.com\/pt\/wp-json\/wp\/v2\/types\/product"}],"replies":[{"embeddable":true,"href":"https:\/\/bigbuy.tupique.com\/pt\/wp-json\/wp\/v2\/comments?post=76607"}],"wp:featuredmedia":[{"embeddable":true,"href":"https:\/\/bigbuy.tupique.com\/pt\/wp-json\/wp\/v2\/media\/76574"}],"wp:attachment":[{"href":"https:\/\/bigbuy.tupique.com\/pt\/wp-json\/wp\/v2\/media?parent=76607"}],"wp:term":[{"taxonomy":"product_brand","embeddable":true,"href":"https:\/\/bigbuy.tupique.com\/pt\/wp-json\/wp\/v2\/product_brand?post=76607"},{"taxonomy":"product_cat","embeddable":true,"href":"https:\/\/bigbuy.tupique.com\/pt\/wp-json\/wp\/v2\/product_cat?post=76607"},{"taxonomy":"product_tag","embeddable":true,"href":"https:\/\/bigbuy.tupique.com\/pt\/wp-json\/wp\/v2\/product_tag?post=76607"}],"curies":[{"name":"wp","href":"https:\/\/api.w.org\/{rel}","templated":true}]}}