{"id":76376,"date":"2026-04-02T18:23:38","date_gmt":"2026-04-02T17:23:38","guid":{"rendered":"https:\/\/bigbuy.tupique.com\/produto\/graphics-card-asus-90yv0m30-m0na00-geforce-rtx-5080-16-gb-gddr6-gddr7\/"},"modified":"2026-04-15T08:27:16","modified_gmt":"2026-04-15T07:27:16","slug":"graphics-card-asus-90yv0m30-m0na00-geforce-rtx-5080-16-gb-gddr6-gddr7","status":"publish","type":"product","link":"https:\/\/bigbuy.tupique.com\/pt\/produto\/graphics-card-asus-90yv0m30-m0na00-geforce-rtx-5080-16-gb-gddr6-gddr7\/","title":{"rendered":"Carte Graphique Asus 90YV0M30-M0NA00 GEFORCE RTX 5080 16 GB GDDR6 GDDR7"},"content":{"rendered":"<p>Si vous \u00eates passionn\u00e9 d&#8217;<b>informatique et d&#8217;\u00e9lectronique<\/b>, si vous \u00eates \u00e0 la pointe de la technologie et qu&#8217;aucun d\u00e9tail ne vous \u00e9chappe, achetez <b>Carte Graphique Asus 90YV0M30-M0NA00 GEFORCE RTX 5080 16 GB GDDR6 GDDR7<\/b> au meilleur prix.<\/p>\n<ul>\n<li>Type:\n<ul>\n<li>Carte graphique (GPU)<\/li>\n<li>PCI Express 3.0<\/li>\n<\/ul>\n<\/li>\n<li>Caract\u00e9ristiques:\n<ul>\n<li>Illumin\u00e9<\/li>\n<li>R\u00e9alit\u00e9 virtuelle<\/li>\n<li>OpenGL 4.6<\/li>\n<li>HDCP 2,3<\/li>\n<\/ul>\n<\/li>\n<li>Compatible:\n<ul>\n<li>HDCP<\/li>\n<li>Windows<\/li>\n<\/ul>\n<\/li>\n<li>Inclut: Ventillateur x 3<\/li>\n<li>Technologie: NVIDIA G-SYNC<\/li>\n<li>Facteur de forme: Full-Height\/Full-Length (FH\/FL)<\/li>\n<li>Source d&#8217;alimentation recommand\u00e9e: 850 W<\/li>\n<li>Connexions:\n<ul>\n<li>1X 16-PIN<\/li>\n<li>HDMI<\/li>\n<li>DisplayPort<\/li>\n<li>DisplayPort x 3<\/li>\n<li>HDCP<\/li>\n<li>HDMI x 2<\/li>\n<\/ul>\n<\/li>\n<li>Non Inclus: DUAL LINK DVI<\/li>\n<li>Poids approx.: 1,94 KG<\/li>\n<li>Interface: PCI Express<\/li>\n<li>Couleur:\n<ul>\n<li>Noir<\/li>\n<li>Multicouleur<\/li>\n<\/ul>\n<\/li>\n<li>M\u00e9moire RAM: 16 GB RAM<\/li>\n<li>Ventillateur: 3<\/li>\n<li>puissance: 850 W<\/li>\n<li>Illumination: Multicouleur<\/li>\n<li>Type de m\u00e9moire:\n<ul>\n<li>GDDR6<\/li>\n<li>GDDR7<\/li>\n<\/ul>\n<\/li>\n<li>R\u00e9solution (px): 7680 x 4320 px<\/li>\n<li>\u00c9crans support\u00e9s: x 4<\/li>\n<li>Capacit\u00e9 m\u00e9moire graphique: 16 GB<\/li>\n<li>Chipset: GEFORCE RTX 5080<\/li>\n<\/ul>\n<p>AVERTISSEMENTS: \u00c9vitez tout contact avec les yeux..<\/p>","protected":false},"excerpt":{"rendered":"<p>Si vous \u00eates passionn\u00e9 d&#8217;informatique et d&#8217;\u00e9lectronique, si vous \u00eates \u00e0 la pointe de la technologie et qu&#8217;aucun d\u00e9tail ne vous \u00e9chappe, achetez Carte Graphique Asus 90YV0M30-M0NA00 GEFORCE RTX 5080 16 GB GDDR6 GDDR7 au meilleur prix. Type: Carte graphique (GPU) PCI Express 3.0 Caract\u00e9ristiques: Illumin\u00e9 R\u00e9alit\u00e9 virtuelle OpenGL 4.6 HDCP 2,3 Compatible: HDCP Windows [&hellip;]<\/p>\n","protected":false},"featured_media":76340,"comment_status":"open","ping_status":"closed","template":"","meta":[],"product_brand":[798],"product_cat":[1223,65,584],"product_tag":[106],"class_list":{"0":"post-76376","1":"product","2":"type-product","3":"status-publish","4":"has-post-thumbnail","6":"product_brand-brandp_536","7":"product_cat-cartes-graphiques","8":"product_cat-informatique-electronique","9":"product_cat-informatique-reseaux-et-composants","10":"product_tag-tag_1295","12":"first","13":"instock","14":"taxable","15":"shipping-taxable","16":"purchasable","17":"product-type-simple"},"_links":{"self":[{"href":"https:\/\/bigbuy.tupique.com\/pt\/wp-json\/wp\/v2\/product\/76376","targetHints":{"allow":["GET"]}}],"collection":[{"href":"https:\/\/bigbuy.tupique.com\/pt\/wp-json\/wp\/v2\/product"}],"about":[{"href":"https:\/\/bigbuy.tupique.com\/pt\/wp-json\/wp\/v2\/types\/product"}],"replies":[{"embeddable":true,"href":"https:\/\/bigbuy.tupique.com\/pt\/wp-json\/wp\/v2\/comments?post=76376"}],"wp:featuredmedia":[{"embeddable":true,"href":"https:\/\/bigbuy.tupique.com\/pt\/wp-json\/wp\/v2\/media\/76340"}],"wp:attachment":[{"href":"https:\/\/bigbuy.tupique.com\/pt\/wp-json\/wp\/v2\/media?parent=76376"}],"wp:term":[{"taxonomy":"product_brand","embeddable":true,"href":"https:\/\/bigbuy.tupique.com\/pt\/wp-json\/wp\/v2\/product_brand?post=76376"},{"taxonomy":"product_cat","embeddable":true,"href":"https:\/\/bigbuy.tupique.com\/pt\/wp-json\/wp\/v2\/product_cat?post=76376"},{"taxonomy":"product_tag","embeddable":true,"href":"https:\/\/bigbuy.tupique.com\/pt\/wp-json\/wp\/v2\/product_tag?post=76376"}],"curies":[{"name":"wp","href":"https:\/\/api.w.org\/{rel}","templated":true}]}}