{"id":76200,"date":"2026-04-02T18:14:24","date_gmt":"2026-04-02T17:14:24","guid":{"rendered":"https:\/\/bigbuy.tupique.com\/produto\/graphics-card-gigabyte-gv-r9070xtgaming-radeon-rx-9070-xt-16-gb-gddr6\/"},"modified":"2026-04-15T08:27:17","modified_gmt":"2026-04-15T07:27:17","slug":"graphics-card-gigabyte-gv-r9070xtgaming-radeon-rx-9070-xt-16-gb-gddr6","status":"publish","type":"product","link":"https:\/\/bigbuy.tupique.com\/pt\/produto\/graphics-card-gigabyte-gv-r9070xtgaming-radeon-rx-9070-xt-16-gb-gddr6\/","title":{"rendered":"Carte Graphique Gigabyte GV-R9070XTGAMING radeon rx 9070 xt 16 GB GDDR6"},"content":{"rendered":"<p>Si vous \u00eates passionn\u00e9 d&#8217;<b>informatique et d&#8217;\u00e9lectronique<\/b>, si vous \u00eates \u00e0 la pointe de la technologie et qu&#8217;aucun d\u00e9tail ne vous \u00e9chappe, achetez <b>Carte Graphique Gigabyte GV-R9070XTGAMING radeon rx 9070 xt 16 GB GDDR6<\/b> au meilleur prix.<\/p>\n<p>La <b>carte graphique<\/b> <b>Gigabyte GV-R9070XTGAMING<\/b> est con\u00e7ue pour les PC haute performance qui n\u00e9cessitent une puissance constante dans les jeux et les applications graphiques exigeantes, int\u00e9grant le chipset <b>AMD Radeon RX 9070 XT<\/b> avec <b>16 Go de m\u00e9moire GDDR6<\/b> et un bus de <b>256 bits<\/b> pour offrir un traitement fluide en haute r\u00e9solution. Son format <b>ATX Full-Height\/Full-Length (FH\/FL)<\/b> et son syst\u00e8me \u00e0 <b>3 ventilateurs WINDFORCE<\/b> garantissent un refroidissement efficace et stable, adapt\u00e9 aux longues sessions intensives, tandis que la consommation recommand\u00e9e de <b>850 W<\/b> requiert une alimentation adapt\u00e9e aux configurations gaming avanc\u00e9es. Elle est compatible avec les standards graphiques modernes gr\u00e2ce \u00e0 <b>DirectX 12.0<\/b> et <b>OpenGL 4.6<\/b>, ce qui assure la prise en charge des effets visuels actuels et des futures mises \u00e0 jour de jeux, et permet de profiter de contenus en ultra haute d\u00e9finition avec une r\u00e9solution maximale jusqu\u2019\u00e0 <b>7680 x 4320 px (8K)<\/b>. C\u00f4t\u00e9 connectivit\u00e9, elle int\u00e8gre <b>2 ports HDMI<\/b> et <b>2 ports DisplayPort<\/b>, facilitant la configuration de <b>jusqu\u2019\u00e0 4 moniteurs<\/b> et d\u2019environnements multit \u00e9cran de travail ou de jeu avec un signal net et stable. L\u2019interface <b>PCI Express x16 2.0<\/b> assure une compatibilit\u00e9 avec un large \u00e9ventail de cartes m\u00e8res, en maintenant une bonne bande passante pour l\u2019\u00e9change de donn\u00e9es entre le GPU et le syst\u00e8me. Sa finition de couleur <b>noire<\/b> avec des d\u00e9tails <b>multicolores<\/b> s\u2019int\u00e8gre facilement dans les tours gaming et les PC personnalis\u00e9s, apportant une pr\u00e9sence visuelle \u00e9quilibr\u00e9e sans n\u00e9gliger les performances. Dans l\u2019ensemble, cette carte graphique Gigabyte se positionne comme une option solide pour les utilisateurs \u00e0 la recherche d\u2019un GPU puissant, pr\u00eat pour les jeux actuels en haute r\u00e9solution et les environnements graphiques professionnels exigeants.<\/p>\n<ul>\n<li>Type:\n<ul>\n<li>Carte graphique (GPU)<\/li>\n<li>Ventilateur avec dissipateur de chaleur<\/li>\n<\/ul>\n<\/li>\n<li>Connexions:\n<ul>\n<li>DisplayPort<\/li>\n<li>3X 8-PIN<\/li>\n<li>HDMI<\/li>\n<li>PCI Express<\/li>\n<li>DisplayPort x 2<\/li>\n<li>PCI Express x16 2.0<\/li>\n<li>HDMI x 2<\/li>\n<\/ul>\n<\/li>\n<li>Inclut: Ventillateur x 3<\/li>\n<li>R\u00e9solution (px): 7680 x 4320 px<\/li>\n<li>Long: 13,2 cm<\/li>\n<li>Transmission de donn\u00e9es:\n<ul>\n<li>20 Gbit\/s<\/li>\n<li>256 BIT<\/li>\n<\/ul>\n<\/li>\n<li>Source d&#8217;alimentation recommand\u00e9e: 850 W<\/li>\n<li>Non Inclus: DUAL LINK DVI<\/li>\n<li>Ventillateur:\n<ul>\n<li>x 3<\/li>\n<li>3<\/li>\n<\/ul>\n<\/li>\n<li>vitesse: 2520 MHZ<\/li>\n<li>Facteur de forme:\n<ul>\n<li>ATX<\/li>\n<li>Full-Height\/Full-Length (FH\/FL)<\/li>\n<\/ul>\n<\/li>\n<li>R\u00e9solution: 7680 x 4320<\/li>\n<li>Couleur: Noir<\/li>\n<li>Interface:\n<ul>\n<li>PCI Express<\/li>\n<li>DirectX 12.0<\/li>\n<\/ul>\n<\/li>\n<li>Largeur: 28,8 cm<\/li>\n<li>Dimensions approx.:\n<ul>\n<li>13,2 cm<\/li>\n<li>47 cm<\/li>\n<li>5,6 cm<\/li>\n<\/ul>\n<\/li>\n<li>Processeur: AMD<\/li>\n<li>Carte Graphique: RADEON RX 9070 XT<\/li>\n<li>M\u00e9moire RAM: 16 GB RAM<\/li>\n<li>puissance: 850 W<\/li>\n<li>Illumination: Multicouleur<\/li>\n<li>Type de m\u00e9moire: GDDR6<\/li>\n<li>Caract\u00e9ristiques: OpenGL 4.6<\/li>\n<li>Famille de processeurs: AMD<\/li>\n<li>\u00c9crans support\u00e9s: x 4<\/li>\n<li>Capacit\u00e9 m\u00e9moire graphique: 16 GB<\/li>\n<li>Chipset: radeon rx 9070 xt<\/li>\n<\/ul>","protected":false},"excerpt":{"rendered":"<p>Si vous \u00eates passionn\u00e9 d&#8217;informatique et d&#8217;\u00e9lectronique, si vous \u00eates \u00e0 la pointe de la technologie et qu&#8217;aucun d\u00e9tail ne vous \u00e9chappe, achetez Carte Graphique Gigabyte GV-R9070XTGAMING radeon rx 9070 xt 16 GB GDDR6 au meilleur prix. La carte graphique Gigabyte GV-R9070XTGAMING est con\u00e7ue pour les PC haute performance qui n\u00e9cessitent une puissance constante dans [&hellip;]<\/p>\n","protected":false},"featured_media":76174,"comment_status":"open","ping_status":"closed","template":"","meta":[],"product_brand":[1147],"product_cat":[1223,65,584],"product_tag":[106],"class_list":{"0":"post-76200","1":"product","2":"type-product","3":"status-publish","4":"has-post-thumbnail","6":"product_brand-brandp_550","7":"product_cat-cartes-graphiques","8":"product_cat-informatique-electronique","9":"product_cat-informatique-reseaux-et-composants","10":"product_tag-tag_1295","12":"first","13":"instock","14":"taxable","15":"shipping-taxable","16":"purchasable","17":"product-type-simple"},"_links":{"self":[{"href":"https:\/\/bigbuy.tupique.com\/pt\/wp-json\/wp\/v2\/product\/76200","targetHints":{"allow":["GET"]}}],"collection":[{"href":"https:\/\/bigbuy.tupique.com\/pt\/wp-json\/wp\/v2\/product"}],"about":[{"href":"https:\/\/bigbuy.tupique.com\/pt\/wp-json\/wp\/v2\/types\/product"}],"replies":[{"embeddable":true,"href":"https:\/\/bigbuy.tupique.com\/pt\/wp-json\/wp\/v2\/comments?post=76200"}],"wp:featuredmedia":[{"embeddable":true,"href":"https:\/\/bigbuy.tupique.com\/pt\/wp-json\/wp\/v2\/media\/76174"}],"wp:attachment":[{"href":"https:\/\/bigbuy.tupique.com\/pt\/wp-json\/wp\/v2\/media?parent=76200"}],"wp:term":[{"taxonomy":"product_brand","embeddable":true,"href":"https:\/\/bigbuy.tupique.com\/pt\/wp-json\/wp\/v2\/product_brand?post=76200"},{"taxonomy":"product_cat","embeddable":true,"href":"https:\/\/bigbuy.tupique.com\/pt\/wp-json\/wp\/v2\/product_cat?post=76200"},{"taxonomy":"product_tag","embeddable":true,"href":"https:\/\/bigbuy.tupique.com\/pt\/wp-json\/wp\/v2\/product_tag?post=76200"}],"curies":[{"name":"wp","href":"https:\/\/api.w.org\/{rel}","templated":true}]}}