{"id":75900,"date":"2026-04-02T18:01:09","date_gmt":"2026-04-02T17:01:09","guid":{"rendered":"https:\/\/bigbuy.tupique.com\/produto\/processor-intel-bx80768265-ultra-7-265-lga-1700\/"},"modified":"2026-04-15T18:53:20","modified_gmt":"2026-04-15T17:53:20","slug":"processor-intel-bx80768265-ultra-7-265-lga-1700","status":"publish","type":"product","link":"https:\/\/bigbuy.tupique.com\/pt\/produto\/processor-intel-bx80768265-ultra-7-265-lga-1700\/","title":{"rendered":"Processeur Intel BX80768265 Ultra 7-265 LGA 1700"},"content":{"rendered":"<p>Si vous \u00eates passionn\u00e9 d&#8217;<b>informatique et d&#8217;\u00e9lectronique<\/b>, si vous \u00eates \u00e0 la pointe de la technologie et qu&#8217;aucun d\u00e9tail ne vous \u00e9chappe, achetez <b>Processeur Intel BX80768265 Ultra 7-265 LGA 1700<\/b> au meilleur prix.<\/p>\n<p>Le <b>processeur Intel Ultra 7-265<\/b> est un composant avanc\u00e9 de la famille <b>Intel<\/b>, con\u00e7u pour offrir des performances \u00e9lev\u00e9es et r\u00e9pondre aux t\u00e2ches exigeant une grande capacit\u00e9 de calcul. Ce processeur se distingue par deux configurations de nombre de c\u0153urs, disponibles en version <b>8 c\u0153urs<\/b> et une version \u00e9tendue jusqu\u2019\u00e0 <b>20 c\u0153urs<\/b>, permettant une gestion efficace du multit\u00e2che et de meilleures performances dans les environnements multit\u00e2ches et applications professionnelles n\u00e9cessitant un traitement parall\u00e8le intensif. L\u2019architecture de cette gamme Intel optimise la vitesse et l\u2019efficacit\u00e9 \u00e9nerg\u00e9tique, en faisant une solution adapt\u00e9e aux utilisateurs recherchant puissance et stabilit\u00e9, des stations de travail aux ordinateurs pour cr\u00e9ation de contenu, montage vid\u00e9o ou d\u00e9veloppement logiciel avanc\u00e9. La d\u00e9signation \u00ab Ultra \u00bb indique une g\u00e9n\u00e9ration visant \u00e0 maximiser la capacit\u00e9 r\u00e9elle et offrir une exp\u00e9rience informatique fluide et robuste, s\u2019appuyant sur la r\u00e9putation d\u2019Intel en innovation technologique et fiabilit\u00e9. Globalement, le <b>processeur Ultra 7-265<\/b> offre un \u00e9quilibre entre performance et \u00e9volutivit\u00e9, convenant \u00e0 ceux qui ont besoin d\u2019un mat\u00e9riel capable de g\u00e9rer des charges lourdes sans compromettre la r\u00e9activit\u00e9 ou la qualit\u00e9 des processus informatiques. Il se positionne ainsi comme une option technique solide dans le catalogue Intel pour un usage professionnel et des environnements n\u00e9cessitant puissance intense et polyvalence.<\/p>\n<ul>\n<li>Type de m\u00e9moire: DDR5 SDRAM<\/li>\n<li>Cha\u00eenes: 2<\/li>\n<li>puissance:\n<ul>\n<li>65 W<\/li>\n<li>50 W<\/li>\n<\/ul>\n<\/li>\n<li>Utilisation recommand\u00e9e:\n<ul>\n<li>PC de bureau<\/li>\n<li>PC\/Server<\/li>\n<\/ul>\n<\/li>\n<li>Fr\u00e9quence: 60 Hz<\/li>\n<li>Cache:\n<ul>\n<li>Smart Cache<\/li>\n<li>30 MB<\/li>\n<\/ul>\n<\/li>\n<li>Noyaux:\n<ul>\n<li>12 Noyaux<\/li>\n<li>8 Noyaux<\/li>\n<li>20 Noyaux<\/li>\n<\/ul>\n<\/li>\n<li>vitesse: 6400 MHz<\/li>\n<li>Caract\u00e9ristiques:\n<ul>\n<li>OpenGL 4.5<\/li>\n<li>Adaptateur graphique int\u00e9gr\u00e9<\/li>\n<\/ul>\n<\/li>\n<li>\u00c9crans support\u00e9s: x 4<\/li>\n<li>Nombre de fils: 20<\/li>\n<li>Technologie:\n<ul>\n<li>VT-RP<\/li>\n<li>VT-d<\/li>\n<li>VT-x<\/li>\n<\/ul>\n<\/li>\n<li>Compatible:\n<ul>\n<li>pci express 4.0<\/li>\n<li>pci express 5.0<\/li>\n<li>Intel\u00ae Turbo Boost Technology 2.0<\/li>\n<\/ul>\n<\/li>\n<li>Socket:\n<ul>\n<li>LGA 1851<\/li>\n<li>LGA 1700<\/li>\n<\/ul>\n<\/li>\n<li>Processeur:\n<ul>\n<li>intel core ultra 7<\/li>\n<li>Ultra 7-265<\/li>\n<\/ul>\n<\/li>\n<li>Exigences: 64 bits<\/li>\n<li>Non Inclus: Adaptateur graphique discret<\/li>\n<li>Interface: DirectX 12.0<\/li>\n<li>Famille de processeurs: Intel<\/li>\n<\/ul>","protected":false},"excerpt":{"rendered":"<p>Si vous \u00eates passionn\u00e9 d&#8217;informatique et d&#8217;\u00e9lectronique, si vous \u00eates \u00e0 la pointe de la technologie et qu&#8217;aucun d\u00e9tail ne vous \u00e9chappe, achetez Processeur Intel BX80768265 Ultra 7-265 LGA 1700 au meilleur prix. Le processeur Intel Ultra 7-265 est un composant avanc\u00e9 de la famille Intel, con\u00e7u pour offrir des performances \u00e9lev\u00e9es et r\u00e9pondre aux [&hellip;]<\/p>\n","protected":false},"featured_media":190639,"comment_status":"open","ping_status":"closed","template":"","meta":[],"product_brand":[982],"product_cat":[65,584,743],"product_tag":[106],"class_list":{"0":"post-75900","1":"product","2":"type-product","3":"status-publish","4":"has-post-thumbnail","6":"product_brand-brandp_555","7":"product_cat-informatique-electronique","8":"product_cat-informatique-reseaux-et-composants","9":"product_cat-processeurs","10":"product_tag-tag_1295","12":"first","13":"instock","14":"taxable","15":"shipping-taxable","16":"purchasable","17":"product-type-simple"},"_links":{"self":[{"href":"https:\/\/bigbuy.tupique.com\/pt\/wp-json\/wp\/v2\/product\/75900","targetHints":{"allow":["GET"]}}],"collection":[{"href":"https:\/\/bigbuy.tupique.com\/pt\/wp-json\/wp\/v2\/product"}],"about":[{"href":"https:\/\/bigbuy.tupique.com\/pt\/wp-json\/wp\/v2\/types\/product"}],"replies":[{"embeddable":true,"href":"https:\/\/bigbuy.tupique.com\/pt\/wp-json\/wp\/v2\/comments?post=75900"}],"wp:featuredmedia":[{"embeddable":true,"href":"https:\/\/bigbuy.tupique.com\/pt\/wp-json\/wp\/v2\/media\/190639"}],"wp:attachment":[{"href":"https:\/\/bigbuy.tupique.com\/pt\/wp-json\/wp\/v2\/media?parent=75900"}],"wp:term":[{"taxonomy":"product_brand","embeddable":true,"href":"https:\/\/bigbuy.tupique.com\/pt\/wp-json\/wp\/v2\/product_brand?post=75900"},{"taxonomy":"product_cat","embeddable":true,"href":"https:\/\/bigbuy.tupique.com\/pt\/wp-json\/wp\/v2\/product_cat?post=75900"},{"taxonomy":"product_tag","embeddable":true,"href":"https:\/\/bigbuy.tupique.com\/pt\/wp-json\/wp\/v2\/product_tag?post=75900"}],"curies":[{"name":"wp","href":"https:\/\/api.w.org\/{rel}","templated":true}]}}