{"id":75813,"date":"2026-04-02T17:58:19","date_gmt":"2026-04-02T16:58:19","guid":{"rendered":"https:\/\/bigbuy.tupique.com\/produto\/ram-memory-kingston-impact-16-gb-ddr5-sdram-ddr5-5600-mhz-cl40\/"},"modified":"2026-04-15T08:27:13","modified_gmt":"2026-04-15T07:27:13","slug":"ram-memory-kingston-impact-16-gb-ddr5-sdram-ddr5-5600-mhz-cl40","status":"publish","type":"product","link":"https:\/\/bigbuy.tupique.com\/pt\/produto\/ram-memory-kingston-impact-16-gb-ddr5-sdram-ddr5-5600-mhz-cl40\/","title":{"rendered":"M\u00e9moire RAM Kingston Impact 16 GB DDR5 SDRAM DDR5 5600 MHz CL40"},"content":{"rendered":"<p>Si vous \u00eates passionn\u00e9 d&#8217;<b>informatique et d&#8217;\u00e9lectronique<\/b>, si vous \u00eates \u00e0 la pointe de la technologie et qu&#8217;aucun d\u00e9tail ne vous \u00e9chappe, achetez <b>M\u00e9moire RAM Kingston Impact 16 GB DDR5 SDRAM DDR5 5600 MHz CL40<\/b> au meilleur prix.<\/p>\n<p>La <b>m\u00e9moire RAM Kingston FURY Impact DDR5<\/b> de 16&nbsp;Go est sp\u00e9cialement con\u00e7ue pour les <b>ordinateurs portables<\/b> et les syst\u00e8mes compacts n\u00e9cessitant de hautes performances dans un format r\u00e9duit. Ce module unique de <b>1 x 16 Go<\/b> utilise la technologie <b>DDR5 SDRAM<\/b> au format <b>SO-DIMM 262 broches<\/b>, avec une fr\u00e9quence de <b>5600 MHz<\/b> et des latences <b>CL40<\/b>, offrant plus de bande passante et une r\u00e9ponse plus rapide que les g\u00e9n\u00e9rations pr\u00e9c\u00e9dentes comme la DDR4, notamment pour le jeu, la cr\u00e9ation de contenu ou les applications professionnelles. Sa tension de fonctionnement de <b>1,1 V<\/b> r\u00e9duit la consommation d\u2019\u00e9nergie et am\u00e9liore l\u2019efficacit\u00e9 thermique, aidant \u00e0 maintenir un syst\u00e8me plus frais et stable. La compatibilit\u00e9 avec <b>Intel XMP 2.0 \/ XMP 3.0<\/b> permet d\u2019exploiter des profils d\u2019overclocking pr\u00e9d\u00e9finis depuis le BIOS, en ajustant facilement timings, vitesse et tension pour maximiser les performances, si la plateforme le prend en charge. En tant que module DDR5 pour portable de couleur <b>noire<\/b>, il adopte un design discret tout en int\u00e9grant les avanc\u00e9es de cette g\u00e9n\u00e9ration, comme une plus grande densit\u00e9, une gestion d\u2019\u00e9nergie am\u00e9lior\u00e9e et une correction d\u2019erreurs interne (ECC on-die) pour une meilleure stabilit\u00e9 des donn\u00e9es \u00e0 haute vitesse. Gr\u00e2ce \u00e0 sa capacit\u00e9 de <b>16 Go<\/b> sur un seul module, il offre un bon \u00e9quilibre entre multit\u00e2che fluide et compatibilit\u00e9 avec les syst\u00e8mes actuels disposant d\u2019un seul emplacement ou envisageant une future configuration dual channel en ajoutant un second module identique. Globalement, cette m\u00e9moire Kingston FURY Impact DDR5 est une solution efficace, moderne et optimis\u00e9e pour mettre \u00e0 niveau ou am\u00e9liorer les performances des ordinateurs portables compatibles DDR5.<\/p>\n<ul>\n<li>Type:\n<ul>\n<li>M\u00e9moire (RAM)<\/li>\n<li>DDR5<\/li>\n<\/ul>\n<\/li>\n<li>Facteur de forme:\n<ul>\n<li>262-PIN SO-DIMM<\/li>\n<li>SO-DIMM<\/li>\n<\/ul>\n<\/li>\n<li>\u00c9lev\u00e9: 3 cm<\/li>\n<li>Long: 7 cm<\/li>\n<li>vitesse:\n<ul>\n<li>2800 mhz<\/li>\n<li>5600 MHz<\/li>\n<\/ul>\n<\/li>\n<li>Couleur: Noir<\/li>\n<li>Type de m\u00e9moire:\n<ul>\n<li>DDR5 SDRAM<\/li>\n<li>DDR5<\/li>\n<\/ul>\n<\/li>\n<li>M\u00e9moire RAM: 16 GB RAM<\/li>\n<li>Capacit\u00e9: 16 GB<\/li>\n<li>Compatible:\n<ul>\n<li>Ordinateur Portable<\/li>\n<li>Intel XMP 2.0<\/li>\n<\/ul>\n<\/li>\n<li>Tension: 1,1 V<\/li>\n<li>Latence: CL40<\/li>\n<\/ul>","protected":false},"excerpt":{"rendered":"<p>Si vous \u00eates passionn\u00e9 d&#8217;informatique et d&#8217;\u00e9lectronique, si vous \u00eates \u00e0 la pointe de la technologie et qu&#8217;aucun d\u00e9tail ne vous \u00e9chappe, achetez M\u00e9moire RAM Kingston Impact 16 GB DDR5 SDRAM DDR5 5600 MHz CL40 au meilleur prix. La m\u00e9moire RAM Kingston FURY Impact DDR5 de 16&nbsp;Go est sp\u00e9cialement con\u00e7ue pour les ordinateurs portables et [&hellip;]<\/p>\n","protected":false},"featured_media":75775,"comment_status":"open","ping_status":"closed","template":"","meta":[],"product_brand":[638],"product_cat":[65,584,593],"product_tag":[106],"class_list":{"0":"post-75813","1":"product","2":"type-product","3":"status-publish","4":"has-post-thumbnail","6":"product_brand-brandp_557","7":"product_cat-informatique-electronique","8":"product_cat-informatique-reseaux-et-composants","9":"product_cat-memoires-ram","10":"product_tag-tag_1295","12":"first","13":"instock","14":"taxable","15":"shipping-taxable","16":"purchasable","17":"product-type-simple"},"_links":{"self":[{"href":"https:\/\/bigbuy.tupique.com\/pt\/wp-json\/wp\/v2\/product\/75813","targetHints":{"allow":["GET"]}}],"collection":[{"href":"https:\/\/bigbuy.tupique.com\/pt\/wp-json\/wp\/v2\/product"}],"about":[{"href":"https:\/\/bigbuy.tupique.com\/pt\/wp-json\/wp\/v2\/types\/product"}],"replies":[{"embeddable":true,"href":"https:\/\/bigbuy.tupique.com\/pt\/wp-json\/wp\/v2\/comments?post=75813"}],"wp:featuredmedia":[{"embeddable":true,"href":"https:\/\/bigbuy.tupique.com\/pt\/wp-json\/wp\/v2\/media\/75775"}],"wp:attachment":[{"href":"https:\/\/bigbuy.tupique.com\/pt\/wp-json\/wp\/v2\/media?parent=75813"}],"wp:term":[{"taxonomy":"product_brand","embeddable":true,"href":"https:\/\/bigbuy.tupique.com\/pt\/wp-json\/wp\/v2\/product_brand?post=75813"},{"taxonomy":"product_cat","embeddable":true,"href":"https:\/\/bigbuy.tupique.com\/pt\/wp-json\/wp\/v2\/product_cat?post=75813"},{"taxonomy":"product_tag","embeddable":true,"href":"https:\/\/bigbuy.tupique.com\/pt\/wp-json\/wp\/v2\/product_tag?post=75813"}],"curies":[{"name":"wp","href":"https:\/\/api.w.org\/{rel}","templated":true}]}}