{"id":75293,"date":"2026-04-02T17:28:07","date_gmt":"2026-04-02T16:28:07","guid":{"rendered":"https:\/\/bigbuy.tupique.com\/produto\/hard-drive-kingston-snv3s-4000g-4-tb-ssd-2\/"},"modified":"2026-04-15T08:27:09","modified_gmt":"2026-04-15T07:27:09","slug":"hard-drive-kingston-snv3s-4000g-4-tb-ssd-2","status":"publish","type":"product","link":"https:\/\/bigbuy.tupique.com\/pt\/produto\/hard-drive-kingston-snv3s-4000g-4-tb-ssd-2\/","title":{"rendered":"Disque dur Kingston SNV3S\/4000G 4 TB SSD"},"content":{"rendered":"<p>Si vous \u00eates passionn\u00e9 d&#8217;<b>informatique et d&#8217;\u00e9lectronique<\/b>, si vous \u00eates \u00e0 la pointe de la technologie et qu&#8217;aucun d\u00e9tail ne vous \u00e9chappe, achetez <b>Disque dur Kingston SNV3S\/4000G 4 TB SSD<\/b> au meilleur prix.<\/p>\n<p>Le <b>disque SSD Kingston SNV3S\/4000G<\/b> est un disque \u00e0 \u00e9tat solide haute performance con\u00e7u pour les PC de bureau et les ordinateurs portables utilisant une <b>interface PCI Express 4.0<\/b> au format <b>M.2 2280<\/b>, offrant une solution de stockage moderne et efficace pour les syst\u00e8mes exigeants. Avec une <b>capacit\u00e9 de 4&nbsp;To SSD<\/b>, il fournit un vaste espace pour les syst\u00e8mes d\u2019exploitation, les applications lourdes, les biblioth\u00e8ques de jeux et de gros volumes de donn\u00e9es professionnelles, r\u00e9duisant le besoin de disques suppl\u00e9mentaires. Bas\u00e9 sur la technologie <b>SSD NVMe PCIe Gen 4.0 x4<\/b>, il atteint des vitesses pouvant aller jusqu\u2019\u00e0 <b>6000 Mo\/s en lecture<\/b> et <b>5000 Mo\/s en \u00e9criture<\/b>, ce qui se traduit par des temps de chargement tr\u00e8s r\u00e9duits, un transfert rapide des fichiers et une meilleure r\u00e9activit\u00e9 du syst\u00e8me par rapport aux disques durs m\u00e9caniques traditionnels, sans la limite typique des 7200&nbsp;tr\/min. L\u2019utilisation de m\u00e9moire <b>3D NAND<\/b> contribue \u00e0 une meilleure durabilit\u00e9, \u00e0 une efficacit\u00e9 \u00e9nerg\u00e9tique accrue et \u00e0 une stabilit\u00e9 de performance, avec une consommation d\u2019environ <b>50&nbsp;W<\/b> dans les sc\u00e9narios les plus exigeants, adapt\u00e9e aux configurations haute performance. Le facteur de forme <b>M.2<\/b> sans c\u00e2bles simplifie l\u2019installation sur les cartes m\u00e8res compatibles de <b>PC et ordinateurs portables<\/b>, optimisant le flux d\u2019air interne et permettant des configurations plus compactes et ordonn\u00e9es. Il est con\u00e7u pour fonctionner dans une plage thermique d\u2019environ <b>0&nbsp;\u00b0C \u00e0 70&nbsp;\u00b0C<\/b>, s\u2019adaptant \u00e0 diff\u00e9rents environnements de travail d\u00e8s lors qu\u2019il existe un refroidissement ad\u00e9quat du bo\u00eetier. La finition <b>bleue<\/b> apporte une esth\u00e9tique diff\u00e9renciante dans les configurations o\u00f9 le disque est visible, s\u2019int\u00e9grant bien aux montages personnalis\u00e9s. Gr\u00e2ce \u00e0 sa combinaison de grande capacit\u00e9, d\u2019interface PCIe 4.0 et de technologie NVMe, le Kingston SNV3S\/4000G se positionne comme une option solide pour ceux qui souhaitent mettre \u00e0 niveau leur syst\u00e8me avec un stockage rapide, spacieux et fiable.<\/p>\n<ul>\n<li>Largeur:\n<ul>\n<li>22 mm<\/li>\n<li>2,2 cm<\/li>\n<\/ul>\n<\/li>\n<li>Utilisation recommand\u00e9e:\n<ul>\n<li>Ordinateur Portable<\/li>\n<li>PC de bureau<\/li>\n<\/ul>\n<\/li>\n<li>Type:\n<ul>\n<li>Disque dur interne<\/li>\n<li>SSD<\/li>\n<\/ul>\n<\/li>\n<li>Long: 8 cm<\/li>\n<li>Connexions:\n<ul>\n<li>M.2 2280<\/li>\n<li>PCIe 4.0<\/li>\n<li>PCI Express<\/li>\n<li>USB<\/li>\n<li>PCIe<\/li>\n<li>M.2<\/li>\n<li>PCI Express 4.0<\/li>\n<\/ul>\n<\/li>\n<li>vitesse:\n<ul>\n<li>5000 Mb\/s<\/li>\n<li>6000 MB\/s<\/li>\n<\/ul>\n<\/li>\n<li>Compatible:\n<ul>\n<li>PC<\/li>\n<li>SSD NVMe<\/li>\n<li>PC\/Notebook<\/li>\n<\/ul>\n<\/li>\n<li>Dimensions approx.:\n<ul>\n<li>8 cm<\/li>\n<li>2,2 cm<\/li>\n<\/ul>\n<\/li>\n<li>Couleur: Bleu<\/li>\n<li>Vitesse de rotation: 7200 rpm<\/li>\n<li>puissance: 50 W<\/li>\n<li>Plage de temp\u00e9ratures de travail: 0\u00ba \/ 70\u00ba<\/li>\n<li>Type de m\u00e9moire: 3D NAND<\/li>\n<li>Disque dur: 4 TB SSD<\/li>\n<li>Type de stockage: SSD<\/li>\n<\/ul>","protected":false},"excerpt":{"rendered":"<p>Si vous \u00eates passionn\u00e9 d&#8217;informatique et d&#8217;\u00e9lectronique, si vous \u00eates \u00e0 la pointe de la technologie et qu&#8217;aucun d\u00e9tail ne vous \u00e9chappe, achetez Disque dur Kingston SNV3S\/4000G 4 TB SSD au meilleur prix. Le disque SSD Kingston SNV3S\/4000G est un disque \u00e0 \u00e9tat solide haute performance con\u00e7u pour les PC de bureau et les ordinateurs [&hellip;]<\/p>\n","protected":false},"featured_media":75240,"comment_status":"open","ping_status":"closed","template":"","meta":[],"product_brand":[638],"product_cat":[588,65,584],"product_tag":[106],"class_list":{"0":"post-75293","1":"product","2":"type-product","3":"status-publish","4":"has-post-thumbnail","6":"product_brand-brandp_557","7":"product_cat-disques-durs","8":"product_cat-informatique-electronique","9":"product_cat-informatique-reseaux-et-composants","10":"product_tag-tag_1295","12":"first","13":"instock","14":"taxable","15":"shipping-taxable","16":"purchasable","17":"product-type-simple"},"_links":{"self":[{"href":"https:\/\/bigbuy.tupique.com\/pt\/wp-json\/wp\/v2\/product\/75293","targetHints":{"allow":["GET"]}}],"collection":[{"href":"https:\/\/bigbuy.tupique.com\/pt\/wp-json\/wp\/v2\/product"}],"about":[{"href":"https:\/\/bigbuy.tupique.com\/pt\/wp-json\/wp\/v2\/types\/product"}],"replies":[{"embeddable":true,"href":"https:\/\/bigbuy.tupique.com\/pt\/wp-json\/wp\/v2\/comments?post=75293"}],"wp:featuredmedia":[{"embeddable":true,"href":"https:\/\/bigbuy.tupique.com\/pt\/wp-json\/wp\/v2\/media\/75240"}],"wp:attachment":[{"href":"https:\/\/bigbuy.tupique.com\/pt\/wp-json\/wp\/v2\/media?parent=75293"}],"wp:term":[{"taxonomy":"product_brand","embeddable":true,"href":"https:\/\/bigbuy.tupique.com\/pt\/wp-json\/wp\/v2\/product_brand?post=75293"},{"taxonomy":"product_cat","embeddable":true,"href":"https:\/\/bigbuy.tupique.com\/pt\/wp-json\/wp\/v2\/product_cat?post=75293"},{"taxonomy":"product_tag","embeddable":true,"href":"https:\/\/bigbuy.tupique.com\/pt\/wp-json\/wp\/v2\/product_tag?post=75293"}],"curies":[{"name":"wp","href":"https:\/\/api.w.org\/{rel}","templated":true}]}}