{"id":75196,"date":"2026-04-02T17:25:09","date_gmt":"2026-04-02T16:25:09","guid":{"rendered":"https:\/\/bigbuy.tupique.com\/produto\/hard-drive-synology-hat3300-6t-35-6-tb\/"},"modified":"2026-04-15T08:15:21","modified_gmt":"2026-04-15T07:15:21","slug":"hard-drive-synology-hat3300-6t-35-6-tb","status":"publish","type":"product","link":"https:\/\/bigbuy.tupique.com\/pt\/produto\/hard-drive-synology-hat3300-6t-35-6-tb\/","title":{"rendered":"Disque dur Synology HAT3300-6T 3,5&#8243; 6 TB"},"content":{"rendered":"<p>Si vous \u00eates passionn\u00e9 d&#8217;<b>informatique et d&#8217;\u00e9lectronique<\/b>, si vous \u00eates \u00e0 la pointe de la technologie et qu&#8217;aucun d\u00e9tail ne vous \u00e9chappe, achetez <b>Disque dur Synology HAT3300-6T 3,5&#8243; 6 TB<\/b> au meilleur prix.<\/p>\n<p>Le <b>disque dur<\/b> <b>HAT3300-6T<\/b> de la marque Synology est un dispositif de stockage interne con\u00e7u pour offrir une solution fiable et efficace dans des environnements domestiques et professionnels n\u00e9cessitant une grande capacit\u00e9 de stockage. Ce mod\u00e8le dispose d\u2019une <b>capacit\u00e9 de 6 To<\/b>, id\u00e9ale pour g\u00e9rer de gros volumes de donn\u00e9es, fichiers multim\u00e9dias ou sauvegardes. Au format <b>3,5 pouces<\/b>, il est compatible avec une large gamme de syst\u00e8mes et configurations internes, notamment celles bas\u00e9es sur des interfaces <b>SATA<\/b>, garantissant une connexion stable et rapide. Sa vitesse de rotation de <b>5400 tr\/min<\/b> assure un bon \u00e9quilibre entre performance et faible consommation d\u2019\u00e9nergie, adapt\u00e9 au stockage continu sans g\u00e9n\u00e9rer trop de bruit ni de chaleur. De plus, le produit pr\u00e9sente un design robuste de couleur <b>noir<\/b>, caract\u00e9ristique des composants professionnels alliant sobri\u00e9t\u00e9 et fonctionnalit\u00e9. Ce dispositif remplit la double fonction de disque dur interne et peut aussi \u00eatre utilis\u00e9 comme disque externe s\u2019il est int\u00e9gr\u00e9 dans un bo\u00eetier externe compatible, offrant ainsi une grande polyvalence. En tant que <b>HDD<\/b> traditionnel, il s\u2019adresse \u00e0 ceux qui privil\u00e9gient la fiabilit\u00e9 des unit\u00e9s m\u00e9caniques pour un stockage durable \u00e0 grande \u00e9chelle, combinant l\u2019exp\u00e9rience et la qualit\u00e9 associ\u00e9es \u00e0 la marque Synology. Sa capacit\u00e9 et ses caract\u00e9ristiques techniques font de ce disque une option adapt\u00e9e aux environnements NAS, stations de travail ou serveurs personnels n\u00e9cessitant une solution stable et efficace pour g\u00e9rer de gros volumes de donn\u00e9es. En r\u00e9sum\u00e9, le disque dur <b>HAT3300-6T<\/b> est un \u00e9l\u00e9ment essentiel pour ceux qui recherchent un stockage interne haute capacit\u00e9 au format standard et aux performances \u00e9quilibr\u00e9es.<\/p>\n<ul>\n<li>Type:\n<ul>\n<li>Disque dur interne<\/li>\n<li>Interne<\/li>\n<li>Disque Dur Externe<\/li>\n<li>HDD<\/li>\n<\/ul>\n<\/li>\n<li>Buffer: 256 MB<\/li>\n<li>vitesse:\n<ul>\n<li>6000 MB\/s<\/li>\n<li>5400 rpm<\/li>\n<li>6 Gbps<\/li>\n<\/ul>\n<\/li>\n<li>Technologie: Magn\u00e9tique<\/li>\n<li>Utilisation recommand\u00e9e: NAS<\/li>\n<li>Disque dur: 6 TB<\/li>\n<li>Couleur:\n<ul>\n<li>Noir<\/li>\n<li>Vert<\/li>\n<\/ul>\n<\/li>\n<li>Vitesse de rotation: 5400 rpm<\/li>\n<li>Connexions: SATA<\/li>\n<li>Taille: 3,5&#8243;<\/li>\n<li>Compatible: Ordinateurs<\/li>\n<li>Temp\u00e9rature approximative: -40\u00ba \/ 70\u00ba<\/li>\n<\/ul>","protected":false},"excerpt":{"rendered":"<p>Si vous \u00eates passionn\u00e9 d&#8217;informatique et d&#8217;\u00e9lectronique, si vous \u00eates \u00e0 la pointe de la technologie et qu&#8217;aucun d\u00e9tail ne vous \u00e9chappe, achetez Disque dur Synology HAT3300-6T 3,5&#8243; 6 TB au meilleur prix. Le disque dur HAT3300-6T de la marque Synology est un dispositif de stockage interne con\u00e7u pour offrir une solution fiable et efficace [&hellip;]<\/p>\n","protected":false},"featured_media":75175,"comment_status":"open","ping_status":"closed","template":"","meta":[],"product_brand":[990],"product_cat":[588,65,584],"product_tag":[106],"class_list":{"0":"post-75196","1":"product","2":"type-product","3":"status-publish","4":"has-post-thumbnail","6":"product_brand-brandp_653","7":"product_cat-disques-durs","8":"product_cat-informatique-electronique","9":"product_cat-informatique-reseaux-et-composants","10":"product_tag-tag_1295","12":"first","13":"instock","14":"taxable","15":"shipping-taxable","16":"purchasable","17":"product-type-simple"},"_links":{"self":[{"href":"https:\/\/bigbuy.tupique.com\/pt\/wp-json\/wp\/v2\/product\/75196","targetHints":{"allow":["GET"]}}],"collection":[{"href":"https:\/\/bigbuy.tupique.com\/pt\/wp-json\/wp\/v2\/product"}],"about":[{"href":"https:\/\/bigbuy.tupique.com\/pt\/wp-json\/wp\/v2\/types\/product"}],"replies":[{"embeddable":true,"href":"https:\/\/bigbuy.tupique.com\/pt\/wp-json\/wp\/v2\/comments?post=75196"}],"wp:featuredmedia":[{"embeddable":true,"href":"https:\/\/bigbuy.tupique.com\/pt\/wp-json\/wp\/v2\/media\/75175"}],"wp:attachment":[{"href":"https:\/\/bigbuy.tupique.com\/pt\/wp-json\/wp\/v2\/media?parent=75196"}],"wp:term":[{"taxonomy":"product_brand","embeddable":true,"href":"https:\/\/bigbuy.tupique.com\/pt\/wp-json\/wp\/v2\/product_brand?post=75196"},{"taxonomy":"product_cat","embeddable":true,"href":"https:\/\/bigbuy.tupique.com\/pt\/wp-json\/wp\/v2\/product_cat?post=75196"},{"taxonomy":"product_tag","embeddable":true,"href":"https:\/\/bigbuy.tupique.com\/pt\/wp-json\/wp\/v2\/product_tag?post=75196"}],"curies":[{"name":"wp","href":"https:\/\/api.w.org\/{rel}","templated":true}]}}