{"id":75125,"date":"2026-04-02T17:22:42","date_gmt":"2026-04-02T16:22:42","guid":{"rendered":"https:\/\/bigbuy.tupique.com\/produto\/hard-drive-synology-hat3300-4t-35\/"},"modified":"2026-04-15T08:15:20","modified_gmt":"2026-04-15T07:15:20","slug":"hard-drive-synology-hat3300-4t-35","status":"publish","type":"product","link":"https:\/\/bigbuy.tupique.com\/pt\/produto\/hard-drive-synology-hat3300-4t-35\/","title":{"rendered":"Disque dur Synology HAT3300-4T 3,5&#8243;"},"content":{"rendered":"<p>Si vous \u00eates passionn\u00e9 d&#8217;<b>informatique et d&#8217;\u00e9lectronique<\/b>, si vous \u00eates \u00e0 la pointe de la technologie et qu&#8217;aucun d\u00e9tail ne vous \u00e9chappe, achetez <b>Disque dur Synology HAT3300-4T 3,5&#8243;<\/b> au meilleur prix.<\/p>\n<p>Le <b>disque dur<\/b> interne <b>Synology HAT3300-4T<\/b> est con\u00e7u pour offrir un stockage fiable et stable pour les ordinateurs de bureau et surtout pour les serveurs NAS et PC n\u00e9cessitant un fonctionnement continu. Avec une <b>capacit\u00e9 de 4 To<\/b>, il offre un espace adapt\u00e9 aux gros volumes de donn\u00e9es, sauvegardes, biblioth\u00e8ques multim\u00e9dia ou environnements de travail avec fichiers lourds. Son format <b>3,5&#8243;<\/b> le rend compatible avec la plupart des baies standard de PC et baies de stockage, tandis que l\u2019interface <b>SATA 6 Gbps<\/b> assure un bon d\u00e9bit de transfert et une int\u00e9gration simple avec les cartes m\u00e8res et contr\u00f4leurs courants. Ce <b>HDD<\/b> fonctionne \u00e0 <b>5400 tr\/min<\/b>, une vitesse optimis\u00e9e pour r\u00e9duire le bruit et la consommation d\u2019\u00e9nergie, adapt\u00e9e aux syst\u00e8mes n\u00e9cessitant un usage prolong\u00e9 et des temp\u00e9ratures ma\u00eetris\u00e9es. Il int\u00e8gre un tampon de <b>256 Mo de cache<\/b>, qui am\u00e9liore la r\u00e9activit\u00e9 lors des acc\u00e8s fr\u00e9quents aux donn\u00e9es et contribue \u00e0 une utilisation plus fluide au quotidien. Le design <b>noir et vert<\/b> identifie clairement cette s\u00e9rie dans l\u2019\u00e9cosyst\u00e8me Synology, facilitant son rep\u00e9rage dans les installations avec plusieurs unit\u00e9s. Gr\u00e2ce \u00e0 sa construction robuste et \u00e0 sa large plage de temp\u00e9rature en stockage, comprise entre <b>-40 \u00baC et 70 \u00baC<\/b>, il s\u2019adapte aux environnements professionnels o\u00f9 fiabilit\u00e9 et stabilit\u00e9 sont essentielles. Compatible avec les syst\u00e8mes bas\u00e9s sur des <b>HDD SATA<\/b> jusqu\u2019\u00e0 6 To, ce mod\u00e8le 4 To se positionne comme une solution \u00e9quilibr\u00e9e pour les utilisateurs ayant besoin d\u2019une grande capacit\u00e9 de stockage avec des performances constantes et une int\u00e9gration simple dans leurs ordinateurs ou serveurs.<\/p>\n<ul>\n<li>Interface: SATA<\/li>\n<li>Connexions:\n<ul>\n<li>Sata III<\/li>\n<li>SATA<\/li>\n<\/ul>\n<\/li>\n<li>Disque dur:\n<ul>\n<li>4 TB<\/li>\n<li>4 TB HDD<\/li>\n<\/ul>\n<\/li>\n<li>Technologie: Magn\u00e9tique<\/li>\n<li>Type:\n<ul>\n<li>Interne<\/li>\n<li>Disque dur interne<\/li>\n<li>HDD<\/li>\n<\/ul>\n<\/li>\n<li>Utilisation recommand\u00e9e: NAS<\/li>\n<li>Buffer: 256 MB<\/li>\n<li>vitesse:\n<ul>\n<li>6000 MB\/s<\/li>\n<li>5400 rpm<\/li>\n<li>6 Gbps<\/li>\n<\/ul>\n<\/li>\n<li>Couleur:\n<ul>\n<li>Noir<\/li>\n<li>Vert<\/li>\n<\/ul>\n<\/li>\n<li>Mati\u00e8re: verre<\/li>\n<li>Vitesse de rotation: 5400 rpm<\/li>\n<li>Taille: 3,5&#8243;<\/li>\n<li>Compatible: Ordinateurs<\/li>\n<li>Temp\u00e9rature approximative: -40\u00ba \/ 70\u00ba<\/li>\n<\/ul>","protected":false},"excerpt":{"rendered":"<p>Si vous \u00eates passionn\u00e9 d&#8217;informatique et d&#8217;\u00e9lectronique, si vous \u00eates \u00e0 la pointe de la technologie et qu&#8217;aucun d\u00e9tail ne vous \u00e9chappe, achetez Disque dur Synology HAT3300-4T 3,5&#8243; au meilleur prix. Le disque dur interne Synology HAT3300-4T est con\u00e7u pour offrir un stockage fiable et stable pour les ordinateurs de bureau et surtout pour les [&hellip;]<\/p>\n","protected":false},"featured_media":75104,"comment_status":"open","ping_status":"closed","template":"","meta":[],"product_brand":[990],"product_cat":[588,65,584],"product_tag":[106],"class_list":{"0":"post-75125","1":"product","2":"type-product","3":"status-publish","4":"has-post-thumbnail","6":"product_brand-brandp_653","7":"product_cat-disques-durs","8":"product_cat-informatique-electronique","9":"product_cat-informatique-reseaux-et-composants","10":"product_tag-tag_1295","12":"first","13":"instock","14":"taxable","15":"shipping-taxable","16":"purchasable","17":"product-type-simple"},"_links":{"self":[{"href":"https:\/\/bigbuy.tupique.com\/pt\/wp-json\/wp\/v2\/product\/75125","targetHints":{"allow":["GET"]}}],"collection":[{"href":"https:\/\/bigbuy.tupique.com\/pt\/wp-json\/wp\/v2\/product"}],"about":[{"href":"https:\/\/bigbuy.tupique.com\/pt\/wp-json\/wp\/v2\/types\/product"}],"replies":[{"embeddable":true,"href":"https:\/\/bigbuy.tupique.com\/pt\/wp-json\/wp\/v2\/comments?post=75125"}],"wp:featuredmedia":[{"embeddable":true,"href":"https:\/\/bigbuy.tupique.com\/pt\/wp-json\/wp\/v2\/media\/75104"}],"wp:attachment":[{"href":"https:\/\/bigbuy.tupique.com\/pt\/wp-json\/wp\/v2\/media?parent=75125"}],"wp:term":[{"taxonomy":"product_brand","embeddable":true,"href":"https:\/\/bigbuy.tupique.com\/pt\/wp-json\/wp\/v2\/product_brand?post=75125"},{"taxonomy":"product_cat","embeddable":true,"href":"https:\/\/bigbuy.tupique.com\/pt\/wp-json\/wp\/v2\/product_cat?post=75125"},{"taxonomy":"product_tag","embeddable":true,"href":"https:\/\/bigbuy.tupique.com\/pt\/wp-json\/wp\/v2\/product_tag?post=75125"}],"curies":[{"name":"wp","href":"https:\/\/api.w.org\/{rel}","templated":true}]}}