{"id":74683,"date":"2026-04-02T16:58:55","date_gmt":"2026-04-02T15:58:55","guid":{"rendered":"https:\/\/bigbuy.tupique.com\/produto\/projector-optoma-s336-full-hd-svga-4000-lm\/"},"modified":"2026-04-15T08:15:16","modified_gmt":"2026-04-15T07:15:16","slug":"projector-optoma-s336-full-hd-svga-4000-lm","status":"publish","type":"product","link":"https:\/\/bigbuy.tupique.com\/pt\/produto\/projector-optoma-s336-full-hd-svga-4000-lm\/","title":{"rendered":"Projecteur Optoma S336 Full HD SVGA 4000 Lm"},"content":{"rendered":"<p>Si vous \u00eates passionn\u00e9 d&#8217;<b>informatique et d&#8217;\u00e9lectronique<\/b>, si vous \u00eates \u00e0 la pointe de la technologie et qu&#8217;aucun d\u00e9tail ne vous \u00e9chappe, achetez <b>Projecteur Optoma S336 Full HD SVGA 4000 Lm<\/b> au meilleur prix.<\/p>\n<p>Le <b>projecteur Optoma S336 mod\u00e8le E9PX7D102EZ3<\/b> est un appareil audiovisuel con\u00e7u pour offrir une exp\u00e9rience visuelle claire et fonctionnelle dans les environnements \u00e9ducatifs, professionnels ou domestiques. Ce <b>projecteur SVGA<\/b> propose une r\u00e9solution standard adapt\u00e9e aux pr\u00e9sentations et contenus basiques, avec une luminosit\u00e9 maximale de <b>4000 lumens<\/b> garantissant des images nettes m\u00eame dans des espaces \u00e0 \u00e9clairage ambiant mod\u00e9r\u00e9. Sa finition en <b>noir<\/b> lui conf\u00e8re un design sobre et professionnel, id\u00e9al pour s\u2019int\u00e9grer dans tout type d\u2019environnement. Il dispose de multiples options de connectivit\u00e9, incluant des <b>ports HDMI<\/b>, <b>USB<\/b> et <b>USB 2.0<\/b>, facilitant la connexion de divers appareils multim\u00e9dias et ordinateurs pour une lecture de contenu sans complication. De plus, il est livr\u00e9 avec une t\u00e9l\u00e9commande qui simplifie sa gestion \u00e0 distance, offrant confort et polyvalence lors de son utilisation. Bien que sa r\u00e9solution soit SVGA, cette caract\u00e9ristique suffit pour des pr\u00e9sentations avec texte, graphiques simples et vid\u00e9os de qualit\u00e9 correcte, consolidant sa place comme solution \u00e9conomique et pratique pour les utilisateurs ne n\u00e9cessitant pas la haute d\u00e9finition. En r\u00e9sum\u00e9, le <b>projecteur Optoma S336<\/b> combine une forte luminosit\u00e9, une connectivit\u00e9 flexible et une simplicit\u00e9 d\u2019utilisation dans un appareil compact et discret, adapt\u00e9 \u00e0 ceux qui recherchent un projecteur fonctionnel et efficace pour un usage quotidien.<\/p>\n<ul>\n<li>Type: Projecteur<\/li>\n<li>Type de prise: Prise EU<\/li>\n<li>Produit \u00e0 brancher: Oui<\/li>\n<li>Lumens: 4000<\/li>\n<li>Couleur: Noir<\/li>\n<li>Connexions:\n<ul>\n<li>HDMI<\/li>\n<li>USB<\/li>\n<li>USB 2.0<\/li>\n<li>VGA<\/li>\n<li>HDMI 1.4<\/li>\n<\/ul>\n<\/li>\n<li>Rapport d&#8217;aspect:\n<ul>\n<li>4:3<\/li>\n<li>16:9<\/li>\n<\/ul>\n<\/li>\n<li>Format: 4:3<\/li>\n<li>R\u00e9solution:\n<ul>\n<li>Full HD<\/li>\n<li>SVGA<\/li>\n<\/ul>\n<\/li>\n<li>Bloc d\u2019Alimentation:\n<ul>\n<li>Cordon d&#8217;alimentation CA<\/li>\n<li>r\u00e9seau \u00e9lectrique<\/li>\n<\/ul>\n<\/li>\n<li>Puissance RMS: 10 W<\/li>\n<li>Piles incluses: Oui<\/li>\n<li>TV intelligente: Non<\/li>\n<li>Fr\u00e9quence: 50 &#8211; 60 Hz<\/li>\n<li>Inclut:\n<ul>\n<li>T\u00e9l\u00e9commande<\/li>\n<li>Manuel de l&#8217;utilisateur<\/li>\n<\/ul>\n<\/li>\n<li>Tension: 100 &#8211; 240 V<\/li>\n<li>Ethernet: Non<\/li>\n<li>puissance:\n<ul>\n<li>203 W<\/li>\n<li>50 W<\/li>\n<\/ul>\n<\/li>\n<li>Non Inclus: Wi-Fi<\/li>\n<li>Flux lumineux: 4000 Lm<\/li>\n<li>Niveau sonore: 29 dB<\/li>\n<li>Connecteurs: Kensington<\/li>\n<li>\u00c9cran integr\u00e9: Non<\/li>\n<li>Rapport de contraste: 25000:1<\/li>\n<li>consommation d&#8217;\u00e9nergie: 187 kwh<\/li>\n<li>Caract\u00e9ristiques:\n<ul>\n<li>Protection des donn\u00e9es\/mot de passe<\/li>\n<li>Haut-parleurs int\u00e9gr\u00e9s<\/li>\n<\/ul>\n<\/li>\n<li>Technologie: DLP<\/li>\n<li>Utilisation recommand\u00e9e: Entreprise et commerce<\/li>\n<li>Echelle: 1.1:1<\/li>\n<li>Type de batterie: Litio Ion<\/li>\n<\/ul>","protected":false},"excerpt":{"rendered":"<p>Si vous \u00eates passionn\u00e9 d&#8217;informatique et d&#8217;\u00e9lectronique, si vous \u00eates \u00e0 la pointe de la technologie et qu&#8217;aucun d\u00e9tail ne vous \u00e9chappe, achetez Projecteur Optoma S336 Full HD SVGA 4000 Lm au meilleur prix. Le projecteur Optoma S336 mod\u00e8le E9PX7D102EZ3 est un appareil audiovisuel con\u00e7u pour offrir une exp\u00e9rience visuelle claire et fonctionnelle dans les [&hellip;]<\/p>\n","protected":false},"featured_media":74673,"comment_status":"open","ping_status":"closed","template":"","meta":[],"product_brand":[1656],"product_cat":[65,581,583],"product_tag":[],"class_list":{"0":"post-74683","1":"product","2":"type-product","3":"status-publish","4":"has-post-thumbnail","6":"product_brand-brandp_615","7":"product_cat-informatique-electronique","8":"product_cat-informatique-peripheriques-et-consommables","9":"product_cat-projecteurs","11":"first","12":"instock","13":"taxable","14":"shipping-taxable","15":"purchasable","16":"product-type-simple"},"_links":{"self":[{"href":"https:\/\/bigbuy.tupique.com\/pt\/wp-json\/wp\/v2\/product\/74683","targetHints":{"allow":["GET"]}}],"collection":[{"href":"https:\/\/bigbuy.tupique.com\/pt\/wp-json\/wp\/v2\/product"}],"about":[{"href":"https:\/\/bigbuy.tupique.com\/pt\/wp-json\/wp\/v2\/types\/product"}],"replies":[{"embeddable":true,"href":"https:\/\/bigbuy.tupique.com\/pt\/wp-json\/wp\/v2\/comments?post=74683"}],"wp:featuredmedia":[{"embeddable":true,"href":"https:\/\/bigbuy.tupique.com\/pt\/wp-json\/wp\/v2\/media\/74673"}],"wp:attachment":[{"href":"https:\/\/bigbuy.tupique.com\/pt\/wp-json\/wp\/v2\/media?parent=74683"}],"wp:term":[{"taxonomy":"product_brand","embeddable":true,"href":"https:\/\/bigbuy.tupique.com\/pt\/wp-json\/wp\/v2\/product_brand?post=74683"},{"taxonomy":"product_cat","embeddable":true,"href":"https:\/\/bigbuy.tupique.com\/pt\/wp-json\/wp\/v2\/product_cat?post=74683"},{"taxonomy":"product_tag","embeddable":true,"href":"https:\/\/bigbuy.tupique.com\/pt\/wp-json\/wp\/v2\/product_tag?post=74683"}],"curies":[{"name":"wp","href":"https:\/\/api.w.org\/{rel}","templated":true}]}}