{"id":74163,"date":"2026-04-02T16:23:33","date_gmt":"2026-04-02T15:23:33","guid":{"rendered":"https:\/\/bigbuy.tupique.com\/produto\/router-teltonika-rutx50-black-steel-usb-usb-2-0-rj45-ethernet-lan-wi-fi-5-ghz\/"},"modified":"2026-04-15T08:12:55","modified_gmt":"2026-04-15T07:12:55","slug":"router-teltonika-rutx50-black-steel-usb-usb-2-0-rj45-ethernet-lan-wi-fi-5-ghz","status":"publish","type":"product","link":"https:\/\/bigbuy.tupique.com\/pt\/produto\/router-teltonika-rutx50-black-steel-usb-usb-2-0-rj45-ethernet-lan-wi-fi-5-ghz\/","title":{"rendered":"Router Teltonika RUTX50 Noir Acier USB USB 2.0 RJ45 Ethernet LAN Wi-Fi 5 GHz"},"content":{"rendered":"<p>Si vous \u00eates passionn\u00e9 d&#8217;<b>informatique et d&#8217;\u00e9lectronique<\/b>, si vous \u00eates \u00e0 la pointe de la technologie et qu&#8217;aucun d\u00e9tail ne vous \u00e9chappe, achetez <b>Router Teltonika RUTX50 Noir Acier USB USB 2.0 RJ45 Ethernet LAN Wi-Fi 5 GHz<\/b> au meilleur prix.<\/p>\n<ul>\n<li>Type de prise: Prise EU<\/li>\n<li>Type:\n<ul>\n<li>Router<\/li>\n<li>Modem sans fil<\/li>\n<\/ul>\n<\/li>\n<li>Produit \u00e0 brancher: Oui<\/li>\n<li>Inclut:\n<ul>\n<li>Bloc d\u2019Alimentation<\/li>\n<li>LAN (RJ-45)<\/li>\n<li>C\u00e2ble RJ45<\/li>\n<li>Manuel de l&#8217;utilisateur<\/li>\n<\/ul>\n<\/li>\n<li>Connectivit\u00e9:\n<ul>\n<li>Wi-Fi<\/li>\n<li>Ethernet LAN<\/li>\n<li>Wi-Fi 5 GHz<\/li>\n<\/ul>\n<\/li>\n<li>Type d&#8217;entr\u00e9e: CC<\/li>\n<li>M\u00e9moire Flash: 256 MB<\/li>\n<li>M\u00e9moire interne: 256 MB<\/li>\n<li>Nombre de pi\u00e8ces: 1 Pi\u00e8ce<\/li>\n<li>\u00c9lev\u00e9: 4,4 cm<\/li>\n<li>Largeur: 13,2 cm<\/li>\n<li>Poids approx.: 533 G<\/li>\n<li>puissance: 18 W<\/li>\n<li>Bloc d\u2019Alimentation:\n<ul>\n<li>r\u00e9seau \u00e9lectrique<\/li>\n<li>DC<\/li>\n<li>CC<\/li>\n<\/ul>\n<\/li>\n<li>Couleur:\n<ul>\n<li>Noir<\/li>\n<li>Acier<\/li>\n<\/ul>\n<\/li>\n<li>Mati\u00e8re: Aluminium<\/li>\n<li>Caract\u00e9ristiques:\n<ul>\n<li>T\u00e9moin LED<\/li>\n<li>Guide d&#8217;installation inclus<\/li>\n<li>Bouton de r\u00e9initialisation<\/li>\n<\/ul>\n<\/li>\n<li>Connexions:\n<ul>\n<li>USB<\/li>\n<li>USB 2.0<\/li>\n<li>RJ45<\/li>\n<li>Ethernet LAN<\/li>\n<\/ul>\n<\/li>\n<li>Interface: Gigabit Ethernet<\/li>\n<li>Classification IP: IP30<\/li>\n<li>Technologie: MU-MIMO<\/li>\n<li>vitesse: 10\/100\/1000 Mbps<\/li>\n<li>Non Inclus: Adaptateur AC<\/li>\n<li>Plage d&#8217;humidit\u00e9 de travail: 10 % &#8211; 90 %<\/li>\n<li>Transmission de donn\u00e9es: 867 Mbit\/s<\/li>\n<li>Capacit\u00e9: 256 GB<\/li>\n<\/ul>","protected":false},"excerpt":{"rendered":"<p>Si vous \u00eates passionn\u00e9 d&#8217;informatique et d&#8217;\u00e9lectronique, si vous \u00eates \u00e0 la pointe de la technologie et qu&#8217;aucun d\u00e9tail ne vous \u00e9chappe, achetez Router Teltonika RUTX50 Noir Acier USB USB 2.0 RJ45 Ethernet LAN Wi-Fi 5 GHz au meilleur prix. Type de prise: Prise EU Type: Router Modem sans fil Produit \u00e0 brancher: Oui Inclut: [&hellip;]<\/p>\n","protected":false},"featured_media":74156,"comment_status":"open","ping_status":"closed","template":"","meta":[],"product_brand":[1706],"product_cat":[65,584,612],"product_tag":[106],"class_list":{"0":"post-74163","1":"product","2":"type-product","3":"status-publish","4":"has-post-thumbnail","6":"product_brand-brandp_8747","7":"product_cat-informatique-electronique","8":"product_cat-informatique-reseaux-et-composants","9":"product_cat-routeurs-et-modems","10":"product_tag-tag_1295","12":"first","13":"instock","14":"taxable","15":"shipping-taxable","16":"purchasable","17":"product-type-simple"},"_links":{"self":[{"href":"https:\/\/bigbuy.tupique.com\/pt\/wp-json\/wp\/v2\/product\/74163","targetHints":{"allow":["GET"]}}],"collection":[{"href":"https:\/\/bigbuy.tupique.com\/pt\/wp-json\/wp\/v2\/product"}],"about":[{"href":"https:\/\/bigbuy.tupique.com\/pt\/wp-json\/wp\/v2\/types\/product"}],"replies":[{"embeddable":true,"href":"https:\/\/bigbuy.tupique.com\/pt\/wp-json\/wp\/v2\/comments?post=74163"}],"wp:featuredmedia":[{"embeddable":true,"href":"https:\/\/bigbuy.tupique.com\/pt\/wp-json\/wp\/v2\/media\/74156"}],"wp:attachment":[{"href":"https:\/\/bigbuy.tupique.com\/pt\/wp-json\/wp\/v2\/media?parent=74163"}],"wp:term":[{"taxonomy":"product_brand","embeddable":true,"href":"https:\/\/bigbuy.tupique.com\/pt\/wp-json\/wp\/v2\/product_brand?post=74163"},{"taxonomy":"product_cat","embeddable":true,"href":"https:\/\/bigbuy.tupique.com\/pt\/wp-json\/wp\/v2\/product_cat?post=74163"},{"taxonomy":"product_tag","embeddable":true,"href":"https:\/\/bigbuy.tupique.com\/pt\/wp-json\/wp\/v2\/product_tag?post=74163"}],"curies":[{"name":"wp","href":"https:\/\/api.w.org\/{rel}","templated":true}]}}