{"id":73925,"date":"2026-04-02T16:11:04","date_gmt":"2026-04-02T15:11:04","guid":{"rendered":"https:\/\/bigbuy.tupique.com\/produto\/headphones-with-microphone-apple-me2k4zm-a-grey\/"},"modified":"2026-04-15T08:12:51","modified_gmt":"2026-04-15T07:12:51","slug":"headphones-with-microphone-apple-me2k4zm-a-grey","status":"publish","type":"product","link":"https:\/\/bigbuy.tupique.com\/pt\/produto\/headphones-with-microphone-apple-me2k4zm-a-grey\/","title":{"rendered":"Casques avec Microphone Apple ME2K4ZM\/A Gris"},"content":{"rendered":"<p>Si vous \u00eates passionn\u00e9 d&#8217;<b>informatique et d&#8217;\u00e9lectronique<\/b>, si vous \u00eates \u00e0 la pointe de la technologie et qu&#8217;aucun d\u00e9tail ne vous \u00e9chappe, achetez <b>Casques avec Microphone Apple ME2K4ZM\/A Gris<\/b> au meilleur prix.<\/p>\n<ul>\n<li>Caract\u00e9ristiques:\n<ul>\n<li>Sans fil<\/li>\n<li>\u00c9tui<\/li>\n<li>Avec c\u00e2ble<\/li>\n<li>R\u00e9duction du bruit<\/li>\n<li>Microphone int\u00e9gr\u00e9<\/li>\n<li>Garantie<\/li>\n<li>Guide d&#8217;installation inclus<\/li>\n<li>Batterie int\u00e9gr\u00e9e<\/li>\n<\/ul>\n<\/li>\n<li>Type:\n<ul>\n<li>Casques avec Microphone<\/li>\n<li>\u00c9couteurs in Ear<\/li>\n<\/ul>\n<\/li>\n<li>Couleur: Gris<\/li>\n<li>Mati\u00e8re: Silicone<\/li>\n<li>Connexions: USB-C<\/li>\n<li>Connectivit\u00e9:\n<ul>\n<li>Bluetooth<\/li>\n<li>Sans fil<\/li>\n<\/ul>\n<\/li>\n<li>Type de casque: Internet intra-auriculaires<\/li>\n<li>Autonomie approx.: 7 heures<\/li>\n<li>Type de commande: Tactile<\/li>\n<li>Batterie: Oui<\/li>\n<li>Non Inclus: Adaptateur AC<\/li>\n<li>Casque: Binaural<\/li>\n<li>Classification IP: IPX4<\/li>\n<li>Utilisation recommand\u00e9e: Sport<\/li>\n<li>Type de batterie: Litio Ion<\/li>\n<\/ul>","protected":false},"excerpt":{"rendered":"<p>Si vous \u00eates passionn\u00e9 d&#8217;informatique et d&#8217;\u00e9lectronique, si vous \u00eates \u00e0 la pointe de la technologie et qu&#8217;aucun d\u00e9tail ne vous \u00e9chappe, achetez Casques avec Microphone Apple ME2K4ZM\/A Gris au meilleur prix. Caract\u00e9ristiques: Sans fil \u00c9tui Avec c\u00e2ble R\u00e9duction du bruit Microphone int\u00e9gr\u00e9 Garantie Guide d&#8217;installation inclus Batterie int\u00e9gr\u00e9e Type: Casques avec Microphone \u00c9couteurs in [&hellip;]<\/p>\n","protected":false},"featured_media":155334,"comment_status":"open","ping_status":"closed","template":"","meta":[],"product_brand":[979],"product_cat":[758,575,65],"product_tag":[566,106],"class_list":{"0":"post-73925","1":"product","2":"type-product","3":"status-publish","4":"has-post-thumbnail","6":"product_brand-brandp_533","7":"product_cat-casque-avec-microphone","8":"product_cat-electronique-telephonie-et-tablettes","9":"product_cat-informatique-electronique","10":"product_tag-tag_547","11":"product_tag-tag_1295","13":"first","14":"instock","15":"taxable","16":"shipping-taxable","17":"purchasable","18":"product-type-simple"},"_links":{"self":[{"href":"https:\/\/bigbuy.tupique.com\/pt\/wp-json\/wp\/v2\/product\/73925","targetHints":{"allow":["GET"]}}],"collection":[{"href":"https:\/\/bigbuy.tupique.com\/pt\/wp-json\/wp\/v2\/product"}],"about":[{"href":"https:\/\/bigbuy.tupique.com\/pt\/wp-json\/wp\/v2\/types\/product"}],"replies":[{"embeddable":true,"href":"https:\/\/bigbuy.tupique.com\/pt\/wp-json\/wp\/v2\/comments?post=73925"}],"wp:featuredmedia":[{"embeddable":true,"href":"https:\/\/bigbuy.tupique.com\/pt\/wp-json\/wp\/v2\/media\/155334"}],"wp:attachment":[{"href":"https:\/\/bigbuy.tupique.com\/pt\/wp-json\/wp\/v2\/media?parent=73925"}],"wp:term":[{"taxonomy":"product_brand","embeddable":true,"href":"https:\/\/bigbuy.tupique.com\/pt\/wp-json\/wp\/v2\/product_brand?post=73925"},{"taxonomy":"product_cat","embeddable":true,"href":"https:\/\/bigbuy.tupique.com\/pt\/wp-json\/wp\/v2\/product_cat?post=73925"},{"taxonomy":"product_tag","embeddable":true,"href":"https:\/\/bigbuy.tupique.com\/pt\/wp-json\/wp\/v2\/product_tag?post=73925"}],"curies":[{"name":"wp","href":"https:\/\/api.w.org\/{rel}","templated":true}]}}