{"id":73913,"date":"2026-04-02T16:10:42","date_gmt":"2026-04-02T15:10:42","guid":{"rendered":"https:\/\/bigbuy.tupique.com\/produto\/keyboard-apple-magic-white-spanish-qwerty-ipad\/"},"modified":"2026-04-15T08:12:50","modified_gmt":"2026-04-15T07:12:50","slug":"keyboard-apple-magic-white-spanish-qwerty-ipad","status":"publish","type":"product","link":"https:\/\/bigbuy.tupique.com\/pt\/produto\/keyboard-apple-magic-white-spanish-qwerty-ipad\/","title":{"rendered":"Clavier Apple Magic Blanc Espagnol Qwerty iPad"},"content":{"rendered":"<p>Retournez au bureau sans rien oublier ! Achetez <b>Clavier Apple Magic Blanc Espagnol Qwerty iPad<\/b> et faites envie \u00e0 vos coll\u00e8gues!<\/p>\n<ul>\n<li>Type:\n<ul>\n<li>Clavier<\/li>\n<li>Housse pour iPad + Clavier<\/li>\n<li>Clavier Bluetooth<\/li>\n<li>\u00c9tui<\/li>\n<li>Clavier m\u00e9canique<\/li>\n<\/ul>\n<\/li>\n<li>Mati\u00e8re:\n<ul>\n<li>Polyur\u00e9thane<\/li>\n<li>Plastique<\/li>\n<\/ul>\n<\/li>\n<li>Compatible:\n<ul>\n<li>iPad<\/li>\n<li>iPad (10th gen.)<\/li>\n<\/ul>\n<\/li>\n<li>Couleur: Blanc<\/li>\n<li>Caract\u00e9ristiques:\n<ul>\n<li>Pliable<\/li>\n<li>Sans fil<\/li>\n<\/ul>\n<\/li>\n<li>Utilisation recommand\u00e9e: Tablette<\/li>\n<li>Non Inclus: Clavier num\u00e9rique<\/li>\n<li>Clavier: Espagnol Qwerty<\/li>\n<li>Syst\u00e8me d&#8217;exploitation: iPadOS<\/li>\n<\/ul>","protected":false},"excerpt":{"rendered":"<p>Retournez au bureau sans rien oublier ! Achetez Clavier Apple Magic Blanc Espagnol Qwerty iPad et faites envie \u00e0 vos coll\u00e8gues! Type: Clavier Housse pour iPad + Clavier Clavier Bluetooth \u00c9tui Clavier m\u00e9canique Mati\u00e8re: Polyur\u00e9thane Plastique Compatible: iPad iPad (10th gen.) Couleur: Blanc Caract\u00e9ristiques: Pliable Sans fil Utilisation recommand\u00e9e: Tablette Non Inclus: Clavier num\u00e9rique Clavier: [&hellip;]<\/p>\n","protected":false},"featured_media":73896,"comment_status":"open","ping_status":"closed","template":"","meta":[],"product_brand":[979],"product_cat":[729,65,581],"product_tag":[213,106],"class_list":{"0":"post-73913","1":"product","2":"type-product","3":"status-publish","4":"has-post-thumbnail","6":"product_brand-brandp_533","7":"product_cat-claviers","8":"product_cat-informatique-electronique","9":"product_cat-informatique-peripheriques-et-consommables","10":"product_tag-tag_933","11":"product_tag-tag_1295","13":"first","14":"instock","15":"taxable","16":"shipping-taxable","17":"purchasable","18":"product-type-simple"},"_links":{"self":[{"href":"https:\/\/bigbuy.tupique.com\/pt\/wp-json\/wp\/v2\/product\/73913","targetHints":{"allow":["GET"]}}],"collection":[{"href":"https:\/\/bigbuy.tupique.com\/pt\/wp-json\/wp\/v2\/product"}],"about":[{"href":"https:\/\/bigbuy.tupique.com\/pt\/wp-json\/wp\/v2\/types\/product"}],"replies":[{"embeddable":true,"href":"https:\/\/bigbuy.tupique.com\/pt\/wp-json\/wp\/v2\/comments?post=73913"}],"wp:featuredmedia":[{"embeddable":true,"href":"https:\/\/bigbuy.tupique.com\/pt\/wp-json\/wp\/v2\/media\/73896"}],"wp:attachment":[{"href":"https:\/\/bigbuy.tupique.com\/pt\/wp-json\/wp\/v2\/media?parent=73913"}],"wp:term":[{"taxonomy":"product_brand","embeddable":true,"href":"https:\/\/bigbuy.tupique.com\/pt\/wp-json\/wp\/v2\/product_brand?post=73913"},{"taxonomy":"product_cat","embeddable":true,"href":"https:\/\/bigbuy.tupique.com\/pt\/wp-json\/wp\/v2\/product_cat?post=73913"},{"taxonomy":"product_tag","embeddable":true,"href":"https:\/\/bigbuy.tupique.com\/pt\/wp-json\/wp\/v2\/product_tag?post=73913"}],"curies":[{"name":"wp","href":"https:\/\/api.w.org\/{rel}","templated":true}]}}