{"id":73863,"date":"2026-04-02T16:09:13","date_gmt":"2026-04-02T15:09:13","guid":{"rendered":"https:\/\/bigbuy.tupique.com\/produto\/keyboard-apple-mdfv4y-a-white-spanish-qwerty\/"},"modified":"2026-04-15T08:10:34","modified_gmt":"2026-04-15T07:10:34","slug":"keyboard-apple-mdfv4y-a-white-spanish-qwerty","status":"publish","type":"product","link":"https:\/\/bigbuy.tupique.com\/pt\/produto\/keyboard-apple-mdfv4y-a-white-spanish-qwerty\/","title":{"rendered":"Clavier Apple MDFV4Y\/A Blanc Espagnol Qwerty"},"content":{"rendered":"<p>Retournez au bureau sans rien oublier ! Achetez <b>Clavier Apple MDFV4Y\/A Blanc Espagnol Qwerty<\/b> et faites envie \u00e0 vos coll\u00e8gues!<\/p>\n<ul>\n<li>Type: Clavier<\/li>\n<li>Couleur: Blanc<\/li>\n<li>Ecran: 11&#8243;<\/li>\n<li>Non Inclus: Clavier num\u00e9rique<\/li>\n<li>Caract\u00e9ristiques: Touches multim\u00e9dia<\/li>\n<li>Clavier: Espagnol Qwerty<\/li>\n<\/ul>","protected":false},"excerpt":{"rendered":"<p>Retournez au bureau sans rien oublier ! Achetez Clavier Apple MDFV4Y\/A Blanc Espagnol Qwerty et faites envie \u00e0 vos coll\u00e8gues! Type: Clavier Couleur: Blanc Ecran: 11&#8243; Non Inclus: Clavier num\u00e9rique Caract\u00e9ristiques: Touches multim\u00e9dia Clavier: Espagnol Qwerty<\/p>","protected":false},"featured_media":73855,"comment_status":"open","ping_status":"closed","template":"","meta":[],"product_brand":[979],"product_cat":[729,65,581],"product_tag":[213,106],"class_list":{"0":"post-73863","1":"product","2":"type-product","3":"status-publish","4":"has-post-thumbnail","6":"product_brand-brandp_533","7":"product_cat-claviers","8":"product_cat-informatique-electronique","9":"product_cat-informatique-peripheriques-et-consommables","10":"product_tag-tag_933","11":"product_tag-tag_1295","13":"first","14":"instock","15":"taxable","16":"shipping-taxable","17":"purchasable","18":"product-type-simple"},"_links":{"self":[{"href":"https:\/\/bigbuy.tupique.com\/pt\/wp-json\/wp\/v2\/product\/73863","targetHints":{"allow":["GET"]}}],"collection":[{"href":"https:\/\/bigbuy.tupique.com\/pt\/wp-json\/wp\/v2\/product"}],"about":[{"href":"https:\/\/bigbuy.tupique.com\/pt\/wp-json\/wp\/v2\/types\/product"}],"replies":[{"embeddable":true,"href":"https:\/\/bigbuy.tupique.com\/pt\/wp-json\/wp\/v2\/comments?post=73863"}],"wp:featuredmedia":[{"embeddable":true,"href":"https:\/\/bigbuy.tupique.com\/pt\/wp-json\/wp\/v2\/media\/73855"}],"wp:attachment":[{"href":"https:\/\/bigbuy.tupique.com\/pt\/wp-json\/wp\/v2\/media?parent=73863"}],"wp:term":[{"taxonomy":"product_brand","embeddable":true,"href":"https:\/\/bigbuy.tupique.com\/pt\/wp-json\/wp\/v2\/product_brand?post=73863"},{"taxonomy":"product_cat","embeddable":true,"href":"https:\/\/bigbuy.tupique.com\/pt\/wp-json\/wp\/v2\/product_cat?post=73863"},{"taxonomy":"product_tag","embeddable":true,"href":"https:\/\/bigbuy.tupique.com\/pt\/wp-json\/wp\/v2\/product_tag?post=73863"}],"curies":[{"name":"wp","href":"https:\/\/api.w.org\/{rel}","templated":true}]}}