{"id":73789,"date":"2026-04-02T16:07:01","date_gmt":"2026-04-02T15:07:01","guid":{"rendered":"https:\/\/bigbuy.tupique.com\/produto\/hard-drive-crucial-ct2000x9ssd9\/"},"modified":"2026-04-15T08:10:33","modified_gmt":"2026-04-15T07:10:33","slug":"hard-drive-crucial-ct2000x9ssd9","status":"publish","type":"product","link":"https:\/\/bigbuy.tupique.com\/pt\/produto\/hard-drive-crucial-ct2000x9ssd9\/","title":{"rendered":"Disque dur Crucial CT2000X9SSD9"},"content":{"rendered":"<p>Si vous \u00eates passionn\u00e9 d&#8217;<b>informatique et d&#8217;\u00e9lectronique<\/b>, si vous \u00eates \u00e0 la pointe de la technologie et qu&#8217;aucun d\u00e9tail ne vous \u00e9chappe, achetez <b>Disque dur Crucial CT2000X9SSD9<\/b> au meilleur prix.<\/p>\n<p>Le <b>disque dur externe Crucial CT2000X9SSD9<\/b> est une solution avanc\u00e9e de stockage portable qui allie capacit\u00e9 et rapidit\u00e9 dans un format compact et robuste. Cet appareil offre une <b>capacit\u00e9 de 2 To<\/b> en format <b>SSD<\/b>, garantissant une meilleure durabilit\u00e9 et vitesse par rapport aux disques traditionnels. Son unit\u00e9 \u00e0 \u00e9tat solide permet d\u2019atteindre une <b>vitesse de lecture jusqu\u2019\u00e0 1050 Mo\/s<\/b>, facilitant les transferts de fichiers lourds avec agilit\u00e9 et efficacit\u00e9. \u00c9quip\u00e9 d\u2019un connecteur <b>USB Type-C<\/b> compatible avec la version <b>USB 3.2 Gen 2 (3.1 Gen 2)<\/b>, il offre un d\u00e9bit de transfert de donn\u00e9es jusqu\u2019\u00e0 <b>10 Gbit\/s<\/b>, assurant une connexion rapide et stable avec les ordinateurs Windows et Mac, ainsi qu\u2019avec les appareils mobiles sous Android et iOS. Son design noir apporte un aspect moderne et int\u00e8gre des fonctions de protection robustes incluant r\u00e9sistance aux chutes, chocs et vibrations, faisant de ce disque une option fiable pour les utilisateurs mobiles n\u00e9cessitant s\u00e9curit\u00e9 pour leurs donn\u00e9es. Bien qu\u2019il ne dispose pas des technologies NVMe ni du support Thunderbolt, sa robustesse physique et sa compatibilit\u00e9 universelle offrent un excellent \u00e9quilibre entre performance et fonctionnalit\u00e9. Il inclut un c\u00e2ble USB Type-C vers USB Type-C pour une connexion imm\u00e9diate, facilitant son int\u00e9gration sur divers appareils sans adaptateurs suppl\u00e9mentaires. En r\u00e9sum\u00e9, le Crucial CT2000X9SSD9 est un disque dur externe SSD \u00e0 grande capacit\u00e9 et haute vitesse, id\u00e9al pour les professionnels et utilisateurs recherchant un stockage portable r\u00e9sistant et polyvalent.<\/p>\n<ul>\n<li>Disque dur:\n<ul>\n<li>2 TB<\/li>\n<li>2 TB HDD<\/li>\n<li>2 TB SSD<\/li>\n<\/ul>\n<\/li>\n<li>Type:\n<ul>\n<li>SSD<\/li>\n<li>Disque Dur Externe<\/li>\n<\/ul>\n<\/li>\n<li>Technologie: SSD<\/li>\n<li>vitesse:\n<ul>\n<li>10 Gbit\/s<\/li>\n<li>1050 MB\/s<\/li>\n<\/ul>\n<\/li>\n<li>Couleur: Noir<\/li>\n<li>Connexions:\n<ul>\n<li>USB-C<\/li>\n<li>USB 3.2<\/li>\n<\/ul>\n<\/li>\n<li>Compatible:\n<ul>\n<li>Windows<\/li>\n<li>Android, iOS<\/li>\n<li>macOS<\/li>\n<\/ul>\n<\/li>\n<li>Taille: 2,5&#8243;<\/li>\n<li>Non Inclus: Wi-Fi<\/li>\n<\/ul>","protected":false},"excerpt":{"rendered":"<p>Si vous \u00eates passionn\u00e9 d&#8217;informatique et d&#8217;\u00e9lectronique, si vous \u00eates \u00e0 la pointe de la technologie et qu&#8217;aucun d\u00e9tail ne vous \u00e9chappe, achetez Disque dur Crucial CT2000X9SSD9 au meilleur prix. Le disque dur externe Crucial CT2000X9SSD9 est une solution avanc\u00e9e de stockage portable qui allie capacit\u00e9 et rapidit\u00e9 dans un format compact et robuste. Cet [&hellip;]<\/p>\n","protected":false},"featured_media":73764,"comment_status":"open","ping_status":"closed","template":"","meta":[],"product_brand":[1100],"product_cat":[783,65,581],"product_tag":[106],"class_list":{"0":"post-73789","1":"product","2":"type-product","3":"status-publish","4":"has-post-thumbnail","6":"product_brand-brandp_594","7":"product_cat-accessoires-d-informatique","8":"product_cat-informatique-electronique","9":"product_cat-informatique-peripheriques-et-consommables","10":"product_tag-tag_1295","12":"first","13":"instock","14":"taxable","15":"shipping-taxable","16":"purchasable","17":"product-type-simple"},"_links":{"self":[{"href":"https:\/\/bigbuy.tupique.com\/pt\/wp-json\/wp\/v2\/product\/73789","targetHints":{"allow":["GET"]}}],"collection":[{"href":"https:\/\/bigbuy.tupique.com\/pt\/wp-json\/wp\/v2\/product"}],"about":[{"href":"https:\/\/bigbuy.tupique.com\/pt\/wp-json\/wp\/v2\/types\/product"}],"replies":[{"embeddable":true,"href":"https:\/\/bigbuy.tupique.com\/pt\/wp-json\/wp\/v2\/comments?post=73789"}],"wp:featuredmedia":[{"embeddable":true,"href":"https:\/\/bigbuy.tupique.com\/pt\/wp-json\/wp\/v2\/media\/73764"}],"wp:attachment":[{"href":"https:\/\/bigbuy.tupique.com\/pt\/wp-json\/wp\/v2\/media?parent=73789"}],"wp:term":[{"taxonomy":"product_brand","embeddable":true,"href":"https:\/\/bigbuy.tupique.com\/pt\/wp-json\/wp\/v2\/product_brand?post=73789"},{"taxonomy":"product_cat","embeddable":true,"href":"https:\/\/bigbuy.tupique.com\/pt\/wp-json\/wp\/v2\/product_cat?post=73789"},{"taxonomy":"product_tag","embeddable":true,"href":"https:\/\/bigbuy.tupique.com\/pt\/wp-json\/wp\/v2\/product_tag?post=73789"}],"curies":[{"name":"wp","href":"https:\/\/api.w.org\/{rel}","templated":true}]}}