{"id":7296,"date":"2026-03-27T12:55:55","date_gmt":"2026-03-27T11:55:55","guid":{"rendered":"https:\/\/bigbuy.tupique.com\/produto\/robot-interactif-lexibook-power-puppy-telecommande\/"},"modified":"2026-04-16T19:35:36","modified_gmt":"2026-04-16T18:35:36","slug":"robot-interactif-lexibook-power-puppy-telecommande","status":"publish","type":"product","link":"https:\/\/bigbuy.tupique.com\/pt\/produto\/robot-interactif-lexibook-power-puppy-telecommande\/","title":{"rendered":"Robot interactif Lexibook Power Puppy T\u00e9l\u00e9commande"},"content":{"rendered":"<p>Les enfants m\u00e9ritent ce qu\u2019il y a de mieux, nous vous pr\u00e9sentons donc <b>Robot interactif Lexibook Power Puppy T\u00e9l\u00e9commande<\/b>, id\u00e9al pour ceux qui cherchent des produits de qualit\u00e9 pour les plus petits ! Procurez-vous <b>Lexibook<\/b> aux meilleurs prix !<\/p>\n<p>Le <b>Power Puppy DOG01<\/b> de <b>Lexibook<\/b> est un <b>robot<\/b> interactif et programmable con\u00e7u pour offrir une exp\u00e9rience ludique et \u00e9ducative aux enfants d\u00e8s <b>3 ans<\/b>. Fabriqu\u00e9 en <b>plastique<\/b> r\u00e9sistant et disponible en combinaison <b>blanc et multicolore<\/b>, ce robot allie robustesse et attrait visuel pour capter l\u2019attention des plus jeunes. \u00c9quip\u00e9 d\u2019une <b>t\u00e9l\u00e9commande<\/b> et de <b>capteurs tactiles<\/b>, le Power Puppy r\u00e9pond aux commandes de l\u2019utilisateur, permettant d\u2019apprendre les chiffres gr\u00e2ce \u00e0 des aboiements correspondant aux quantit\u00e9s indiqu\u00e9es, stimulant ainsi l\u2019apprentissage et la compr\u00e9hension des nombres. Il dispose \u00e9galement d\u2019une fonction danse qui synchronise diff\u00e9rentes chor\u00e9graphies rythm\u00e9es, accompagn\u00e9es de <b>lumi\u00e8res LED<\/b> enrichissant l\u2019interaction visuelle et sensorielle, favorisant la coordination et le sens du rythme. Le robot peut aussi chanter et aboyer plusieurs chansons, augmentant le plaisir et les capacit\u00e9s auditives des enfants. Par son design et ses fonctionnalit\u00e9s, ce jouet technologique est particuli\u00e8rement recommand\u00e9 pour encourager l\u2019apprentissage pr\u00e9coce et le jeu \u00e9ducatif, se distinguant par sa facilit\u00e9 d\u2019utilisation, sa programmation intuitive et ses r\u00e9ponses tactiles. Le Power Puppy r\u00e9pond aux attentes d\u2019un jouet moderne int\u00e9grant technologie et divertissement dans un format adapt\u00e9 aux enfants de diff\u00e9rents \u00e2ges, soutenant aussi bien le jeu autonome que l\u2019interaction guid\u00e9e. En r\u00e9sum\u00e9, le <b>robot Power Puppy DOG01<\/b> de Lexibook est une option polyvalente et \u00e9ducative qui combine technologie, apprentissage et amusement pour les plus petits.<\/p>\n<ul>\n<li>Couleur: Multicouleur<\/li>\n<li>Caract\u00e9ristiques:\n<ul>\n<li>Lumi\u00e8re LED<\/li>\n<li>T\u00e9l\u00e9commande<\/li>\n<\/ul>\n<\/li>\n<li>\u00c2ge recommand\u00e9:\n<ul>\n<li>+ 5 Ans<\/li>\n<li>+ 3 ans<\/li>\n<\/ul>\n<\/li>\n<li>Produit \u00e0 brancher: Oui<\/li>\n<li>Type de prise: Prise EU<\/li>\n<li>Mat\u00e9riel: Plastique<\/li>\n<li>Fonctionne \u00e0 piles: Oui<\/li>\n<li>Non inclut: Batterie<\/li>\n<\/ul>","protected":false},"excerpt":{"rendered":"<p>Les enfants m\u00e9ritent ce qu\u2019il y a de mieux, nous vous pr\u00e9sentons donc Robot interactif Lexibook Power Puppy T\u00e9l\u00e9commande, id\u00e9al pour ceux qui cherchent des produits de qualit\u00e9 pour les plus petits ! Procurez-vous Lexibook aux meilleurs prix ! Le Power Puppy DOG01 de Lexibook est un robot interactif et programmable con\u00e7u pour offrir une [&hellip;]<\/p>\n","protected":false},"featured_media":185409,"comment_status":"open","ping_status":"closed","template":"","meta":[],"product_brand":[96],"product_cat":[1760,65,1761],"product_tag":[57,59],"class_list":{"0":"post-7296","1":"product","2":"type-product","3":"status-publish","4":"has-post-thumbnail","6":"product_brand-brandp_1913","7":"product_cat-electronique-robotique-educative","8":"product_cat-informatique-electronique","9":"product_cat-kits-de-robotique","10":"product_tag-tag_1275","11":"product_tag-tag_1304","13":"first","14":"instock","15":"taxable","16":"shipping-taxable","17":"purchasable","18":"product-type-simple"},"_links":{"self":[{"href":"https:\/\/bigbuy.tupique.com\/pt\/wp-json\/wp\/v2\/product\/7296","targetHints":{"allow":["GET"]}}],"collection":[{"href":"https:\/\/bigbuy.tupique.com\/pt\/wp-json\/wp\/v2\/product"}],"about":[{"href":"https:\/\/bigbuy.tupique.com\/pt\/wp-json\/wp\/v2\/types\/product"}],"replies":[{"embeddable":true,"href":"https:\/\/bigbuy.tupique.com\/pt\/wp-json\/wp\/v2\/comments?post=7296"}],"wp:featuredmedia":[{"embeddable":true,"href":"https:\/\/bigbuy.tupique.com\/pt\/wp-json\/wp\/v2\/media\/185409"}],"wp:attachment":[{"href":"https:\/\/bigbuy.tupique.com\/pt\/wp-json\/wp\/v2\/media?parent=7296"}],"wp:term":[{"taxonomy":"product_brand","embeddable":true,"href":"https:\/\/bigbuy.tupique.com\/pt\/wp-json\/wp\/v2\/product_brand?post=7296"},{"taxonomy":"product_cat","embeddable":true,"href":"https:\/\/bigbuy.tupique.com\/pt\/wp-json\/wp\/v2\/product_cat?post=7296"},{"taxonomy":"product_tag","embeddable":true,"href":"https:\/\/bigbuy.tupique.com\/pt\/wp-json\/wp\/v2\/product_tag?post=7296"}],"curies":[{"name":"wp","href":"https:\/\/api.w.org\/{rel}","templated":true}]}}