{"id":7282,"date":"2026-03-27T12:55:39","date_gmt":"2026-03-27T11:55:39","guid":{"rendered":"https:\/\/bigbuy.tupique.com\/produto\/hotte-standard-balay-3bc096mx-90-cm-590-m3-h-70-db-220w-acier\/"},"modified":"2026-04-15T21:18:56","modified_gmt":"2026-04-15T20:18:56","slug":"hotte-standard-balay-3bc096mx-90-cm-590-m3-h-70-db-220w-acier","status":"publish","type":"product","link":"https:\/\/bigbuy.tupique.com\/pt\/produto\/hotte-standard-balay-3bc096mx-90-cm-590-m3-h-70-db-220w-acier\/","title":{"rendered":"Hotte standard Balay 3BC096MX 90 cm 590 m3\/h 70 dB 220W Acier"},"content":{"rendered":"<p>Si vous pensez r\u00e9nover votre cuisine, achetez <b>Hotte standard Balay 3BC096MX 90 cm 590 m3\/h 70 dB 220W Acier<\/b> et d\u00b4autres <b>produits Balay<\/b> !<\/p>\n<ul>\n<li>Longueur du c\u00e2ble: 1,3 m<\/li>\n<li>puissance:\n<ul>\n<li>220 W<\/li>\n<li>215 W<\/li>\n<\/ul>\n<\/li>\n<li>Type:\n<ul>\n<li>D\u00e9corative<\/li>\n<li>Hotte standard<\/li>\n<li>Mural<\/li>\n<\/ul>\n<\/li>\n<li>diam\u00e8tre approx.: \u00d8 12-15 cm<\/li>\n<li>Dimensions approx.: 90 x 50 x 36,7 cm<\/li>\n<li>Type d&#8217;installation: Montage mural<\/li>\n<li>Classification \u00e9nerg\u00e9tique:\n<ul>\n<li>A<\/li>\n<li>B<\/li>\n<\/ul>\n<\/li>\n<li>Largeur: 90 cm<\/li>\n<li>Couleur:\n<ul>\n<li>Acier<\/li>\n<li>Argent\u00e9<\/li>\n<\/ul>\n<\/li>\n<li>Vitesse: 3 vitesses<\/li>\n<li>Produit \u00e0 brancher: Oui<\/li>\n<li>Type de prise: Prise EU<\/li>\n<li>Mati\u00e8re:\n<ul>\n<li>Acier inoxydable<\/li>\n<li>Acier<\/li>\n<\/ul>\n<\/li>\n<li>Capacit\u00e9 d\u2019extraction: 590 m3\/h<\/li>\n<li>Bloc d\u2019Alimentation: r\u00e9seau \u00e9lectrique<\/li>\n<li>Filtres: 3<\/li>\n<li>Filtre:\n<ul>\n<li>Aluminium<\/li>\n<li>Lavable<\/li>\n<\/ul>\n<\/li>\n<li>Niveau sonore: 70 dB<\/li>\n<li>Type de commande: Boutons<\/li>\n<li>Moteur: 1<\/li>\n<li>Type d&#8217;ampoule: LED<\/li>\n<li>Profondeur:\n<ul>\n<li>500 mm<\/li>\n<li>50 cm<\/li>\n<\/ul>\n<\/li>\n<li>Tension:\n<ul>\n<li>220 V<\/li>\n<li>220-240 V<\/li>\n<\/ul>\n<\/li>\n<li>Fr\u00e9quence: 50 &#8211; 60 Hz<\/li>\n<li>\u00c9cran integr\u00e9: Non<\/li>\n<li>Amp\u00e9rage: 10 A<\/li>\n<\/ul>\n<p><\/p>\n<p>Balay 3BC096MX. Puissance d&#8217;extraction maximum: 590 m\u00b3\/h, Type d&#8217;extraction: Conduit \/ Recirculation, Classe d&#8217;efficacit\u00e9 dynamique du fluide: A. Type: Mont\u00e9 au mur, Couleur du produit: Acier inoxydable, Mat\u00e9riau du bo\u00eetier\/corps: Acier inoxydable. Type de filtre \u00e0 graisse: Aluminium, Nombre de filtres: 3 pi\u00e8ce(s). Classe d&#8217;efficacit\u00e9 \u00e9nerg\u00e9tique: A, Puissance du moteur: 215 W, Consommation annuelle d&#8217;\u00e9nergie: 43,4 kWh. Largeur: 900 mm, Profondeur: 500 mm, Hauteur (min): 63,5 cm<\/p>\n<p><\/p>\n<ul>\n<li>Puissance d&#8217;extraction maximum: 590 m\u00b3\/h<\/li>\n<li>Type d&#8217;extraction: Conduit \/ Recirculation<\/li>\n<li>Classe d&#8217;efficacit\u00e9 dynamique du fluide: A<\/li>\n<li>Classe d&#8217;efficacit\u00e9 de l&#8217;\u00e9clairage: A<\/li>\n<li>Classe d&#8217;efficacit\u00e9 du filtrage de la graisse: C<\/li>\n<li>Nombre de vitesses: 3<\/li>\n<li>Niveau sonore: 70 dB<\/li>\n<li>La puissance maximale de recirculation: 350 m\u00b3\/h<\/li>\n<li>Vitesse intensive: Non<\/li>\n<li>Niveau de son (vitesse lente): 49 dB<\/li>\n<li>Niveau de son (vitesse rapide): 70 dB<\/li>\n<li>Distance minimale d&#8217;une plaque \u00e9lectrique: 55 cm<\/li>\n<li>Distance minimale d&#8217;une plaque \u00e0 gaz: 65 cm<\/li>\n<li>Type: Mont\u00e9 au mur<\/li>\n<li>Couleur du produit: Acier inoxydable<\/li>\n<li>\u00c9cran integr\u00e9: Non<\/li>\n<li>Mat\u00e9riau du bo\u00eetier\/corps: Acier inoxydable<\/li>\n<li>Nombre d&#8217;ampoules: 2 ampoule(s)<\/li>\n<li>Type d&#8217;ampoule: LED<\/li>\n<li>Type de commande: Boutons<\/li>\n<li>Longueur du c\u00e2ble: 1,3 m<\/li>\n<li>lieu d&#8217;\u00e9chappement: Haut<\/li>\n<li>Diam\u00e8tre du conduit d&#8217;\u00e9vacuation: 15 cm<\/li>\n<li>Clapet de retour: Oui<\/li>\n<li>Nombre de moteurs: 1<\/li>\n<li>Moteur inclus: Oui<\/li>\n<li>Certification: CE, VDE<\/li>\n<li>Type de filtre \u00e0 graisse: Aluminium<\/li>\n<li>Filtre \u00e9tanche de lave-vaisselle: Oui<\/li>\n<li>Filtre d\u00e9montable: Oui<\/li>\n<li>Nombre de filtres: 3 pi\u00e8ce(s)<\/li>\n<li>Filtre lavable: Oui<\/li>\n<li>Classe d&#8217;efficacit\u00e9 \u00e9nerg\u00e9tique: A<\/li>\n<li>Puissance du moteur: 215 W<\/li>\n<li>Consommation annuelle d&#8217;\u00e9nergie: 43,4 kWh<\/li>\n<li>Charge connect\u00e9e: 220 W<\/li>\n<li>Tension d&#8217;entr\u00e9e AC: 220 &#8211; 240 V<\/li>\n<li>Fr\u00e9quence d&#8217;entr\u00e9e AC: 50 &#8211; 60 Hz<\/li>\n<li>Actuel: 10 A<\/li>\n<li>Largeur: 900 mm<\/li>\n<li>Profondeur: 500 mm<\/li>\n<li>Hauteur (min): 63,5 cm<\/li>\n<li>Hauteur (max): 107,5 cm<\/li>\n<li>Poids: 13 kg<\/li>\n<\/ul>","protected":false},"excerpt":{"rendered":"<p>Si vous pensez r\u00e9nover votre cuisine, achetez Hotte standard Balay 3BC096MX 90 cm 590 m3\/h 70 dB 220W Acier et d\u00b4autres produits Balay ! Longueur du c\u00e2ble: 1,3 m puissance: 220 W 215 W Type: D\u00e9corative Hotte standard Mural diam\u00e8tre approx.: \u00d8 12-15 cm Dimensions approx.: 90 x 50 x 36,7 cm Type d&#8217;installation: Montage [&hellip;]<\/p>\n","protected":false},"featured_media":59671,"comment_status":"open","ping_status":"closed","template":"","meta":[],"product_brand":[114],"product_cat":[60,61,62],"product_tag":[56],"class_list":{"0":"post-7282","1":"product","2":"type-product","3":"status-publish","4":"has-post-thumbnail","6":"product_brand-brandp_1251","7":"product_cat-cuisine-gourmet","8":"product_cat-equipement-de-cuisine","9":"product_cat-hottes-de-cuisine","10":"product_tag-tag_930","12":"first","13":"instock","14":"taxable","15":"shipping-taxable","16":"purchasable","17":"product-type-simple"},"_links":{"self":[{"href":"https:\/\/bigbuy.tupique.com\/pt\/wp-json\/wp\/v2\/product\/7282","targetHints":{"allow":["GET"]}}],"collection":[{"href":"https:\/\/bigbuy.tupique.com\/pt\/wp-json\/wp\/v2\/product"}],"about":[{"href":"https:\/\/bigbuy.tupique.com\/pt\/wp-json\/wp\/v2\/types\/product"}],"replies":[{"embeddable":true,"href":"https:\/\/bigbuy.tupique.com\/pt\/wp-json\/wp\/v2\/comments?post=7282"}],"wp:featuredmedia":[{"embeddable":true,"href":"https:\/\/bigbuy.tupique.com\/pt\/wp-json\/wp\/v2\/media\/59671"}],"wp:attachment":[{"href":"https:\/\/bigbuy.tupique.com\/pt\/wp-json\/wp\/v2\/media?parent=7282"}],"wp:term":[{"taxonomy":"product_brand","embeddable":true,"href":"https:\/\/bigbuy.tupique.com\/pt\/wp-json\/wp\/v2\/product_brand?post=7282"},{"taxonomy":"product_cat","embeddable":true,"href":"https:\/\/bigbuy.tupique.com\/pt\/wp-json\/wp\/v2\/product_cat?post=7282"},{"taxonomy":"product_tag","embeddable":true,"href":"https:\/\/bigbuy.tupique.com\/pt\/wp-json\/wp\/v2\/product_tag?post=7282"}],"curies":[{"name":"wp","href":"https:\/\/api.w.org\/{rel}","templated":true}]}}