{"id":70672,"date":"2026-04-02T11:58:27","date_gmt":"2026-04-02T10:58:27","guid":{"rendered":"https:\/\/bigbuy.tupique.com\/produto\/touchpad-zebra-79823\/"},"modified":"2026-04-15T01:27:12","modified_gmt":"2026-04-15T00:27:12","slug":"touchpad-zebra-79823","status":"publish","type":"product","link":"https:\/\/bigbuy.tupique.com\/pt\/produto\/touchpad-zebra-79823\/","title":{"rendered":"Touchpad Zebra 79823"},"content":{"rendered":"<p>Si vous \u00eates passionn\u00e9 d&#8217;<b>informatique et d&#8217;\u00e9lectronique<\/b>, si vous \u00eates \u00e0 la pointe de la technologie et qu&#8217;aucun d\u00e9tail ne vous \u00e9chappe, achetez <b>Touchpad Zebra 79823<\/b> au meilleur prix.<\/p>\n<ul>\n<li>Type:\n<ul>\n<li>Avec fil<\/li>\n<li>Touchpad<\/li>\n<\/ul>\n<\/li>\n<li>Connexions:\n<ul>\n<li>Ethernet LAN<\/li>\n<li>USB 1.1 x 1<\/li>\n<\/ul>\n<\/li>\n<li>R\u00e9solution d&#8217;image maximale: 203 x 203 dpi<\/li>\n<li>Langue: Anglais<\/li>\n<li>Technologie: Thermique<\/li>\n<li>Impression couleur: Non<\/li>\n<li>Bloc d\u2019Alimentation: Avec fil<\/li>\n<li>Amp\u00e9rage: 6 A<\/li>\n<li>Fibres (g): 1,5<\/li>\n<\/ul>","protected":false},"excerpt":{"rendered":"<p>Si vous \u00eates passionn\u00e9 d&#8217;informatique et d&#8217;\u00e9lectronique, si vous \u00eates \u00e0 la pointe de la technologie et qu&#8217;aucun d\u00e9tail ne vous \u00e9chappe, achetez Touchpad Zebra 79823 au meilleur prix. Type: Avec fil Touchpad Connexions: Ethernet LAN USB 1.1 x 1 R\u00e9solution d&#8217;image maximale: 203 x 203 dpi Langue: Anglais Technologie: Thermique Impression couleur: Non Bloc [&hellip;]<\/p>\n","protected":false},"featured_media":70671,"comment_status":"open","ping_status":"closed","template":"","meta":[],"product_brand":[812],"product_cat":[729,65,581],"product_tag":[106],"class_list":{"0":"post-70672","1":"product","2":"type-product","3":"status-publish","4":"has-post-thumbnail","6":"product_brand-brandp_590","7":"product_cat-claviers","8":"product_cat-informatique-electronique","9":"product_cat-informatique-peripheriques-et-consommables","10":"product_tag-tag_1295","12":"first","13":"instock","14":"taxable","15":"shipping-taxable","16":"purchasable","17":"product-type-simple"},"_links":{"self":[{"href":"https:\/\/bigbuy.tupique.com\/pt\/wp-json\/wp\/v2\/product\/70672","targetHints":{"allow":["GET"]}}],"collection":[{"href":"https:\/\/bigbuy.tupique.com\/pt\/wp-json\/wp\/v2\/product"}],"about":[{"href":"https:\/\/bigbuy.tupique.com\/pt\/wp-json\/wp\/v2\/types\/product"}],"replies":[{"embeddable":true,"href":"https:\/\/bigbuy.tupique.com\/pt\/wp-json\/wp\/v2\/comments?post=70672"}],"wp:featuredmedia":[{"embeddable":true,"href":"https:\/\/bigbuy.tupique.com\/pt\/wp-json\/wp\/v2\/media\/70671"}],"wp:attachment":[{"href":"https:\/\/bigbuy.tupique.com\/pt\/wp-json\/wp\/v2\/media?parent=70672"}],"wp:term":[{"taxonomy":"product_brand","embeddable":true,"href":"https:\/\/bigbuy.tupique.com\/pt\/wp-json\/wp\/v2\/product_brand?post=70672"},{"taxonomy":"product_cat","embeddable":true,"href":"https:\/\/bigbuy.tupique.com\/pt\/wp-json\/wp\/v2\/product_cat?post=70672"},{"taxonomy":"product_tag","embeddable":true,"href":"https:\/\/bigbuy.tupique.com\/pt\/wp-json\/wp\/v2\/product_tag?post=70672"}],"curies":[{"name":"wp","href":"https:\/\/api.w.org\/{rel}","templated":true}]}}