{"id":70670,"date":"2026-04-02T11:58:24","date_gmt":"2026-04-02T10:58:24","guid":{"rendered":"https:\/\/bigbuy.tupique.com\/produto\/label-printer-zebra-zt510\/"},"modified":"2026-04-15T00:50:22","modified_gmt":"2026-04-14T23:50:22","slug":"label-printer-zebra-zt510","status":"publish","type":"product","link":"https:\/\/bigbuy.tupique.com\/pt\/produto\/label-printer-zebra-zt510\/","title":{"rendered":"Imprimante pour Etiquettes Zebra ZT510"},"content":{"rendered":"<p>Si vous \u00eates passionn\u00e9 d&#8217;<b>informatique et d&#8217;\u00e9lectronique<\/b>, si vous \u00eates \u00e0 la pointe de la technologie et qu&#8217;aucun d\u00e9tail ne vous \u00e9chappe, achetez <b>Imprimante pour Etiquettes Zebra ZT510<\/b> au meilleur prix.<\/p>\n<p>La <b>imprimante d\u2019\u00e9tiquettes<\/b> <b>Zebra ZT510<\/b> est une solution professionnelle con\u00e7ue pour les environnements industriels et commerciaux n\u00e9cessitant une impression de haute qualit\u00e9 et fiable. Cette imprimante utilise la technologie avanc\u00e9e de <b>transfert thermique<\/b>, permettant d\u2019obtenir des \u00e9tiquettes r\u00e9sistantes et durables, id\u00e9ales pour des applications exigeant qualit\u00e9 et robustesse face aux conditions difficiles. Elle offre une <b>r\u00e9solution maximale de 300 x 300 dpi<\/b>, garantissant une nettet\u00e9 optimale des textes et codes-barres, ainsi qu\u2019une <b>vitesse d\u2019impression allant jusqu\u2019\u00e0 305 mm par seconde<\/b>, facilitant des processus rapides et efficaces. Son design robuste de couleur <b>grise<\/b> int\u00e8gre un \u00e9cran qui simplifie la configuration et la gestion directe de l\u2019imprimante. C\u00f4t\u00e9 connectivit\u00e9, le mod\u00e8le ZT510 propose plusieurs options avec des ports <b>USB 2.0<\/b>, <b>Ethernet<\/b> et une connectivit\u00e9 <b>Bluetooth<\/b>, permettant une int\u00e9gration polyvalente dans divers environnements et syst\u00e8mes de gestion. \u00c9quip\u00e9e d\u2019une m\u00e9moire de <b>512 MB<\/b>, elle peut stocker de grands volumes de donn\u00e9es et des formats d\u2019impression complexes, optimisant les performances lors de travaux continus ou en s\u00e9rie. La capacit\u00e9 thermique et les caract\u00e9ristiques techniques de cette imprimante assurent une impression pr\u00e9cise et fiable d\u2019\u00e9tiquettes pour des secteurs tels que la logistique, la fabrication, le commerce de d\u00e9tail ou la sant\u00e9. La Zebra ZT510 repr\u00e9sente un \u00e9quilibre entre technologie avanc\u00e9e et praticit\u00e9 industrielle, se positionnant comme un outil fiable pour ceux qui ont besoin d\u2019une impression professionnelle et constante.<\/p>\n<ul>\n<li>Technologie:\n<ul>\n<li>LCD<\/li>\n<li>Thermique<\/li>\n<\/ul>\n<\/li>\n<li>Produit \u00e0 brancher: Oui<\/li>\n<li>Type de prise: Prise EU<\/li>\n<li>Connexions:\n<ul>\n<li>Ethernet LAN<\/li>\n<li>USB 2.0<\/li>\n<\/ul>\n<\/li>\n<li>Type: Imprimante pour Etiquettes<\/li>\n<li>Bloc d\u2019Alimentation: r\u00e9seau \u00e9lectrique<\/li>\n<li>Couleur: Gris<\/li>\n<li>Caract\u00e9ristiques: \u00c9cran integr\u00e9<\/li>\n<li>R\u00e9solution d&#8217;image maximale: 300 x 300 dpi<\/li>\n<li>M\u00e9moire: 512 MB<\/li>\n<\/ul>","protected":false},"excerpt":{"rendered":"<p>Si vous \u00eates passionn\u00e9 d&#8217;informatique et d&#8217;\u00e9lectronique, si vous \u00eates \u00e0 la pointe de la technologie et qu&#8217;aucun d\u00e9tail ne vous \u00e9chappe, achetez Imprimante pour Etiquettes Zebra ZT510 au meilleur prix. La imprimante d\u2019\u00e9tiquettes Zebra ZT510 est une solution professionnelle con\u00e7ue pour les environnements industriels et commerciaux n\u00e9cessitant une impression de haute qualit\u00e9 et fiable. [&hellip;]<\/p>\n","protected":false},"featured_media":70669,"comment_status":"open","ping_status":"closed","template":"","meta":[],"product_brand":[812],"product_cat":[592,65,581],"product_tag":[210],"class_list":{"0":"post-70670","1":"product","2":"type-product","3":"status-publish","4":"has-post-thumbnail","6":"product_brand-brandp_590","7":"product_cat-imprimantes","8":"product_cat-informatique-electronique","9":"product_cat-informatique-peripheriques-et-consommables","10":"product_tag-tag_25","12":"first","13":"instock","14":"taxable","15":"shipping-taxable","16":"purchasable","17":"product-type-simple"},"_links":{"self":[{"href":"https:\/\/bigbuy.tupique.com\/pt\/wp-json\/wp\/v2\/product\/70670","targetHints":{"allow":["GET"]}}],"collection":[{"href":"https:\/\/bigbuy.tupique.com\/pt\/wp-json\/wp\/v2\/product"}],"about":[{"href":"https:\/\/bigbuy.tupique.com\/pt\/wp-json\/wp\/v2\/types\/product"}],"replies":[{"embeddable":true,"href":"https:\/\/bigbuy.tupique.com\/pt\/wp-json\/wp\/v2\/comments?post=70670"}],"wp:featuredmedia":[{"embeddable":true,"href":"https:\/\/bigbuy.tupique.com\/pt\/wp-json\/wp\/v2\/media\/70669"}],"wp:attachment":[{"href":"https:\/\/bigbuy.tupique.com\/pt\/wp-json\/wp\/v2\/media?parent=70670"}],"wp:term":[{"taxonomy":"product_brand","embeddable":true,"href":"https:\/\/bigbuy.tupique.com\/pt\/wp-json\/wp\/v2\/product_brand?post=70670"},{"taxonomy":"product_cat","embeddable":true,"href":"https:\/\/bigbuy.tupique.com\/pt\/wp-json\/wp\/v2\/product_cat?post=70670"},{"taxonomy":"product_tag","embeddable":true,"href":"https:\/\/bigbuy.tupique.com\/pt\/wp-json\/wp\/v2\/product_tag?post=70670"}],"curies":[{"name":"wp","href":"https:\/\/api.w.org\/{rel}","templated":true}]}}