{"id":70589,"date":"2026-04-02T11:19:53","date_gmt":"2026-04-02T10:19:53","guid":{"rendered":"https:\/\/bigbuy.tupique.com\/produto\/smartphone-apple-iphone-14-plus-67-a15-128-gb-white-starlight\/"},"modified":"2026-05-11T19:55:19","modified_gmt":"2026-05-11T17:55:19","slug":"smartphone-apple-iphone-14-plus-67-a15-128-gb-white-starlight","status":"publish","type":"product","link":"https:\/\/bigbuy.tupique.com\/pt\/produto\/smartphone-apple-iphone-14-plus-67-a15-128-gb-white-starlight\/","title":{"rendered":"Smartphone Apple iPhone 14 Plus 6,7&#8243; A15 128 GB Blanc starlight"},"content":{"rendered":"<p>Si vous \u00eates passionn\u00e9 d&#8217;<b>informatique et d&#8217;\u00e9lectronique<\/b>, si vous \u00eates \u00e0 la pointe de la technologie et qu&#8217;aucun d\u00e9tail ne vous \u00e9chappe, achetez <b>Smartphone Apple iPhone 14 Plus 6,7&#8243; A15 128 GB Blanc starlight<\/b> au meilleur prix.<\/p>\n<ul>\n<li>Processeur:\n<ul>\n<li>A15<\/li>\n<li>Hexa Core<\/li>\n<\/ul>\n<\/li>\n<li>Caract\u00e9ristiques:\n<ul>\n<li>Mode nuit<\/li>\n<li>Capteurs<\/li>\n<li>HDR10<\/li>\n<li>Boussole \u00e9lectronique<\/li>\n<li>Chargement rapide<\/li>\n<li>Capteur de proximit\u00e9<\/li>\n<li>St\u00e9r\u00e9o<\/li>\n<li>Wi-Fi<\/li>\n<li>Anti-trace<\/li>\n<li>Ecran<\/li>\n<li>Apple Pay<\/li>\n<li>HDR<\/li>\n<li>Vibration<\/li>\n<li>R\u00e9sistant aux \u00e9claboussures<\/li>\n<li>R\u00e9sistant \u00e0 la poussi\u00e8re<\/li>\n<li>\u00c9cran HDR<\/li>\n<li>R\u00e9sistant \u00e0 l&#8217;eau<\/li>\n<li>GPS<\/li>\n<li>Barom\u00e8tre<\/li>\n<li>Capteur de lumi\u00e8re ambiante<\/li>\n<li>MMS<\/li>\n<li>Appel vid\u00e9o<\/li>\n<li>Autofocus<\/li>\n<li>Activation vocale<\/li>\n<li>Chargement rapide et fiable<\/li>\n<li>SMS<\/li>\n<li>Chargeur sans fil<\/li>\n<li>Syst\u00e8me de reconnaissance faciale<\/li>\n<li>Stabilisateur d&#8217;image<\/li>\n<li>Ceramic Shield<\/li>\n<li>\u00c9cran avec coins arrondis<\/li>\n<li>\u00c9cran plat<\/li>\n<\/ul>\n<\/li>\n<li>Connexions:\n<ul>\n<li>nano SIM<\/li>\n<li>Dual SIM<\/li>\n<li>Lightning<\/li>\n<\/ul>\n<\/li>\n<li>Plate-forme: iOS<\/li>\n<li>Technologie:\n<ul>\n<li>OLED<\/li>\n<li>Mime<\/li>\n<li>Glonass<\/li>\n<li>Capacitive<\/li>\n<\/ul>\n<\/li>\n<li>Non Inclus: Adaptateur AC<\/li>\n<li>Ne contient pas: Mercure<\/li>\n<li>Acc\u00e9l\u00e9rom\u00e8tre: Oui<\/li>\n<li>Stabilisateur d&#8217;image: Oui<\/li>\n<li>Glonass: Oui<\/li>\n<li>Haut-parleur: Oui<\/li>\n<li>Chargeur sans fil: Oui<\/li>\n<li>Gyroscope: Oui<\/li>\n<li>R\u00e9solution:\n<ul>\n<li>458 PPP<\/li>\n<li>2778 x 1284 px<\/li>\n<\/ul>\n<\/li>\n<li>Mati\u00e8re:\n<ul>\n<li>Verre saphir<\/li>\n<li>Aluminium<\/li>\n<\/ul>\n<\/li>\n<li>Compatible:\n<ul>\n<li>Apple Siri<\/li>\n<li>Windows<\/li>\n<\/ul>\n<\/li>\n<li>Brille:\n<ul>\n<li>1200 CD \/ M\u00b2<\/li>\n<li>800 cd\/m\u00b2<\/li>\n<\/ul>\n<\/li>\n<li>Diagonale de l&#8217;\u00e9cran (cm): 17 cm<\/li>\n<li>R\u00e9solution (px):\n<ul>\n<li>2778 x 1284 px<\/li>\n<li>3840 x 2160 px<\/li>\n<li>2160 px<\/li>\n<\/ul>\n<\/li>\n<li>Syst\u00e8me d&#8217;exploitation:\n<ul>\n<li>iOS 16<\/li>\n<li>iOS<\/li>\n<\/ul>\n<\/li>\n<li>Connectivit\u00e9:\n<ul>\n<li>Bluetooth 5.3<\/li>\n<li>Wi-Fi 6 GHz<\/li>\n<li>5G<\/li>\n<li>Galileo<\/li>\n<li>Bluetooth<\/li>\n<li>Wi-Fi<\/li>\n<li>4G<\/li>\n<li>BeiDou<\/li>\n<li>NFC<\/li>\n<li>GPS<\/li>\n<li>Airplay<\/li>\n<li>Positionnement de Wi-Fi<\/li>\n<li>LTE<\/li>\n<\/ul>\n<\/li>\n<li>Couleur:\n<ul>\n<li>starlight<\/li>\n<li>Blanc<\/li>\n<\/ul>\n<\/li>\n<li>M\u00e9moire RAM:\n<ul>\n<li>6 GB RAM<\/li>\n<li>4 GB RAM<\/li>\n<\/ul>\n<\/li>\n<li>M\u00e9moire interne: 128 GB<\/li>\n<li>Zoom Optique: 2x<\/li>\n<li>Zoom Num\u00e9rique: 5x<\/li>\n<li>Fonctions:\n<ul>\n<li>Barom\u00e8tre<\/li>\n<li>Vibration<\/li>\n<li>D\u00e9clencheur<\/li>\n<li>ECO<\/li>\n<li>G\u00e9olocalisation<\/li>\n<\/ul>\n<\/li>\n<li>Inclut:\n<ul>\n<li>C\u00e2ble Lightning<\/li>\n<li>Haut-parleur<\/li>\n<li>USB Type-C &#8211; Lightning<\/li>\n<\/ul>\n<\/li>\n<li>Poids approx.: 203 g<\/li>\n<li>Ecran: 6,7&#8243;<\/li>\n<li>GPS: Oui<\/li>\n<li>Classification IP: IP68<\/li>\n<li>Facteur de forme: Bar<\/li>\n<li>Autonomie approx.: 100heures<\/li>\n<li>Produit \u00e0 brancher: Oui<\/li>\n<li>Type:\n<ul>\n<li>Smartphone<\/li>\n<li>D\u00e9clenchement de l&#8217;appareil photo<\/li>\n<\/ul>\n<\/li>\n<li>Type de prise: Prise EU<\/li>\n<li>Bloc d\u2019Alimentation: r\u00e9seau \u00e9lectrique<\/li>\n<li>Indice de r\u00e9parabilit\u00e9: 6.9<\/li>\n<li>puissance: 15 W<\/li>\n<li>Cam\u00e9ra\/Appareil Photo:\n<ul>\n<li>12 mpx<\/li>\n<li>Dual<\/li>\n<li>12 MP<\/li>\n<li>Frontal<\/li>\n<\/ul>\n<\/li>\n<li>Capteurs:\n<ul>\n<li>Acc\u00e9l\u00e9rom\u00e8tre<\/li>\n<li>Gyroscope<\/li>\n<\/ul>\n<\/li>\n<li>Ouverture: f\/2.4<\/li>\n<li>Flux lumineux: 800 lm<\/li>\n<li>Connexion USB: Non<\/li>\n<li>Type de batterie: Litio Ion<\/li>\n<li>Noyaux:\n<ul>\n<li>6 Noyaux<\/li>\n<li>16 Noyaux<\/li>\n<\/ul>\n<\/li>\n<\/ul>","protected":false},"excerpt":{"rendered":"<p>Si vous \u00eates passionn\u00e9 d&#8217;informatique et d&#8217;\u00e9lectronique, si vous \u00eates \u00e0 la pointe de la technologie et qu&#8217;aucun d\u00e9tail ne vous \u00e9chappe, achetez Smartphone Apple iPhone 14 Plus 6,7&#8243; A15 128 GB Blanc starlight au meilleur prix. Processeur: A15 Hexa Core Caract\u00e9ristiques: Mode nuit Capteurs HDR10 Boussole \u00e9lectronique Chargement rapide Capteur de proximit\u00e9 St\u00e9r\u00e9o Wi-Fi [&hellip;]<\/p>\n","protected":false},"featured_media":70586,"comment_status":"open","ping_status":"closed","template":"","meta":[],"product_brand":[979],"product_cat":[575,65,960],"product_tag":[213,566,106],"class_list":{"0":"post-70589","1":"product","2":"type-product","3":"status-publish","4":"has-post-thumbnail","6":"product_brand-brandp_533","7":"product_cat-electronique-telephonie-et-tablettes","8":"product_cat-informatique-electronique","9":"product_cat-telephones-portables","10":"product_tag-tag_933","11":"product_tag-tag_547","12":"product_tag-tag_1295","14":"first","15":"instock","16":"taxable","17":"shipping-taxable","18":"purchasable","19":"product-type-simple"},"_links":{"self":[{"href":"https:\/\/bigbuy.tupique.com\/pt\/wp-json\/wp\/v2\/product\/70589","targetHints":{"allow":["GET"]}}],"collection":[{"href":"https:\/\/bigbuy.tupique.com\/pt\/wp-json\/wp\/v2\/product"}],"about":[{"href":"https:\/\/bigbuy.tupique.com\/pt\/wp-json\/wp\/v2\/types\/product"}],"replies":[{"embeddable":true,"href":"https:\/\/bigbuy.tupique.com\/pt\/wp-json\/wp\/v2\/comments?post=70589"}],"wp:featuredmedia":[{"embeddable":true,"href":"https:\/\/bigbuy.tupique.com\/pt\/wp-json\/wp\/v2\/media\/70586"}],"wp:attachment":[{"href":"https:\/\/bigbuy.tupique.com\/pt\/wp-json\/wp\/v2\/media?parent=70589"}],"wp:term":[{"taxonomy":"product_brand","embeddable":true,"href":"https:\/\/bigbuy.tupique.com\/pt\/wp-json\/wp\/v2\/product_brand?post=70589"},{"taxonomy":"product_cat","embeddable":true,"href":"https:\/\/bigbuy.tupique.com\/pt\/wp-json\/wp\/v2\/product_cat?post=70589"},{"taxonomy":"product_tag","embeddable":true,"href":"https:\/\/bigbuy.tupique.com\/pt\/wp-json\/wp\/v2\/product_tag?post=70589"}],"curies":[{"name":"wp","href":"https:\/\/api.w.org\/{rel}","templated":true}]}}