{"id":70406,"date":"2026-04-02T10:43:38","date_gmt":"2026-04-02T09:43:38","guid":{"rendered":"https:\/\/bigbuy.tupique.com\/produto\/freezer-hisense-ft546d4awlye\/"},"modified":"2026-04-17T00:36:20","modified_gmt":"2026-04-16T23:36:20","slug":"freezer-hisense-ft546d4awlye","status":"publish","type":"product","link":"https:\/\/bigbuy.tupique.com\/pt\/produto\/freezer-hisense-ft546d4awlye\/","title":{"rendered":"Cong\u00e9lateur Hisense FT546D4AWLYE"},"content":{"rendered":"<p>Si vous pensez r\u00e9nover votre cuisine, achetez <b>Cong\u00e9lateur Hisense FT546D4AWLYE<\/b> et d\u00b4autres <b>produits Hisense<\/b> !<\/p>\n<ul>\n<li>Produit \u00e0 brancher: Oui<\/li>\n<li>Type de prise: Prise EU<\/li>\n<li>Type:\n<ul>\n<li>Cong\u00e9lateur<\/li>\n<li>Coffre<\/li>\n<\/ul>\n<\/li>\n<li>Bloc d\u2019Alimentation: r\u00e9seau \u00e9lectrique<\/li>\n<li>Couleur: Blanc<\/li>\n<li>Largeur: 148,8 CM<\/li>\n<li>Classification \u00e9nerg\u00e9tique: E<\/li>\n<li>\u00c9lev\u00e9: 85 cm<\/li>\n<li>Profondeur: 721 mm<\/li>\n<li>Niveau sonore: 40 dB<\/li>\n<li>Capacit\u00e9: 420 L<\/li>\n<\/ul>","protected":false},"excerpt":{"rendered":"<p><span class=\"unit-info\">1.6071 &euro; \/ 1 l<\/span><\/p>","protected":false},"featured_media":195875,"comment_status":"open","ping_status":"closed","template":"","meta":[],"product_brand":[1341],"product_cat":[60,77,226],"product_tag":[],"class_list":{"0":"post-70406","1":"product","2":"type-product","3":"status-publish","4":"has-post-thumbnail","6":"product_brand-brandp_612","7":"product_cat-cuisine-gourmet","8":"product_cat-petit-electromenager","9":"product_cat-refrigerateurs-et-congelateurs","11":"first","12":"instock","13":"taxable","14":"shipping-taxable","15":"purchasable","16":"product-type-simple"},"_links":{"self":[{"href":"https:\/\/bigbuy.tupique.com\/pt\/wp-json\/wp\/v2\/product\/70406","targetHints":{"allow":["GET"]}}],"collection":[{"href":"https:\/\/bigbuy.tupique.com\/pt\/wp-json\/wp\/v2\/product"}],"about":[{"href":"https:\/\/bigbuy.tupique.com\/pt\/wp-json\/wp\/v2\/types\/product"}],"replies":[{"embeddable":true,"href":"https:\/\/bigbuy.tupique.com\/pt\/wp-json\/wp\/v2\/comments?post=70406"}],"wp:featuredmedia":[{"embeddable":true,"href":"https:\/\/bigbuy.tupique.com\/pt\/wp-json\/wp\/v2\/media\/195875"}],"wp:attachment":[{"href":"https:\/\/bigbuy.tupique.com\/pt\/wp-json\/wp\/v2\/media?parent=70406"}],"wp:term":[{"taxonomy":"product_brand","embeddable":true,"href":"https:\/\/bigbuy.tupique.com\/pt\/wp-json\/wp\/v2\/product_brand?post=70406"},{"taxonomy":"product_cat","embeddable":true,"href":"https:\/\/bigbuy.tupique.com\/pt\/wp-json\/wp\/v2\/product_cat?post=70406"},{"taxonomy":"product_tag","embeddable":true,"href":"https:\/\/bigbuy.tupique.com\/pt\/wp-json\/wp\/v2\/product_tag?post=70406"}],"curies":[{"name":"wp","href":"https:\/\/api.w.org\/{rel}","templated":true}]}}