{"id":69993,"date":"2026-04-02T09:18:53","date_gmt":"2026-04-02T08:18:53","guid":{"rendered":"https:\/\/bigbuy.tupique.com\/produto\/superautomatic-coffee-maker-krups-ea912910-black-1450-w-17-l\/"},"modified":"2026-04-15T07:02:32","modified_gmt":"2026-04-15T06:02:32","slug":"superautomatic-coffee-maker-krups-ea912910-black-1450-w-17-l","status":"publish","type":"product","link":"https:\/\/bigbuy.tupique.com\/pt\/produto\/superautomatic-coffee-maker-krups-ea912910-black-1450-w-17-l\/","title":{"rendered":"Cafeti\u00e8re superautomatique Krups EA912910 Noir 1450 W 1,7 L"},"content":{"rendered":"<p>Si vous \u00eates \u00e0 la recherche de nouvelles tendances sur le march\u00e9, nous vous pr\u00e9sentons <b>Cafeti\u00e8re superautomatique Krups EA912910 Noir 1450 W 1,7 L<\/b> !<\/p>\n<ul>\n<li>Produit \u00e0 brancher: Oui<\/li>\n<li>Type:\n<ul>\n<li>Cafeti\u00e8re superautomatique<\/li>\n<li>Cafeti\u00e8re express<\/li>\n<li>Machine \u00e0 espresso<\/li>\n<\/ul>\n<\/li>\n<li>Type de prise:\n<ul>\n<li>Prise EU<\/li>\n<li>Type C<\/li>\n<\/ul>\n<\/li>\n<li>Bloc d\u2019Alimentation: r\u00e9seau \u00e9lectrique<\/li>\n<li>Caract\u00e9ristiques:\n<ul>\n<li>Facile \u00e0 nettoyer<\/li>\n<li>Arr\u00eat Automatique<\/li>\n<li>Bac d&#8217;\u00e9gouttage amovible<\/li>\n<li>R\u00e9servoir d&#8217;eau amovible<\/li>\n<li>Facilit\u00e9 d&#8217;utilisation<\/li>\n<li>Indicateur de niveau d&#8217;eau<\/li>\n<li>Temp\u00e9rature r\u00e9glable<\/li>\n<\/ul>\n<\/li>\n<li>Couleur: Noir<\/li>\n<li>puissance: 1450 W<\/li>\n<li>Type de commande: Boutons<\/li>\n<li>Inclut:\n<ul>\n<li>Voyant lumineux<\/li>\n<li>Mousseur \u00e0 Lait<\/li>\n<\/ul>\n<\/li>\n<li>Tasses: 1 Tasse<\/li>\n<li>Capacit\u00e9: 1,7 L<\/li>\n<li>\u00c9cran integr\u00e9: Non<\/li>\n<li>Niveaux de temp\u00e9rature: 3 niveaux<\/li>\n<\/ul>","protected":false},"excerpt":{"rendered":"<p>Si vous \u00eates \u00e0 la recherche de nouvelles tendances sur le march\u00e9, nous vous pr\u00e9sentons Cafeti\u00e8re superautomatique Krups EA912910 Noir 1450 W 1,7 L ! Produit \u00e0 brancher: Oui Type: Cafeti\u00e8re superautomatique Cafeti\u00e8re express Machine \u00e0 espresso Type de prise: Prise EU Type C Bloc d\u2019Alimentation: r\u00e9seau \u00e9lectrique Caract\u00e9ristiques: Facile \u00e0 nettoyer Arr\u00eat Automatique Bac [&hellip;]<\/p>\n","protected":false},"featured_media":69989,"comment_status":"open","ping_status":"closed","template":"","meta":[],"product_brand":[1644],"product_cat":[725,60,77],"product_tag":[56],"class_list":{"0":"post-69993","1":"product","2":"type-product","3":"status-publish","4":"has-post-thumbnail","6":"product_brand-brandp_911","7":"product_cat-cafetieres","8":"product_cat-cuisine-gourmet","9":"product_cat-petit-electromenager","10":"product_tag-tag_930","12":"first","13":"instock","14":"taxable","15":"shipping-taxable","16":"purchasable","17":"product-type-simple"},"_links":{"self":[{"href":"https:\/\/bigbuy.tupique.com\/pt\/wp-json\/wp\/v2\/product\/69993","targetHints":{"allow":["GET"]}}],"collection":[{"href":"https:\/\/bigbuy.tupique.com\/pt\/wp-json\/wp\/v2\/product"}],"about":[{"href":"https:\/\/bigbuy.tupique.com\/pt\/wp-json\/wp\/v2\/types\/product"}],"replies":[{"embeddable":true,"href":"https:\/\/bigbuy.tupique.com\/pt\/wp-json\/wp\/v2\/comments?post=69993"}],"wp:featuredmedia":[{"embeddable":true,"href":"https:\/\/bigbuy.tupique.com\/pt\/wp-json\/wp\/v2\/media\/69989"}],"wp:attachment":[{"href":"https:\/\/bigbuy.tupique.com\/pt\/wp-json\/wp\/v2\/media?parent=69993"}],"wp:term":[{"taxonomy":"product_brand","embeddable":true,"href":"https:\/\/bigbuy.tupique.com\/pt\/wp-json\/wp\/v2\/product_brand?post=69993"},{"taxonomy":"product_cat","embeddable":true,"href":"https:\/\/bigbuy.tupique.com\/pt\/wp-json\/wp\/v2\/product_cat?post=69993"},{"taxonomy":"product_tag","embeddable":true,"href":"https:\/\/bigbuy.tupique.com\/pt\/wp-json\/wp\/v2\/product_tag?post=69993"}],"curies":[{"name":"wp","href":"https:\/\/api.w.org\/{rel}","templated":true}]}}