{"id":69792,"date":"2026-04-02T08:28:20","date_gmt":"2026-04-02T07:28:20","guid":{"rendered":"https:\/\/bigbuy.tupique.com\/produto\/gas-cooker-meireles-e-911-x-steel\/"},"modified":"2026-05-11T19:56:26","modified_gmt":"2026-05-11T17:56:26","slug":"gas-cooker-meireles-e-911-x-steel","status":"publish","type":"product","link":"https:\/\/bigbuy.tupique.com\/pt\/produto\/gas-cooker-meireles-e-911-x-steel\/","title":{"rendered":"Cuisini\u00e8re \u00e0 Gaz Meireles E 911 X Acier"},"content":{"rendered":"<p>Si vous recherchez des \u00e9lectrom\u00e9nagers pour votre maison aux meilleurs prix, ne manquez pas <b>Cuisini\u00e8re \u00e0 Gaz Meireles E 911 X Acier<\/b> et une large s\u00e9lection de petits \u00e9lectrom\u00e9nagers de qualit\u00e9 !<\/p>\n<p>La <b>cuisini\u00e8re \u00e0 gaz<\/b> Meireles E 911 X allie un design robuste et moderne \u00e0 des performances techniques adapt\u00e9es \u00e0 une cuisine exigeante et polyvalente. Avec une construction en <b>acier inoxydable<\/b>, cet appareil garantit r\u00e9sistance, durabilit\u00e9 et facilit\u00e9 de nettoyage, s\u2019int\u00e9grant parfaitement dans les cuisines contemporaines et professionnelles. \u00c9quip\u00e9e pour utiliser du <b>gaz butane ou gaz propane<\/b>, elle offre une flexibilit\u00e9 d\u2019installation et de fonctionnement, s\u2019adaptant aux diff\u00e9rents besoins \u00e9nerg\u00e9tiques selon l\u2019environnement domestique ou professionnel. Sa <b>capacit\u00e9 de four de 121 litres<\/b> offre un grand espace pour cuire de grandes plaques ou plusieurs plats simultan\u00e9ment, ce qui est particuli\u00e8rement pratique pour les familles nombreuses ou les amateurs de cuisine \u00e9labor\u00e9e. La largeur de <b>90 cm<\/b> favorise la pr\u00e9paration confortable de plusieurs plats en m\u00eame temps et permet d\u2019accueillir une plaque g\u00e9n\u00e9reuse ainsi qu\u2019un four spacieux. La <b>classe \u00e9nerg\u00e9tique A<\/b> assure une consommation efficace et ma\u00eetris\u00e9e, contribuant \u00e0 la r\u00e9duction des d\u00e9penses \u00e9nerg\u00e9tiques quotidiennes. Elle int\u00e8gre un <b>\u00e9cran \u00e9lectronique<\/b> qui facilite le contr\u00f4le des fonctions et param\u00e8tres de cuisson, am\u00e9liorant l\u2019exp\u00e9rience utilisateur et la pr\u00e9cision des r\u00e9glages. De plus, son design en <b>pose libre<\/b> permet de l\u2019installer de mani\u00e8re ind\u00e9pendante dans n\u2019importe quel espace de la cuisine sans difficult\u00e9 de montage. La Meireles E 911 X est une option fiable et avanc\u00e9e pour ceux qui recherchent \u00e0 allier capacit\u00e9, robustesse et technologie moderne dans l\u2019\u00e9quipement de leur cuisine.<\/p>\n<ul>\n<li>Produit \u00e0 brancher: Oui<\/li>\n<li>Type de prise: Prise EU<\/li>\n<li>Mat\u00e9riel: Acier inoxydable<\/li>\n<li>Informations importantes: En ce qui concerne le raccordement au gaz il convient de tenir compte des r\u00e9glementations sp\u00e9cifiques \u00e0 chaque pays<\/li>\n<li>Couleur: Acier<\/li>\n<li>Largeur: 90 cm<\/li>\n<li>Caract\u00e9ristiques:\n<ul>\n<li>Plaque Tournante<\/li>\n<li>Lumi\u00e8re int\u00e9rieure<\/li>\n<li>\u00c9cran integr\u00e9<\/li>\n<\/ul>\n<\/li>\n<li>Classification \u00e9nerg\u00e9tique: A<\/li>\n<li>Bloc d\u2019Alimentation: r\u00e9seau \u00e9lectrique<\/li>\n<li>Type de commande:\n<ul>\n<li>Boutons<\/li>\n<li>Boutons, rotatif<\/li>\n<\/ul>\n<\/li>\n<li>Capacit\u00e9: 121 L<\/li>\n<li>Type: \u00c9lectronique<\/li>\n<li>Pieds: Ajustables<\/li>\n<li>Contr\u00f4le: Boutons, rotatif<\/li>\n<\/ul>\n<p>Informations importantes: En ce qui concerne le raccordement au gaz, il convient de respecter les r\u00e9glementations nationales en vigueur..<\/p>","protected":false},"excerpt":{"rendered":"<p><span class=\"unit-info\">9.5371 &euro; \/ 1 l<\/span><\/p>","protected":false},"featured_media":69791,"comment_status":"open","ping_status":"closed","template":"","meta":[],"product_brand":[1543],"product_cat":[60,747,77],"product_tag":[55],"class_list":{"0":"post-69792","1":"product","2":"type-product","3":"status-publish","4":"has-post-thumbnail","6":"product_brand-brandp_1637","7":"product_cat-cuisine-gourmet","8":"product_cat-fours","9":"product_cat-petit-electromenager","10":"product_tag-tag_926","12":"first","13":"instock","14":"taxable","15":"shipping-taxable","16":"purchasable","17":"product-type-simple"},"_links":{"self":[{"href":"https:\/\/bigbuy.tupique.com\/pt\/wp-json\/wp\/v2\/product\/69792","targetHints":{"allow":["GET"]}}],"collection":[{"href":"https:\/\/bigbuy.tupique.com\/pt\/wp-json\/wp\/v2\/product"}],"about":[{"href":"https:\/\/bigbuy.tupique.com\/pt\/wp-json\/wp\/v2\/types\/product"}],"replies":[{"embeddable":true,"href":"https:\/\/bigbuy.tupique.com\/pt\/wp-json\/wp\/v2\/comments?post=69792"}],"wp:featuredmedia":[{"embeddable":true,"href":"https:\/\/bigbuy.tupique.com\/pt\/wp-json\/wp\/v2\/media\/69791"}],"wp:attachment":[{"href":"https:\/\/bigbuy.tupique.com\/pt\/wp-json\/wp\/v2\/media?parent=69792"}],"wp:term":[{"taxonomy":"product_brand","embeddable":true,"href":"https:\/\/bigbuy.tupique.com\/pt\/wp-json\/wp\/v2\/product_brand?post=69792"},{"taxonomy":"product_cat","embeddable":true,"href":"https:\/\/bigbuy.tupique.com\/pt\/wp-json\/wp\/v2\/product_cat?post=69792"},{"taxonomy":"product_tag","embeddable":true,"href":"https:\/\/bigbuy.tupique.com\/pt\/wp-json\/wp\/v2\/product_tag?post=69792"}],"curies":[{"name":"wp","href":"https:\/\/api.w.org\/{rel}","templated":true}]}}