{"id":69461,"date":"2026-04-02T06:28:34","date_gmt":"2026-04-02T05:28:34","guid":{"rendered":"https:\/\/bigbuy.tupique.com\/produto\/conventional-hood-teka-tp-8434778017618_243603_vendor-90-cm-white\/"},"modified":"2026-05-11T19:56:22","modified_gmt":"2026-05-11T17:56:22","slug":"conventional-hood-teka-tp-8434778017618_243603_vendor-90-cm-white","status":"publish","type":"product","link":"https:\/\/bigbuy.tupique.com\/pt\/produto\/conventional-hood-teka-tp-8434778017618_243603_vendor-90-cm-white\/","title":{"rendered":"Hotte standard Teka TP-8434778017618_243603_Vendor 90 cm Blanc"},"content":{"rendered":"<p>Si vous pensez r\u00e9nover votre cuisine, achetez <b>Hotte standard Teka TP-8434778017618_243603_Vendor 90 cm Blanc<\/b> et d\u00b4autres <b>produits Teka<\/b> !<\/p>\n<ul>\n<li>Type: Mural<\/li>\n<li>Couleur: Blanc<\/li>\n<li>Classification \u00e9nerg\u00e9tique:\n<ul>\n<li>A<\/li>\n<li>C<\/li>\n<\/ul>\n<\/li>\n<li>Type d&#8217;ampoule: LED<\/li>\n<li>Moteur: 1<\/li>\n<li>Caract\u00e9ristiques: Commande tactile<\/li>\n<li>Filtre: Aluminium<\/li>\n<li>Filtres: 1 uds<\/li>\n<li>Largeur: 90 cm<\/li>\n<li>Volume sonore: 54 dB<\/li>\n<li>Produit \u00e0 brancher: Oui<\/li>\n<li>Type de prise: Prise EU<\/li>\n<li>Capacit\u00e9 d\u2019extraction: 480 m3\/h<\/li>\n<li>Mat\u00e9riel: Acier inoxydable<\/li>\n<li>Vitesse: 4<\/li>\n<li>puissance: 230 W<\/li>\n<li>Niveau sonore:\n<ul>\n<li>54 dB<\/li>\n<li>71 dB<\/li>\n<\/ul>\n<\/li>\n<li>Tension: 220-240 V<\/li>\n<li>\u00c9cran integr\u00e9: Non<\/li>\n<\/ul>","protected":false},"excerpt":{"rendered":"<p>Si vous pensez r\u00e9nover votre cuisine, achetez Hotte standard Teka TP-8434778017618_243603_Vendor 90 cm Blanc et d\u00b4autres produits Teka ! Type: Mural Couleur: Blanc Classification \u00e9nerg\u00e9tique: A C Type d&#8217;ampoule: LED Moteur: 1 Caract\u00e9ristiques: Commande tactile Filtre: Aluminium Filtres: 1 uds Largeur: 90 cm Volume sonore: 54 dB Produit \u00e0 brancher: Oui Type de prise: Prise [&hellip;]<\/p>\n","protected":false},"featured_media":69459,"comment_status":"open","ping_status":"closed","template":"","meta":[],"product_brand":[667],"product_cat":[60,61,62],"product_tag":[56],"class_list":{"0":"post-69461","1":"product","2":"type-product","3":"status-publish","4":"has-post-thumbnail","6":"product_brand-brandp_1172","7":"product_cat-cuisine-gourmet","8":"product_cat-equipement-de-cuisine","9":"product_cat-hottes-de-cuisine","10":"product_tag-tag_930","12":"first","13":"instock","14":"taxable","15":"shipping-taxable","16":"purchasable","17":"product-type-simple"},"_links":{"self":[{"href":"https:\/\/bigbuy.tupique.com\/pt\/wp-json\/wp\/v2\/product\/69461","targetHints":{"allow":["GET"]}}],"collection":[{"href":"https:\/\/bigbuy.tupique.com\/pt\/wp-json\/wp\/v2\/product"}],"about":[{"href":"https:\/\/bigbuy.tupique.com\/pt\/wp-json\/wp\/v2\/types\/product"}],"replies":[{"embeddable":true,"href":"https:\/\/bigbuy.tupique.com\/pt\/wp-json\/wp\/v2\/comments?post=69461"}],"wp:featuredmedia":[{"embeddable":true,"href":"https:\/\/bigbuy.tupique.com\/pt\/wp-json\/wp\/v2\/media\/69459"}],"wp:attachment":[{"href":"https:\/\/bigbuy.tupique.com\/pt\/wp-json\/wp\/v2\/media?parent=69461"}],"wp:term":[{"taxonomy":"product_brand","embeddable":true,"href":"https:\/\/bigbuy.tupique.com\/pt\/wp-json\/wp\/v2\/product_brand?post=69461"},{"taxonomy":"product_cat","embeddable":true,"href":"https:\/\/bigbuy.tupique.com\/pt\/wp-json\/wp\/v2\/product_cat?post=69461"},{"taxonomy":"product_tag","embeddable":true,"href":"https:\/\/bigbuy.tupique.com\/pt\/wp-json\/wp\/v2\/product_tag?post=69461"}],"curies":[{"name":"wp","href":"https:\/\/api.w.org\/{rel}","templated":true}]}}