{"id":68947,"date":"2026-04-02T03:06:56","date_gmt":"2026-04-02T02:06:56","guid":{"rendered":"https:\/\/bigbuy.tupique.com\/produto\/facial-cream-moisturizing-sensai-ultimate-100-ml\/"},"modified":"2026-04-15T01:27:17","modified_gmt":"2026-04-15T00:27:17","slug":"facial-cream-moisturizing-sensai-ultimate-100-ml","status":"publish","type":"product","link":"https:\/\/bigbuy.tupique.com\/pt\/produto\/facial-cream-moisturizing-sensai-ultimate-100-ml\/","title":{"rendered":"\u00c9mulsion Faciale Hydratante Sensai Ultimate 100 ml"},"content":{"rendered":"<\/p>\n<p><b>\u00c9mulsion Faciale Hydratante Sensai Ultimate 100 ml<\/b> est un produit de qualit\u00e9 con\u00e7u pour les personnes exigeantes qui prennent soin de leur image et recherchent les meilleurs cosm\u00e9tiques pour mettre en valeur leur beaut\u00e9. Si vous en faites partie, les produits 100 % originaux <b>Sensai<\/b> sont faits pour vous.<\/p>\n<p>L\u2019<b>\u00e9mulsion visage hydratante<\/b> <b>Sensai Ultimate<\/b> est un soin de la peau de haute pr\u00e9cision d\u00e9velopp\u00e9 au <b>Japon<\/b>, formul\u00e9 pour <b>tous types de peau<\/b> et adapt\u00e9 aussi bien \u00e0 la <b>femme<\/b> qu\u2019\u00e0 un <b>usage unisexe<\/b>, avec une texture l\u00e9g\u00e8re et raffin\u00e9e qui s\u2019int\u00e8gre facilement dans la routine quotidienne. Pr\u00e9sent\u00e9e dans un format pratique de <b>100 ml<\/b>, cette \u00e9mulsion associe une base hydratante \u00e0 une s\u00e9lection d\u2019actifs tels que la <b>glyc\u00e9rine<\/b>, la <b>niacinamide<\/b> et la <b>Hydrolyzed silk<\/b>, connus pour aider \u00e0 maintenir la barri\u00e8re cutan\u00e9e, am\u00e9liorer l\u2019\u00e9lasticit\u00e9 et apporter une sensation de douceur soyeuse apr\u00e8s l\u2019application. Sa formule contient des extraits botaniques comme le <b>Prunus yedoensis leaf extract<\/b>, le <b>Nasturtium officinale extract<\/b>, le <b>Saxifraga sarmentosa extract<\/b>, le <b>Cynara scolymus leaf extract<\/b> et le <b>Phellodendron amurense bark extract<\/b>, s\u00e9lectionn\u00e9s pour soutenir la peau face aux agressions ext\u00e9rieures et contribuer \u00e0 un aspect plus uniforme et frais. La pr\u00e9sence de <b>Olea europaea (olive) fruit oil<\/b>, de <b>Cera alba (beeswax)<\/b>, de <b>Tocopherol (vitamine E)<\/b> et de lipides comme le <b>cholesterol<\/b> et le <b>behenyl alcohol<\/b> favorise une hydratation durable et aide \u00e0 r\u00e9duire les sensations de tiraillement, tandis que des agents de texture comme le <b>dimethicone<\/b>, le <b>Hydrogenated polydecene<\/b> et la <b>xanthan gum<\/b> offrent une finition confortable, non collante et adapt\u00e9e avant le maquillage. Le syst\u00e8me \u00e9mulsionnant, avec des composants tels que le <b>Polysorbate 80<\/b>, le <b>Glyceryl stearate<\/b>, le <b>Sodium stearoyl glutamate<\/b> et l\u2019<b>Stearic acid<\/b>, assure une r\u00e9partition homog\u00e8ne des actifs sur la peau, optimisant leur absorption et la sensation de confort. De plus, son d\u00e9licat <b>parfum (Parfum)<\/b> et la pr\u00e9sence de notes aromatiques comme l\u2019<b>Alpha-isomethyl ionone<\/b>, le <b>Limonene<\/b>, le <b>Linalool<\/b>, le <b>Benzyl salicylate<\/b> ou le <b>Citronellol<\/b> offrent une exp\u00e9rience sensorielle soign\u00e9e tout en pr\u00e9servant une approche fonctionnelle et \u00e9quilibr\u00e9e. Gr\u00e2ce \u00e0 cette combinaison d\u2019hydratation, d\u2019actifs cibl\u00e9s et de texture l\u00e9g\u00e8re, <b>Sensai Ultimate The Emulsion 100 ml<\/b> se positionne comme une option compl\u00e8te pour celles et ceux qui recherchent un soin visage quotidien de haute qualit\u00e9 inspir\u00e9 du Japon.<\/p>\n<ul>\n<li>Genre:\n<ul>\n<li>Femme<\/li>\n<li>Unisexe<\/li>\n<\/ul>\n<\/li>\n<li>Utilisation recommand\u00e9e: Tous les types de peau<\/li>\n<li>Ingr\u00e9dients:\n<ul>\n<li>Polysorbate 80<\/li>\n<li>Prunus yedoensis leaf extract<\/li>\n<li>Sodium stearoyl glutamate<\/li>\n<li>Stearic acid<\/li>\n<li>Tocopherol<\/li>\n<li>Water (Aqua)<\/li>\n<li>Xanthan gum<\/li>\n<li>Acetyl glucosamine<\/li>\n<li>Alpha-isomethyl ionone<\/li>\n<li>Bentonite<\/li>\n<li>Benzyl salicylate<\/li>\n<li>Butylene glycol<\/li>\n<li>Cera alba (beeswax)<\/li>\n<li>Chlorphenesin<\/li>\n<li>Cholesterol<\/li>\n<li>Citronellol<\/li>\n<li>Dimethicone<\/li>\n<li>Dipropylene glycol<\/li>\n<li>Disodium edta<\/li>\n<li>Glyceryl stearate<\/li>\n<li>Glyceryl stearate se<\/li>\n<li>Hydrogenated polydecene<\/li>\n<li>Hydrolyzed silk<\/li>\n<li>Hydroxycitronellal<\/li>\n<li>Limonene<\/li>\n<li>Linalool<\/li>\n<li>Nasturtium officinale extract<\/li>\n<li>Niacinamide<\/li>\n<li>Olea europaea (olive) fruit oil<\/li>\n<li>Phellodendron amurense bark extract<\/li>\n<li>Phenoxyethanol<\/li>\n<li>Glycerin<\/li>\n<li>Behenyl alcohol<\/li>\n<li>Benzyl benzoate<\/li>\n<li>Alcool<\/li>\n<li>Hydrogenated Castor Oil Isostearate<\/li>\n<li>Saxifraga Sarmentosa Extract<\/li>\n<li>Cynara scolymus leaf extract<\/li>\n<li>Parfum<\/li>\n<\/ul>\n<\/li>\n<li>Capacit\u00e9: 100 ml<\/li>\n<\/ul>","protected":false},"excerpt":{"rendered":"<p><span class=\"unit-info\">315.9900 &euro; \/ 100 ml<\/span><\/p>","protected":false},"featured_media":68945,"comment_status":"open","ping_status":"closed","template":"","meta":[],"product_brand":[1680],"product_cat":[769,1496,1495],"product_tag":[722],"class_list":{"0":"post-68947","1":"product","2":"type-product","3":"status-publish","4":"has-post-thumbnail","6":"product_brand-brandp_2492","7":"product_cat-parfum-cosmetique","8":"product_cat-serums","9":"product_cat-soin-du-visage","10":"product_tag-tag_923","12":"first","13":"instock","14":"taxable","15":"shipping-taxable","16":"purchasable","17":"product-type-simple"},"_links":{"self":[{"href":"https:\/\/bigbuy.tupique.com\/pt\/wp-json\/wp\/v2\/product\/68947","targetHints":{"allow":["GET"]}}],"collection":[{"href":"https:\/\/bigbuy.tupique.com\/pt\/wp-json\/wp\/v2\/product"}],"about":[{"href":"https:\/\/bigbuy.tupique.com\/pt\/wp-json\/wp\/v2\/types\/product"}],"replies":[{"embeddable":true,"href":"https:\/\/bigbuy.tupique.com\/pt\/wp-json\/wp\/v2\/comments?post=68947"}],"wp:featuredmedia":[{"embeddable":true,"href":"https:\/\/bigbuy.tupique.com\/pt\/wp-json\/wp\/v2\/media\/68945"}],"wp:attachment":[{"href":"https:\/\/bigbuy.tupique.com\/pt\/wp-json\/wp\/v2\/media?parent=68947"}],"wp:term":[{"taxonomy":"product_brand","embeddable":true,"href":"https:\/\/bigbuy.tupique.com\/pt\/wp-json\/wp\/v2\/product_brand?post=68947"},{"taxonomy":"product_cat","embeddable":true,"href":"https:\/\/bigbuy.tupique.com\/pt\/wp-json\/wp\/v2\/product_cat?post=68947"},{"taxonomy":"product_tag","embeddable":true,"href":"https:\/\/bigbuy.tupique.com\/pt\/wp-json\/wp\/v2\/product_tag?post=68947"}],"curies":[{"name":"wp","href":"https:\/\/api.w.org\/{rel}","templated":true}]}}