{"id":68626,"date":"2026-04-02T02:40:57","date_gmt":"2026-04-02T01:40:57","guid":{"rendered":"https:\/\/bigbuy.tupique.com\/produto\/smartphone-tcl-nxtpaper-60-ultra-5g-octa-core-12-gb-ram-512-gb-black\/"},"modified":"2026-04-30T22:22:23","modified_gmt":"2026-04-30T21:22:23","slug":"smartphone-tcl-nxtpaper-60-ultra-5g-octa-core-12-gb-ram-512-gb-black","status":"publish","type":"product","link":"https:\/\/bigbuy.tupique.com\/pt\/produto\/smartphone-tcl-nxtpaper-60-ultra-5g-octa-core-12-gb-ram-512-gb-black\/","title":{"rendered":"Smartphone TCL NXTPAPER 60 Ultra 5G Octa Core 12 GB RAM 512 GB Noir"},"content":{"rendered":"<p>Si vous \u00eates passionn\u00e9 d&#8217;<b>informatique et d&#8217;\u00e9lectronique<\/b>, si vous \u00eates \u00e0 la pointe de la technologie et qu&#8217;aucun d\u00e9tail ne vous \u00e9chappe, achetez <b>Smartphone TCL NXTPAPER 60 Ultra 5G Octa Core 12 GB RAM 512 GB Noir<\/b> au meilleur prix.<\/p>\n<p>Le <b>TCL NXTPAPER 60 Ultra 5G<\/b> en <b>noir<\/b> est un <b>smartphone<\/b> avanc\u00e9 con\u00e7u pour les utilisateurs recherchant puissance, capacit\u00e9 et une exp\u00e9rience visuelle exceptionnelle gr\u00e2ce \u00e0 son <b>\u00e9cran de 7,2 pouces<\/b>. Ce mod\u00e8le se distingue particuli\u00e8rement par ses <b>12 Go de RAM<\/b>, assurant une utilisation rapide et un multit\u00e2che fluide, m\u00eame avec des applications exigeantes et les jeux les plus r\u00e9cents. Il dispose \u00e9galement d\u2019une <b>grande capacit\u00e9 de stockage de 512 Go<\/b>, permettant de conserver de nombreux photos, vid\u00e9os, documents et applications sans craindre de manquer d\u2019espace. Il int\u00e8gre la connectivit\u00e9 <b>5G<\/b> pour des t\u00e9l\u00e9chargements ultra-rapides et une communication sans latence, ainsi que des options pratiques comme le <b>Wi-Fi<\/b> et l\u2019<b>USB-C<\/b>, garantissant polyvalence pour le transfert de donn\u00e9es et la charge rapide. L\u2019appareil fonctionne sous <b>Android<\/b>, offrant personnalisation, acc\u00e8s \u00e0 des millions d\u2019applications et mises \u00e0 jour fr\u00e9quentes pour optimiser performances et s\u00e9curit\u00e9. L\u2019innovation de la technologie NXTPAPER de TCL permet une visualisation confortable et nette, r\u00e9duisant la fatigue oculaire gr\u00e2ce \u00e0 la diminution des reflets et \u00e0 la qualit\u00e9 de l\u2019\u00e9cran, id\u00e9ale pour la lecture, le travail ou le divertissement prolong\u00e9. Ce smartphone est fourni avec tout le n\u00e9cessaire pour un usage quotidien, y compris la compatibilit\u00e9 avec le <b>r\u00e9seau \u00e9lectrique<\/b> standard, assurant une autonomie continue. Le TCL NXTPAPER 60 Ultra 5G est une solution compl\u00e8te pour ceux qui souhaitent le meilleur en mobilit\u00e9, performance et capacit\u00e9 multim\u00e9dia dans un seul appareil.<\/p>\n<ul>\n<li>Type: Smartphone<\/li>\n<li>Produit \u00e0 brancher: Oui<\/li>\n<li>Type de prise: Prise EU<\/li>\n<li>Couleur: Noir<\/li>\n<li>Connectivit\u00e9:\n<ul>\n<li>NFC<\/li>\n<li>Wi-Fi<\/li>\n<li>5G<\/li>\n<\/ul>\n<\/li>\n<li>Capacit\u00e9 de la batterie:\n<ul>\n<li>5000 mAh<\/li>\n<li>5200 mAh<\/li>\n<\/ul>\n<\/li>\n<li>Processeur: Octa Core<\/li>\n<li>M\u00e9moire interne: 512 GB<\/li>\n<li>Bloc d\u2019Alimentation: r\u00e9seau \u00e9lectrique<\/li>\n<li>Ecran: 7,2&#8243;<\/li>\n<li>Syst\u00e8me d&#8217;exploitation: Android<\/li>\n<li>puissance: 33 W<\/li>\n<li>Cam\u00e9ra\/Appareil Photo: 50 Mp<\/li>\n<li>Connexions: USB-C<\/li>\n<li>M\u00e9moire RAM: 12 GB RAM<\/li>\n<li>Fonctionne \u00e0 piles: AA x 1, incluses<\/li>\n<li>Fr\u00e9quence: 60 Hz<\/li>\n<\/ul>","protected":false},"excerpt":{"rendered":"<p>Si vous \u00eates passionn\u00e9 d&#8217;informatique et d&#8217;\u00e9lectronique, si vous \u00eates \u00e0 la pointe de la technologie et qu&#8217;aucun d\u00e9tail ne vous \u00e9chappe, achetez Smartphone TCL NXTPAPER 60 Ultra 5G Octa Core 12 GB RAM 512 GB Noir au meilleur prix. Le TCL NXTPAPER 60 Ultra 5G en noir est un smartphone avanc\u00e9 con\u00e7u pour les [&hellip;]<\/p>\n","protected":false},"featured_media":195951,"comment_status":"open","ping_status":"closed","template":"","meta":[],"product_brand":[1153],"product_cat":[575,65,960],"product_tag":[213,566,106],"class_list":{"0":"post-68626","1":"product","2":"type-product","3":"status-publish","4":"has-post-thumbnail","6":"product_brand-brandp_3009","7":"product_cat-electronique-telephonie-et-tablettes","8":"product_cat-informatique-electronique","9":"product_cat-telephones-portables","10":"product_tag-tag_933","11":"product_tag-tag_547","12":"product_tag-tag_1295","14":"first","15":"instock","16":"taxable","17":"shipping-taxable","18":"purchasable","19":"product-type-simple"},"_links":{"self":[{"href":"https:\/\/bigbuy.tupique.com\/pt\/wp-json\/wp\/v2\/product\/68626","targetHints":{"allow":["GET"]}}],"collection":[{"href":"https:\/\/bigbuy.tupique.com\/pt\/wp-json\/wp\/v2\/product"}],"about":[{"href":"https:\/\/bigbuy.tupique.com\/pt\/wp-json\/wp\/v2\/types\/product"}],"replies":[{"embeddable":true,"href":"https:\/\/bigbuy.tupique.com\/pt\/wp-json\/wp\/v2\/comments?post=68626"}],"wp:featuredmedia":[{"embeddable":true,"href":"https:\/\/bigbuy.tupique.com\/pt\/wp-json\/wp\/v2\/media\/195951"}],"wp:attachment":[{"href":"https:\/\/bigbuy.tupique.com\/pt\/wp-json\/wp\/v2\/media?parent=68626"}],"wp:term":[{"taxonomy":"product_brand","embeddable":true,"href":"https:\/\/bigbuy.tupique.com\/pt\/wp-json\/wp\/v2\/product_brand?post=68626"},{"taxonomy":"product_cat","embeddable":true,"href":"https:\/\/bigbuy.tupique.com\/pt\/wp-json\/wp\/v2\/product_cat?post=68626"},{"taxonomy":"product_tag","embeddable":true,"href":"https:\/\/bigbuy.tupique.com\/pt\/wp-json\/wp\/v2\/product_tag?post=68626"}],"curies":[{"name":"wp","href":"https:\/\/api.w.org\/{rel}","templated":true}]}}