{"id":68486,"date":"2026-04-02T02:28:38","date_gmt":"2026-04-02T01:28:38","guid":{"rendered":"https:\/\/bigbuy.tupique.com\/produto\/robot-vacuum-cleaner-dreame-010204aa000500\/"},"modified":"2026-05-11T19:57:16","modified_gmt":"2026-05-11T17:57:16","slug":"robot-vacuum-cleaner-dreame-010204aa000500","status":"publish","type":"product","link":"https:\/\/bigbuy.tupique.com\/pt\/produto\/robot-vacuum-cleaner-dreame-010204aa000500\/","title":{"rendered":"Aspirateur robot Dreame 010204AA000500"},"content":{"rendered":"<p>Si vous aimez prendre soin de chaque d\u00e9tail de votre maison et d&#8217;\u00eatre \u00e0 la derni\u00e8re mode en mati\u00e8re de produits qui vous rendront la vie plus facile, achetez <b>Aspirateur robot Dreame 010204AA000500<\/b> au meilleur prix.<\/p>\n<p>Le <b>L40s Pro Ultra<\/b> de Dreame est un <b>robot aspirateur<\/b> avanc\u00e9 qui assure un nettoyage efficace et pratique dans tout type de foyer gr\u00e2ce \u00e0 sa combinaison de technologie intelligente et de simplicit\u00e9 d\u2019utilisation. Ce mod\u00e8le, propos\u00e9 dans un \u00e9l\u00e9gant <b>coloris noir<\/b>, int\u00e8gre le <b>contr\u00f4le vocal<\/b>, permettant de g\u00e9rer le nettoyage par de simples commandes via les principaux assistants virtuels et de l\u2019int\u00e9grer facilement aux routines domestiques modernes. Sa <b>connectivit\u00e9 Wi-Fi<\/b> permet la programmation et le contr\u00f4le \u00e0 distance via des applications mobiles, offrant une flexibilit\u00e9 maximale pour organiser les sessions de nettoyage. Dot\u00e9 de capteurs qui <b>d\u00e9tectent les obstacles<\/b>, le L40s Pro Ultra optimise ses d\u00e9placements pour \u00e9viter les collisions et incidents, prot\u00e9geant ainsi les meubles et l\u2019appareil lui-m\u00eame. Son design <b>facile \u00e0 nettoyer<\/b> et son syst\u00e8me <b>rechargeable<\/b> garantissent un entretien simple et une r\u00e9utilisation efficace, tandis que la batterie interne, con\u00e7ue pour de grandes surfaces, lui permet de couvrir des pi\u00e8ces enti\u00e8res sans interruption. Il comprend un <b>c\u00e2ble d\u2019alimentation<\/b> essentiel pour recharger le robot apr\u00e8s chaque cycle. Ce mod\u00e8le se pr\u00e9sente comme une solution pratique et polyvalente pour ceux qui souhaitent automatiser le nettoyage quotidien sans compromis sur l\u2019efficacit\u00e9 ou la gestion intelligente.<\/p>\n<ul>\n<li>Produit \u00e0 brancher: Oui<\/li>\n<li>Bloc d\u2019Alimentation:\n<ul>\n<li>r\u00e9seau \u00e9lectrique<\/li>\n<li>Batterie<\/li>\n<\/ul>\n<\/li>\n<li>Couleur: Noir<\/li>\n<li>Caract\u00e9ristiques:\n<ul>\n<li>Contr\u00f4le vocal<\/li>\n<li>Facile \u00e0 nettoyer<\/li>\n<li>D\u00e9tecte les obstacles<\/li>\n<\/ul>\n<\/li>\n<li>Type de batterie:\n<ul>\n<li>Rechargeable<\/li>\n<li>Litio Ion<\/li>\n<\/ul>\n<\/li>\n<li>Connectivit\u00e9: Wi-Fi<\/li>\n<li>Compatible:\n<ul>\n<li>Amazon Alexa<\/li>\n<li>Google Home<\/li>\n<\/ul>\n<\/li>\n<li>Inclut:\n<ul>\n<li>C\u00e2ble Alimentation<\/li>\n<li>Manuel de l&#8217;utilisateur<\/li>\n<\/ul>\n<\/li>\n<li>Filtre: HEPA<\/li>\n<li>Niveau sonore: 74 dB<\/li>\n<li>Aspiration: 19000 pa<\/li>\n<\/ul>","protected":false},"excerpt":{"rendered":"<p>Si vous aimez prendre soin de chaque d\u00e9tail de votre maison et d&#8217;\u00eatre \u00e0 la derni\u00e8re mode en mati\u00e8re de produits qui vous rendront la vie plus facile, achetez Aspirateur robot Dreame 010204AA000500 au meilleur prix. Le L40s Pro Ultra de Dreame est un robot aspirateur avanc\u00e9 qui assure un nettoyage efficace et pratique dans [&hellip;]<\/p>\n","protected":false},"featured_media":68470,"comment_status":"open","ping_status":"closed","template":"","meta":[],"product_brand":[860],"product_cat":[762,239,240],"product_tag":[56],"class_list":{"0":"post-68486","1":"product","2":"type-product","3":"status-publish","4":"has-post-thumbnail","6":"product_brand-brandp_4590","7":"product_cat-aspirateurs-et-robots","8":"product_cat-maison-jardin","9":"product_cat-nettoyage-aspirateur-et-repassage","10":"product_tag-tag_930","12":"first","13":"instock","14":"taxable","15":"shipping-taxable","16":"purchasable","17":"product-type-simple"},"_links":{"self":[{"href":"https:\/\/bigbuy.tupique.com\/pt\/wp-json\/wp\/v2\/product\/68486","targetHints":{"allow":["GET"]}}],"collection":[{"href":"https:\/\/bigbuy.tupique.com\/pt\/wp-json\/wp\/v2\/product"}],"about":[{"href":"https:\/\/bigbuy.tupique.com\/pt\/wp-json\/wp\/v2\/types\/product"}],"replies":[{"embeddable":true,"href":"https:\/\/bigbuy.tupique.com\/pt\/wp-json\/wp\/v2\/comments?post=68486"}],"wp:featuredmedia":[{"embeddable":true,"href":"https:\/\/bigbuy.tupique.com\/pt\/wp-json\/wp\/v2\/media\/68470"}],"wp:attachment":[{"href":"https:\/\/bigbuy.tupique.com\/pt\/wp-json\/wp\/v2\/media?parent=68486"}],"wp:term":[{"taxonomy":"product_brand","embeddable":true,"href":"https:\/\/bigbuy.tupique.com\/pt\/wp-json\/wp\/v2\/product_brand?post=68486"},{"taxonomy":"product_cat","embeddable":true,"href":"https:\/\/bigbuy.tupique.com\/pt\/wp-json\/wp\/v2\/product_cat?post=68486"},{"taxonomy":"product_tag","embeddable":true,"href":"https:\/\/bigbuy.tupique.com\/pt\/wp-json\/wp\/v2\/product_tag?post=68486"}],"curies":[{"name":"wp","href":"https:\/\/api.w.org\/{rel}","templated":true}]}}