{"id":68469,"date":"2026-04-02T02:28:06","date_gmt":"2026-04-02T01:28:06","guid":{"rendered":"https:\/\/bigbuy.tupique.com\/produto\/mova-robot-vacuum-and-mop-e30ultra-7000-pa-4l-tank-3h-autonomy-white-2\/"},"modified":"2026-04-15T08:10:16","modified_gmt":"2026-04-15T07:10:16","slug":"mova-robot-vacuum-and-mop-e30ultra-7000-pa-4l-tank-3h-autonomy-white-2","status":"publish","type":"product","link":"https:\/\/bigbuy.tupique.com\/pt\/produto\/mova-robot-vacuum-and-mop-e30ultra-7000-pa-4l-tank-3h-autonomy-white-2\/","title":{"rendered":"Robot aspirador et lave-sol MOVA E30ULTRA 7000 Pa, r\u00e9servoir 4 l, auton. 3 h, blanc"},"content":{"rendered":"<p>Si vous aimez prendre soin de chaque d\u00e9tail de votre maison et d&#8217;\u00eatre \u00e0 la derni\u00e8re mode en mati\u00e8re de produits qui vous rendront la vie plus facile, achetez <b>Aspirateur robot Dreame E30ULTRA<\/b> au meilleur prix.<\/p>\n<p>Le <b>Dreame E30ULTRA<\/b> est un <b>robot aspirateur<\/b> avanc\u00e9 con\u00e7u pour un nettoyage efficace et automatis\u00e9 des sols dans les foyers modernes, se distinguant principalement par son <b>autonomie d\u2019environ 3 heures<\/b>, ce qui permet de couvrir de grandes surfaces en une seule charge avant de retourner automatiquement \u00e0 sa base. Son design en <b>blanc<\/b> offre une esth\u00e9tique \u00e9pur\u00e9e et discr\u00e8te, s\u2019int\u00e9grant parfaitement \u00e0 diff\u00e9rents styles de d\u00e9coration. Gr\u00e2ce \u00e0 sa <b>forme ronde<\/b>, il navigue ais\u00e9ment autour des meubles et dans les coins, maximisant la couverture sans difficult\u00e9. Il comprend un r\u00e9servoir \u00e0 poussi\u00e8re de <b>300 ml<\/b> et une station de vidage automatique d\u2019une capacit\u00e9 allant jusqu\u2019\u00e0 <b>4 litres<\/b> ou <b>3,2 litres<\/b>, selon la configuration, offrant praticit\u00e9 et r\u00e9duisant la fr\u00e9quence de vidage. Ce mod\u00e8le est <b>facile \u00e0 nettoyer<\/b> et son entretien est simple, garantissant une exp\u00e9rience sans complication pour l\u2019utilisateur. De plus, la connectivit\u00e9 <b>Wi-Fi<\/b> permet de contr\u00f4ler et programmer le robot aspirateur directement depuis votre smartphone, offrant un contr\u00f4le total et s\u2019adaptant facilement \u00e0 vos routines quotidiennes. Rechargeable et performant, l\u2019E30ULTRA constitue une solution pratique et moderne pour ceux qui souhaitent garder leurs sols impeccables sans effort. Avec ce robot aspirateur, Dreame s\u2019impose comme une r\u00e9f\u00e9rence en mati\u00e8re de confort et de technologie appliqu\u00e9e au nettoyage domestique.<\/p>\n<ul>\n<li>Type de prise: Prise EU<\/li>\n<li>Produit \u00e0 brancher: Oui<\/li>\n<li>Capacit\u00e9:\n<ul>\n<li>300 ml<\/li>\n<li>3,2 L<\/li>\n<li>4 L<\/li>\n<\/ul>\n<\/li>\n<li>Autonomie approx.: 3 heures<\/li>\n<li>Caract\u00e9ristiques:\n<ul>\n<li>Sans sac<\/li>\n<li>Facile \u00e0 nettoyer<\/li>\n<li>D\u00e9tecte les obstacles<\/li>\n<\/ul>\n<\/li>\n<li>Capacit\u00e9 de la batterie: 5200 mAh<\/li>\n<li>Fonctions: Frott\u00e9<\/li>\n<li>Dimensions approx.:\n<ul>\n<li>34 cm<\/li>\n<li>9,8 cm<\/li>\n<\/ul>\n<\/li>\n<li>Inclut:\n<ul>\n<li>Base de charge<\/li>\n<li>C\u00e2ble Alimentation<\/li>\n<li>Manuel de l&#8217;utilisateur<\/li>\n<\/ul>\n<\/li>\n<li>Poids: 8,1 kg<\/li>\n<li>Indice de r\u00e9parabilit\u00e9: 8.2<\/li>\n<li>Bloc d\u2019Alimentation:\n<ul>\n<li>r\u00e9seau \u00e9lectrique<\/li>\n<li>Batterie<\/li>\n<\/ul>\n<\/li>\n<li>Couleur: Blanc<\/li>\n<li>Type de batterie: Rechargeable<\/li>\n<li>Connectivit\u00e9: Wi-Fi<\/li>\n<li>Forme: Rond<\/li>\n<li>Compatible:\n<ul>\n<li>Smartphones, t\u00e9l\u00e9phones mobiles<\/li>\n<li>Amazon Alexa<\/li>\n<li>Google Home<\/li>\n<\/ul>\n<\/li>\n<li>Filtre: HEPA<\/li>\n<li>Aspiration: 7000 pa<\/li>\n<\/ul>","protected":false},"excerpt":{"rendered":"<p>Si vous aimez prendre soin de chaque d\u00e9tail de votre maison et d&#8217;\u00eatre \u00e0 la derni\u00e8re mode en mati\u00e8re de produits qui vous rendront la vie plus facile, achetez Aspirateur robot Dreame E30ULTRA au meilleur prix. Le Dreame E30ULTRA est un robot aspirateur avanc\u00e9 con\u00e7u pour un nettoyage efficace et automatis\u00e9 des sols dans les [&hellip;]<\/p>\n","protected":false},"featured_media":68468,"comment_status":"open","ping_status":"closed","template":"","meta":[],"product_brand":[860],"product_cat":[762,239,240],"product_tag":[56],"class_list":{"0":"post-68469","1":"product","2":"type-product","3":"status-publish","4":"has-post-thumbnail","6":"product_brand-brandp_4590","7":"product_cat-aspirateurs-et-robots","8":"product_cat-maison-jardin","9":"product_cat-nettoyage-aspirateur-et-repassage","10":"product_tag-tag_930","12":"first","13":"instock","14":"taxable","15":"shipping-taxable","16":"purchasable","17":"product-type-simple"},"_links":{"self":[{"href":"https:\/\/bigbuy.tupique.com\/pt\/wp-json\/wp\/v2\/product\/68469","targetHints":{"allow":["GET"]}}],"collection":[{"href":"https:\/\/bigbuy.tupique.com\/pt\/wp-json\/wp\/v2\/product"}],"about":[{"href":"https:\/\/bigbuy.tupique.com\/pt\/wp-json\/wp\/v2\/types\/product"}],"replies":[{"embeddable":true,"href":"https:\/\/bigbuy.tupique.com\/pt\/wp-json\/wp\/v2\/comments?post=68469"}],"wp:featuredmedia":[{"embeddable":true,"href":"https:\/\/bigbuy.tupique.com\/pt\/wp-json\/wp\/v2\/media\/68468"}],"wp:attachment":[{"href":"https:\/\/bigbuy.tupique.com\/pt\/wp-json\/wp\/v2\/media?parent=68469"}],"wp:term":[{"taxonomy":"product_brand","embeddable":true,"href":"https:\/\/bigbuy.tupique.com\/pt\/wp-json\/wp\/v2\/product_brand?post=68469"},{"taxonomy":"product_cat","embeddable":true,"href":"https:\/\/bigbuy.tupique.com\/pt\/wp-json\/wp\/v2\/product_cat?post=68469"},{"taxonomy":"product_tag","embeddable":true,"href":"https:\/\/bigbuy.tupique.com\/pt\/wp-json\/wp\/v2\/product_tag?post=68469"}],"curies":[{"name":"wp","href":"https:\/\/api.w.org\/{rel}","templated":true}]}}